{"id":119743,"date":"2025-12-23T00:00:00","date_gmt":"2025-12-22T23:00:00","guid":{"rendered":"https:\/\/gpl-love.com\/fr\/produit\/envira-gallery-password-protection-addon\/"},"modified":"2026-03-20T23:04:19","modified_gmt":"2026-03-20T22:04:19","slug":"envira-gallery-password-protection-addon","status":"publish","type":"product","link":"https:\/\/gpl-love.com\/fr\/produit\/envira-gallery-password-protection-addon\/","title":{"rendered":"Envira Gallery Password Protection Addon 1.5.0"},"content":{"rendered":"<h3>Envira Gallery Password Protection Addon Traits<\/h3>\n<p>L&rsquo;utilisation de l&rsquo;addon de protection par mot de passe de la galerie Envira est un m\u00e9canisme extr\u00eamement efficace qui fournit un moyen robuste et s\u00e9curis\u00e9 pour prot\u00e9ger vos galeries en ligne. Cet outil remarquable vous permet d&rsquo;imposer des restrictions \u00e0 l&rsquo;accessibilit\u00e9 de vos galeries en utilisant un mot de passe, garantissant ainsi que seules les personnes ayant l&rsquo;autorisation requise ont le privil\u00e8ge de les r\u00e9gler. Faire sur mesure pour les photographes, les artistes et les individus cherchant \u00e0 maintenir la vie priv\u00e9e ou l&rsquo;exclusivit\u00e9 de leur contenu visuel, cet addon s&rsquo;av\u00e8re \u00eatre un atout indispensable. De plus, gr\u00e2ce \u00e0 son interface conviviale, on peut \u00e9tablir sans effort une galerie fortifi\u00e9e par un mot de passe et personnaliser davantage l&rsquo;\u00e9cran de connexion. De plus, il sert de centre pratique pour g\u00e9rer et diffuser une multitude de galeries, chacune prot\u00e9g\u00e9 par un mot de passe distinct. Il est r\u00e9volu le temps o\u00f9 la sauvegarde de vos galeries en ligne a pos\u00e9 un d\u00e9fi, car l&rsquo;addon de protection de mot de passe de la galerie Envira d\u00e9passe les attentes en offrant une facilit\u00e9 et une commodit\u00e9 in\u00e9gal\u00e9es.<\/p>\n<ul>\n<li>Intregate de mani\u00e8re transparente \u00e0 la galerie Envira pour fournir une protection par mot de passe pour vos galeries<\/li>\n<li>Vous permet de d\u00e9finir des mots de passe uniques pour chaque galerie ou d&rsquo;utiliser un seul mot de passe pour plusieurs galeries<\/li>\n<li>Page d&rsquo;invite de mot de passe personnalisable pour correspondre \u00e0 la marque de votre site Web<\/li>\n<li>Facile \u00e0 utiliser et \u00e0 configurer avec des options de param\u00e8tres simples<\/li>\n<li>Fournit une couche de s\u00e9curit\u00e9 suppl\u00e9mentaire pour vos galeries, limitant l&rsquo;acc\u00e8s uniquement \u00e0 ceux qui ont le mot de passe<\/li>\n<li>Compatible avec tous les addons et th\u00e8mes de la galerie Envira<\/li>\n<li>Fournit un moyen pratique de partager des galeries priv\u00e9es avec certains clients, amis ou membres de la famille<\/li>\n<li>Enti\u00e8rement r\u00e9actif et adapt\u00e9 aux mobiles, assurant une exp\u00e9rience utilisateur transparente sur tous les appareils.<\/li>\n<\/ul>\n","protected":false},"excerpt":{"rendered":"<p>L&rsquo;addon de protection par mot de passe de la galerie Envira poss\u00e8de une capacit\u00e9 impressionnante et formidable, dans laquelle il vous permet de fortifier et de prot\u00e9ger votre gamme de galeries d&rsquo;images captivantes gr\u00e2ce \u00e0 la mise en \u0153uvre de mesures de protection de mot de passe strictes. Avec cet \u00e9tonnant addon, vous \u00eates accord\u00e9 \u00e0 la capacit\u00e9 remarquable d&rsquo;imposer sans effort des limitations \u00e0 l&rsquo;accessibilit\u00e9 \u00e0 vos galeries, accordant ainsi un acc\u00e8s in\u00e9gal\u00e9 et exclusif uniquement \u00e0 votre client\u00e8le estim\u00e9e, \u00e0 des clients appr\u00e9ci\u00e9s ou \u00e0 des membres estim\u00e9s de votre communaut\u00e9 distingu\u00e9e. La fonction de protection par mot de passe, qui est parfaitement int\u00e9gr\u00e9e dans les fonctionnalit\u00e9s multiformes de l&rsquo;addon, peut \u00eatre configur\u00e9e et personnalis\u00e9e sans effort, garantissant ainsi que seules les personnes estim\u00e9es qui poss\u00e8dent le mot de passe correct ont le privil\u00e8ge de voir la splendeur visuelle encapsul\u00e9e dans vos images m\u00e9ticuleusement organis\u00e9es. Que vous soyez un virtuose en possession d&rsquo;un portefeuille fascinant d&rsquo;\u0153uvres impressionnantes ou d&rsquo;un gardien consciencieux cherchant \u00e0 prot\u00e9ger et \u00e0 pr\u00e9server l&rsquo;int\u00e9grit\u00e9 de la protection de la protection de la galerie de vos clients estim\u00e9s, le comptoir de la protection de la galerie Envira Galler Tous les autres pr\u00e9tendants \u00e0 ses prouesses in\u00e9gal\u00e9es et \u00e0 l&rsquo;efficacit\u00e9 r\u00e9solue.<\/p>\n","protected":false},"featured_media":143766,"comment_status":"open","ping_status":"open","template":"","meta":[],"product_brand":[2538],"product_cat":[1189,1181,1186],"product_tag":[2281],"class_list":{"0":"post-119743","1":"product","2":"type-product","3":"status-publish","4":"has-post-thumbnail","6":"product_brand-envira-gallery","7":"product_cat-personnalisation","8":"product_cat-plugins","9":"product_cat-wordpress-plugins","10":"product_tag-envira-gallery","11":"member-discount","12":"discount-restricted","14":"first","15":"instock","16":"sale","17":"downloadable","18":"virtual","19":"sold-individually","20":"purchasable","21":"product-type-simple"},"_links":{"self":[{"href":"https:\/\/gpl-love.com\/fr\/wp-json\/wp\/v2\/product\/119743","targetHints":{"allow":["GET"]}}],"collection":[{"href":"https:\/\/gpl-love.com\/fr\/wp-json\/wp\/v2\/product"}],"about":[{"href":"https:\/\/gpl-love.com\/fr\/wp-json\/wp\/v2\/types\/product"}],"replies":[{"embeddable":true,"href":"https:\/\/gpl-love.com\/fr\/wp-json\/wp\/v2\/comments?post=119743"}],"wp:featuredmedia":[{"embeddable":true,"href":"https:\/\/gpl-love.com\/fr\/wp-json\/wp\/v2\/media\/143766"}],"wp:attachment":[{"href":"https:\/\/gpl-love.com\/fr\/wp-json\/wp\/v2\/media?parent=119743"}],"wp:term":[{"taxonomy":"product_brand","embeddable":true,"href":"https:\/\/gpl-love.com\/fr\/wp-json\/wp\/v2\/product_brand?post=119743"},{"taxonomy":"product_cat","embeddable":true,"href":"https:\/\/gpl-love.com\/fr\/wp-json\/wp\/v2\/product_cat?post=119743"},{"taxonomy":"product_tag","embeddable":true,"href":"https:\/\/gpl-love.com\/fr\/wp-json\/wp\/v2\/product_tag?post=119743"}],"curies":[{"name":"wp","href":"https:\/\/api.w.org\/{rel}","templated":true}]}}