{"id":119741,"date":"2024-08-03T00:00:00","date_gmt":"2024-08-02T22:00:00","guid":{"rendered":"https:\/\/gpl-love.com\/fr\/produit\/envira-gallery-pagination-addon\/"},"modified":"2026-03-20T23:04:18","modified_gmt":"2026-03-20T22:04:18","slug":"envira-gallery-pagination-addon","status":"publish","type":"product","link":"https:\/\/gpl-love.com\/fr\/produit\/envira-gallery-pagination-addon\/","title":{"rendered":"Envira Gallery Pagination Addon 1.8.7"},"content":{"rendered":"<h3>Envira Gallery Pagination Addon Traits<\/h3>\n<p>L&rsquo;addon de pagination de la galerie Envira, qui sert d&rsquo;outil tr\u00e8s puissant, am\u00e9liore efficacement l&rsquo;exp\u00e9rience utilisateur globale en leur offrant la commodit\u00e9 de naviguer de mani\u00e8re transparente dans les galeries. Ce plugin, m\u00e9ticuleusement con\u00e7u avec l&rsquo;intention de fragmenter sans effort, de nombreuses galeries en pages plus g\u00e9rables et plus petites, facilite consid\u00e9rablement le processus de localisation des images sp\u00e9cifiques que les visiteurs peuvent rechercher. Gr\u00e2ce \u00e0 l&rsquo;utilisation de cet addon, les utilisateurs ont la capacit\u00e9 de personnaliser la quantit\u00e9 d&rsquo;images pr\u00e9sent\u00e9es par page, ainsi que de dicter le style de navigation et les \u00e9tiquettes pr\u00e9f\u00e9r\u00e9s. Le processus de navigation est rendu extr\u00eamement facile car les utilisateurs peuvent traverser sans effort les pages en utilisant des liens de pagination ou en alternativement en utilisant un bouton \u00ab\u00a0Chargez plus\u00a0\u00bb. De plus, il est primordial de reconna\u00eetre que cet addon est pleinement r\u00e9actif, garantissant ainsi que vos galeries pr\u00e9sentent une apparence esth\u00e9tiquement agr\u00e9able sur tous les appareils. Par cons\u00e9quent, en incorporant l&rsquo;addon de pagination de la galerie Envira dans votre r\u00e9pertoire, vous pouvez cr\u00e9er sans effort une exp\u00e9rience de galerie notamment plus conviviale et satisfaisante pour vos visiteurs estim\u00e9s.<\/p>\n<ul>\n<li>Permet aux utilisateurs d&rsquo;ajouter facilement une pagination \u00e0 leur galerie Envira<\/li>\n<li>Fournit un moyen pratique de diviser les grandes galeries en pages plus petites et plus g\u00e9rables<\/li>\n<li>Styles de pagination personnalisables pour correspondre \u00e0 l&rsquo;apparence de tout site Web<\/li>\n<li>Offre aux visiteurs une exp\u00e9rience de navigation plus rationalis\u00e9e et organis\u00e9e<\/li>\n<li>Compatible avec tous les addons et extensions de la galerie Envira<\/li>\n<li>Processus d&rsquo;installation et de configuration simple pour une utilisation sans tracas<\/li>\n<li>Offre une am\u00e9lioration des performances du site Web en r\u00e9duisant le temps de chargement des galeries plus grandes<\/li>\n<li>Augmente l&rsquo;engagement des utilisateurs en encourageant les visiteurs \u00e0 parcourir plus de votre contenu<\/li>\n<li>Fournit une documentation d\u00e9taill\u00e9e et un support client pour assurer une impl\u00e9mentation et une utilisation r\u00e9ussies<\/li>\n<li>RECLARMAGE MISE \u00c0 JOUR AVEC NOUVELLES FONCTIONNEMENTS ET DE LA MISES \u00c0 JOUR DE COMPATIBILIT\u00c9 Pour assurer les meilleures performances possibles.<\/li>\n<\/ul>\n","protected":false},"excerpt":{"rendered":"<p>L&rsquo;addon de pagination de la galerie Envira, un plugin tr\u00e8s pratique con\u00e7u sp\u00e9cifiquement pour les sites WordPress, accorde aux utilisateurs la possibilit\u00e9 d&rsquo;int\u00e9grer de mani\u00e8re transparente la pagination dans leurs galeries de photos. En utilisant cet outil exceptionnel, les individus acqui\u00e8rent le pouvoir de partitionner leurs galeries en plusieurs pages, am\u00e9liorant ainsi la pr\u00e9sentation visuelle globale et en l&rsquo;impr\u00e9gnant un plus grand sens de l&rsquo;organisation. En tant que d\u00e9licieux bonus, cet addon propose \u00e9galement un assortiment de boutons de navigation personnalisables, garantissant que les utilisateurs ont la libert\u00e9 d&rsquo;adapter leurs galeries \u00e0 leurs sp\u00e9cifications pr\u00e9cises. De plus, les utilisateurs ont le luxe de d\u00e9terminer le nombre d&rsquo;images \u00e0 afficher par page, augmentant davantage la flexibilit\u00e9 et le contr\u00f4le qu&rsquo;ils poss\u00e8dent. Que le site Web soit une plate-forme de portefeuille, un emporium de commerce \u00e9lectronique, ou simplement un centre offrant une collection substantielle de photographies captivantes, ce plugin s&rsquo;av\u00e8re \u00eatre un atout inestimable. N&rsquo;h\u00e9sitez plus; Saisissez l&rsquo;opportunit\u00e9 de ressentir ces avantages remarquables pour vous-m\u00eame et regardez vos galeries devenir infiniment plus g\u00e9rables et conviviales!<\/p>\n","protected":false},"featured_media":143765,"comment_status":"open","ping_status":"open","template":"","meta":[],"product_brand":[2538],"product_cat":[1189,1181,1186],"product_tag":[2281],"class_list":{"0":"post-119741","1":"product","2":"type-product","3":"status-publish","4":"has-post-thumbnail","6":"product_brand-envira-gallery","7":"product_cat-personnalisation","8":"product_cat-plugins","9":"product_cat-wordpress-plugins","10":"product_tag-envira-gallery","11":"member-discount","12":"discount-restricted","14":"first","15":"instock","16":"sale","17":"downloadable","18":"virtual","19":"sold-individually","20":"purchasable","21":"product-type-simple"},"_links":{"self":[{"href":"https:\/\/gpl-love.com\/fr\/wp-json\/wp\/v2\/product\/119741","targetHints":{"allow":["GET"]}}],"collection":[{"href":"https:\/\/gpl-love.com\/fr\/wp-json\/wp\/v2\/product"}],"about":[{"href":"https:\/\/gpl-love.com\/fr\/wp-json\/wp\/v2\/types\/product"}],"replies":[{"embeddable":true,"href":"https:\/\/gpl-love.com\/fr\/wp-json\/wp\/v2\/comments?post=119741"}],"wp:featuredmedia":[{"embeddable":true,"href":"https:\/\/gpl-love.com\/fr\/wp-json\/wp\/v2\/media\/143765"}],"wp:attachment":[{"href":"https:\/\/gpl-love.com\/fr\/wp-json\/wp\/v2\/media?parent=119741"}],"wp:term":[{"taxonomy":"product_brand","embeddable":true,"href":"https:\/\/gpl-love.com\/fr\/wp-json\/wp\/v2\/product_brand?post=119741"},{"taxonomy":"product_cat","embeddable":true,"href":"https:\/\/gpl-love.com\/fr\/wp-json\/wp\/v2\/product_cat?post=119741"},{"taxonomy":"product_tag","embeddable":true,"href":"https:\/\/gpl-love.com\/fr\/wp-json\/wp\/v2\/product_tag?post=119741"}],"curies":[{"name":"wp","href":"https:\/\/api.w.org\/{rel}","templated":true}]}}