{"id":119737,"date":"2024-02-14T00:00:00","date_gmt":"2024-02-13T23:00:00","guid":{"rendered":"https:\/\/gpl-love.com\/fr\/produit\/envira-gallery-lightroom-addon\/"},"modified":"2026-03-20T23:04:15","modified_gmt":"2026-03-20T22:04:15","slug":"envira-gallery-lightroom-addon","status":"publish","type":"product","link":"https:\/\/gpl-love.com\/fr\/produit\/envira-gallery-lightroom-addon\/","title":{"rendered":"Envira Gallery Lightroom Addon 2.3.5"},"content":{"rendered":"<h3>Envira Gallery Lightroom Addon Traits<\/h3>\n<p>L&rsquo;addon Lightroom de la galerie Envira, un outil exceptionnellement robuste s&rsquo;adress\u00e9 aux photographes cherchant \u00e0 optimiser leur flux de travail et \u00e0 acc\u00e9l\u00e9rer le processus d&rsquo;organisation et de distribution de leurs cr\u00e9ations visuelles, se r\u00e9v\u00e8le \u00eatre un atout formidable. S&rsquo;int\u00e9grant de mani\u00e8re transparente \u00e0 Adobe Lightroom, ce plugin donne aux utilisateurs la possibilit\u00e9 de construire sans effort des galeries et des albums exquis, qui peuvent tous deux \u00eatre diffus\u00e9s sans effort sur des sites Web personnels ou des plateformes de m\u00e9dias sociaux. Gr\u00e2ce \u00e0 une interface conviviale qui poss\u00e8de une fonctionnalit\u00e9 simpliste de glisser-d\u00e9poser, les individus peuvent facilement compl\u00e9ter leurs galeries avec des photographies personnalis\u00e9es, tout en personnalisant la mise en page et en appliquant un assortiment de filtres et d&rsquo;effets, tous destin\u00e9s \u00e0 se terminer dans une touche visuelle vitrine de leurs efforts artistiques. En outre, cet addon poss\u00e8de un \u00e9ventail de capacit\u00e9s avanc\u00e9es, y compris le filigrane, la protection d&rsquo;image et la marque personnalis\u00e9e, ce qui le rend un outil indispensable pour les photographes professionnels aspirant \u00e0 pr\u00e9senter leur travail de mani\u00e8re captivante et s\u00e9curis\u00e9e en ligne.<\/p>\n<ul>\n<li>L&rsquo;addon Lightroom de la galerie Envira est con\u00e7u pour am\u00e9liorer votre flux de travail avec Lightroom en ajoutant un puissant outil de cr\u00e9ation de galerie directement dans votre interface Lightroom.<\/li>\n<li>Avec l&rsquo;addon, vous pouvez facilement cr\u00e9er et g\u00e9rer de belles galeries personnalis\u00e9es qui pr\u00e9sentent vos photos sous la meilleure lumi\u00e8re possible.<\/li>\n<li>L&rsquo;addon propose une gamme de fonctionnalit\u00e9s intuitives, y compris la cr\u00e9ation de galeries glisser-d\u00e9poser, le tri et la s\u00e9lection d&rsquo;images faciles et les param\u00e8tres de galerie personnalisables pour vous assurer que vos galeries ressemblent toujours exactement \u00e0 ce que vous voulez.<\/li>\n<li>Vous pouvez m\u00eame cr\u00e9er des galeries r\u00e9actives qui s&rsquo;adaptent \u00e0 n&rsquo;importe quelle taille d&rsquo;\u00e9cran ou appareil mobile, donc vos photos sont toujours \u00e0 leur meilleur sur n&rsquo;importe quelle plate-forme.<\/li>\n<li>L&rsquo;addon est compatible avec Lightroom Classic et Lightroom CC, donc quelle que soit la version de Lightroom que vous utilisez, vous pouvez profiter de ses puissantes capacit\u00e9s de construction de galeries.<\/li>\n<li>Que vous soyez un photographe qui cherche \u00e0 pr\u00e9senter votre travail en ligne ou que vous avez simplement besoin d&rsquo;un moyen facile de cr\u00e9er de superbes galeries de photos, l&rsquo;addon Lightroom de la galerie Envira est la solution parfaite.<\/li>\n<\/ul>\n","protected":false},"excerpt":{"rendered":"<p>L&rsquo;addon Lightroom de la galerie Envira est un outil incroyablement puissant et efficace, accordant aux photographes la possibilit\u00e9 de transf\u00e9rer de mani\u00e8re transparente et directement transf\u00e9r\u00e9 leurs images m\u00e9ticuleusement captur\u00e9es et \u00e9dit\u00e9es du c\u00e9l\u00e8bre logiciel Lightroom vers leur site Web de galerie Envira personnalis\u00e9e et visuellement captivante. Cet addon tr\u00e8s efficace et comp\u00e9tent simplifie magnifiquement le processus ardu et long en effacant la n\u00e9cessit\u00e9 d&rsquo;exporter minutieusement et de t\u00e9l\u00e9charger ensuite des images individuelles de mani\u00e8re distincte. De plus, cet addon remarquable confonde les photographes de l&rsquo;avantage inestimable de la cat\u00e9gorisation et du marquage sans effort et de marquer leurs chefs-d&rsquo;\u0153uvre exceptionnels, leur permettant ainsi d&rsquo;organiser et de montrer et de montrer leur travail impressionnant et impartement dignes de mani\u00e8re experte sur leur site Web d\u00e9di\u00e9. En substance, l&rsquo;addon Lightroom de la galerie Envira repr\u00e9sente la solution par excellence pour tous les photographes exigeants aspirant \u00e0 rationaliser et \u00e0 optimiser consid\u00e9rablement leur flux de travail orient\u00e9 galerie en ligne.<\/p>\n","protected":false},"featured_media":143763,"comment_status":"open","ping_status":"open","template":"","meta":[],"product_brand":[2538],"product_cat":[1189,1181,1186],"product_tag":[2281],"class_list":{"0":"post-119737","1":"product","2":"type-product","3":"status-publish","4":"has-post-thumbnail","6":"product_brand-envira-gallery","7":"product_cat-personnalisation","8":"product_cat-plugins","9":"product_cat-wordpress-plugins","10":"product_tag-envira-gallery","11":"member-discount","12":"discount-restricted","14":"first","15":"instock","16":"sale","17":"downloadable","18":"virtual","19":"sold-individually","20":"purchasable","21":"product-type-simple"},"_links":{"self":[{"href":"https:\/\/gpl-love.com\/fr\/wp-json\/wp\/v2\/product\/119737","targetHints":{"allow":["GET"]}}],"collection":[{"href":"https:\/\/gpl-love.com\/fr\/wp-json\/wp\/v2\/product"}],"about":[{"href":"https:\/\/gpl-love.com\/fr\/wp-json\/wp\/v2\/types\/product"}],"replies":[{"embeddable":true,"href":"https:\/\/gpl-love.com\/fr\/wp-json\/wp\/v2\/comments?post=119737"}],"wp:featuredmedia":[{"embeddable":true,"href":"https:\/\/gpl-love.com\/fr\/wp-json\/wp\/v2\/media\/143763"}],"wp:attachment":[{"href":"https:\/\/gpl-love.com\/fr\/wp-json\/wp\/v2\/media?parent=119737"}],"wp:term":[{"taxonomy":"product_brand","embeddable":true,"href":"https:\/\/gpl-love.com\/fr\/wp-json\/wp\/v2\/product_brand?post=119737"},{"taxonomy":"product_cat","embeddable":true,"href":"https:\/\/gpl-love.com\/fr\/wp-json\/wp\/v2\/product_cat?post=119737"},{"taxonomy":"product_tag","embeddable":true,"href":"https:\/\/gpl-love.com\/fr\/wp-json\/wp\/v2\/product_tag?post=119737"}],"curies":[{"name":"wp","href":"https:\/\/api.w.org\/{rel}","templated":true}]}}