{"id":119733,"date":"2023-11-10T00:00:00","date_gmt":"2023-11-09T23:00:00","guid":{"rendered":"https:\/\/gpl-love.com\/fr\/produit\/envira-gallery-gallery-themes-addon\/"},"modified":"2026-03-20T23:04:13","modified_gmt":"2026-03-20T22:04:13","slug":"envira-gallery-gallery-themes-addon","status":"publish","type":"product","link":"https:\/\/gpl-love.com\/fr\/produit\/envira-gallery-gallery-themes-addon\/","title":{"rendered":"Envira Gallery Gallery Themes Addon 2.0.6"},"content":{"rendered":"<h3>Envira Gallery Gallery Themes Addon Traits<\/h3>\n<p>L&rsquo;Addon de th\u00e8mes de la galerie de la galerie Envira, un outil tr\u00e8s louable, sert d&rsquo;instrument exceptionnel pour am\u00e9liorer l&rsquo;exp\u00e9rience utilisateur globale de votre galerie WordPress. En adoptant cet addon, vous gagnez la possibilit\u00e9 d&rsquo;incorporer un large \u00e9ventail de th\u00e8mes de galerie con\u00e7ues experts dans votre site WordPress, simplifiant ainsi le processus de pr\u00e9sentation de vos photos et images captivantes de mani\u00e8re esth\u00e9tique et captivante visuellement. De plus, ces th\u00e8mes sont enti\u00e8rement personnalisables, vous offrant la possibilit\u00e9 de les modifier sans effort pour s&rsquo;aligner sur l&rsquo;identit\u00e9 ou le style unique de votre marque. De plus, l&rsquo;installation et l&rsquo;utilisation de cet addon sont \u00e0 la fois sans effort et conviviales, ce qui le rend un excellent choix pour les novices et les utilisateurs de WordPress assaisonn\u00e9s. Que vous vous identifiiez en tant que photographe, artiste ou blogueur, l&rsquo;addon de The Envira Gallery Gallery Th\u00e8mes \u00e9merge sans aucun doute comme une s\u00e9lection exemplaire pour fabriquer des galeries remarquables et pr\u00e9senter efficacement vos prouesses artistiques de la mani\u00e8re la plus avantageuse concevable.<\/p>\n<ul>\n<li>Les th\u00e8mes de galerie de la galerie Envira sont un outil puissant pour am\u00e9liorer l&rsquo;attrait visuel de vos galeries de photos.<\/li>\n<li>Cet addon vous permet de choisir parmi un large \u00e9ventail de th\u00e8mes con\u00e7us par des professionnels qui ne seront pas s\u00fbrs de d\u00e9marrer vos photos.<\/li>\n<li>Avec des options simples pour personnaliser les couleurs, les bordures et plus encore, vous pouvez cr\u00e9er une superbe galerie qui compl\u00e8te parfaitement votre site Web ou votre blog.<\/li>\n<li>Les th\u00e8mes sont pleinement r\u00e9actifs, ce qui signifie qu&rsquo;ils auront fi\u00e8re allure sur tous les appareils, et les images et les graphiques de haute qualit\u00e9 garantissent une finition professionnelle.<\/li>\n<li>Avec une vari\u00e9t\u00e9 de th\u00e8mes \u00e0 choisir, vous \u00eates s\u00fbr d&rsquo;en trouver un qui correspond \u00e0 votre style et r\u00e9pond \u00e0 vos besoins.<\/li>\n<li>Que vous soyez photographe, blogueur ou concepteur de sites Web, les th\u00e8mes de galerie de galerie Envira Addon sont un outil essentiel pour cr\u00e9er de belles galeries de photos engageantes qui pr\u00e9senteront votre travail de la meilleure fa\u00e7on possible.<\/li>\n<\/ul>\n","protected":false},"excerpt":{"rendered":"<p>L&rsquo;addon de th\u00e8mes de Gallery Gallery Gallery est un outil exceptionnellement robuste qui permet aux utilisateurs de personnaliser leurs galeries de photos avec un assortiment d&rsquo;options distinctives et \u00e0 couper le souffle. Offrant une pl\u00e9thore de th\u00e8mes de galerie pr\u00e9-con\u00e7us, cet addon facilite la cr\u00e9ation rapide et sans effort d&rsquo;une vitrine d&rsquo;image polie et sophistiqu\u00e9e qui s&rsquo;harmonise parfaitement avec l&rsquo;esth\u00e9tique et l&rsquo;ambiance de son site Web. Que vous soyez un blogueur d\u00e9vou\u00e9, un photographe professionnel chevronn\u00e9 ou un entrepreneur en ligne avis\u00e9, cet addon remarquable sert de support ultime pour pr\u00e9senter vos efforts artistiques d&rsquo;une mani\u00e8re qui n&rsquo;est pas seulement captivante visuellement mais aussi remarquablement captivante. Ainsi, pourquoi retarder plus longtemps? Embrassez la Marvel qui est l&rsquo;addon de th\u00e8mes de la galerie de la galerie Envira Gallery et \u00e9levez votre exposition visuelle \u00e0 des hauteurs in\u00e9gal\u00e9es!<\/p>\n","protected":false},"featured_media":143761,"comment_status":"open","ping_status":"open","template":"","meta":[],"product_brand":[2538],"product_cat":[1189,1181,1186],"product_tag":[2281],"class_list":{"0":"post-119733","1":"product","2":"type-product","3":"status-publish","4":"has-post-thumbnail","6":"product_brand-envira-gallery","7":"product_cat-personnalisation","8":"product_cat-plugins","9":"product_cat-wordpress-plugins","10":"product_tag-envira-gallery","11":"member-discount","12":"discount-restricted","14":"first","15":"instock","16":"sale","17":"downloadable","18":"virtual","19":"sold-individually","20":"purchasable","21":"product-type-simple"},"_links":{"self":[{"href":"https:\/\/gpl-love.com\/fr\/wp-json\/wp\/v2\/product\/119733","targetHints":{"allow":["GET"]}}],"collection":[{"href":"https:\/\/gpl-love.com\/fr\/wp-json\/wp\/v2\/product"}],"about":[{"href":"https:\/\/gpl-love.com\/fr\/wp-json\/wp\/v2\/types\/product"}],"replies":[{"embeddable":true,"href":"https:\/\/gpl-love.com\/fr\/wp-json\/wp\/v2\/comments?post=119733"}],"wp:featuredmedia":[{"embeddable":true,"href":"https:\/\/gpl-love.com\/fr\/wp-json\/wp\/v2\/media\/143761"}],"wp:attachment":[{"href":"https:\/\/gpl-love.com\/fr\/wp-json\/wp\/v2\/media?parent=119733"}],"wp:term":[{"taxonomy":"product_brand","embeddable":true,"href":"https:\/\/gpl-love.com\/fr\/wp-json\/wp\/v2\/product_brand?post=119733"},{"taxonomy":"product_cat","embeddable":true,"href":"https:\/\/gpl-love.com\/fr\/wp-json\/wp\/v2\/product_cat?post=119733"},{"taxonomy":"product_tag","embeddable":true,"href":"https:\/\/gpl-love.com\/fr\/wp-json\/wp\/v2\/product_tag?post=119733"}],"curies":[{"name":"wp","href":"https:\/\/api.w.org\/{rel}","templated":true}]}}