{"id":119731,"date":"2024-02-14T00:00:00","date_gmt":"2024-02-13T23:00:00","guid":{"rendered":"https:\/\/gpl-love.com\/fr\/produit\/envira-gallery-fullscreen-addon\/"},"modified":"2026-03-20T23:04:13","modified_gmt":"2026-03-20T22:04:13","slug":"envira-gallery-fullscreen-addon","status":"publish","type":"product","link":"https:\/\/gpl-love.com\/fr\/produit\/envira-gallery-fullscreen-addon\/","title":{"rendered":"Envira Gallery Fullscreen Addon 1.2.7"},"content":{"rendered":"<h3>Envira Gallery Fullscreen Addon Traits<\/h3>\n<p>L&rsquo;Addon Fulccreen Gallery Envira Gallery, un outil vraiment impressionnant, a \u00e9t\u00e9 sp\u00e9cialement con\u00e7u pour aider les photographes, les concepteurs et les propri\u00e9taires de sites Web dans la pr\u00e9sentation de leurs images d&rsquo;une mani\u00e8re incroyablement captivante et captivante. Cet addon remarquable s&rsquo;int\u00e8gre parfaitement au plugin de la galerie Envira, accordant aux utilisateurs la possibilit\u00e9 de convertir sans effort n&rsquo;importe quelle galerie en un \u00e9cran visuellement frappant et expansif avec juste une poign\u00e9e de clics. B\u00e9n\u00e9ficiant d&rsquo;un design \u00e9l\u00e9gant et contemporain, l&rsquo;addon plein \u00e9cran offre une exp\u00e9rience de visionnement extraordinaire pour les visiteurs, leur offrant la possibilit\u00e9 d&rsquo;observer des images dans une r\u00e9solution remarquablement \u00e9lev\u00e9e, tout en restant b\u00e9atement non perturb\u00e9 par toutes les distractions emb\u00eatantes. En outre, cet addon pr\u00e9sente une myriade d&rsquo;options personnalisables, y compris, mais sans s&rsquo;y limiter, la navigation en plein \u00e9cran, les effets Lightbox et m\u00eame les commandes de clavier, garantissant ainsi que l&rsquo;\u00e9cran peut \u00eatre adapt\u00e9 sans effort pour r\u00e9pondre avec pr\u00e9cision aux exigences uniques de tout projet donn\u00e9. Que son intention soit de pr\u00e9senter brillamment un portefeuille, d&rsquo;accentuer leur travail ou simplement de pr\u00e9senter des images de la mani\u00e8re la plus exceptionnelle imaginable, l&rsquo;addon complet de la galerie Envira Gallery est incontestablement comme un outil indispensable qui offre constamment des r\u00e9sultats vraiment \u00e9poustouflants et impressionnants \u00e0 chaque occasion.<\/p>\n<ul>\n<li>Permet l&rsquo;affichage plein \u00e9cran des images de la galerie Envira<\/li>\n<li>Offre une exp\u00e9rience de visualisation immersive pour les utilisateurs<\/li>\n<li>Options d&rsquo;affichage personnalisables pour le mode plein \u00e9cran<\/li>\n<li>Facile \u00e0 utiliser et \u00e0 installer avec Envira Gallery<\/li>\n<li>Compatible avec plusieurs appareils et plateformes<\/li>\n<li>Augmente l&rsquo;engagement des utilisateurs et l&rsquo;interaction avec les images<\/li>\n<li>Parfait pour pr\u00e9senter des portefeuilles de photographie et des galeries<\/li>\n<li>La conception r\u00e9active garantit une exp\u00e9rience de visualisation optimale sur n&rsquo;importe quelle taille d&rsquo;\u00e9cran<\/li>\n<li>Option pour ajouter des l\u00e9gendes ou des descriptions d\u00e9taill\u00e9es d&rsquo;images en mode plein \u00e9cran<\/li>\n<li>Peut \u00eatre int\u00e9gr\u00e9 \u00e0 d&rsquo;autres addons de la galerie Envira pour des fonctionnalit\u00e9s suppl\u00e9mentaires.<\/li>\n<\/ul>\n","protected":false},"excerpt":{"rendered":"<p>Si vous \u00eates \u00e0 la recherche d&rsquo;une m\u00e9thode exceptionnelle pour montrer vos photos et images dans un affichage impressionnant et global, alors l&rsquo;addon plein \u00e9cran de la galerie Envira est pr\u00e9cis\u00e9ment ce dont vous avez besoin. En utilisant ce plugin convivial, vous aurez la possibilit\u00e9 d&rsquo;incorporer sans effort des galeries compl\u00e8tes et de haut niveau dans votre site Web ou blog, offrant ainsi \u00e0 vos visiteurs une exp\u00e9rience de visualisation immersive et captivante. Que vous poss\u00e9diez des comp\u00e9tences en photographie professionnelle, des talents artistiques ou que vous ayez simplement le d\u00e9sir de partager vos images captivantes avec la communaut\u00e9 mondiale, l&rsquo;addon plein \u00e9cran de la galerie Envira est l&rsquo;instrument par excellence qui vous aidera \u00e0 atteindre ces objectifs. Par cons\u00e9quent, pourquoi retarder davantage? Passez pas de temps et proc\u00e9dez \u00e0 t\u00e9l\u00e9charger cet outil extraordinaire aujourd&rsquo;hui, en commen\u00e7ant votre voyage de partage de ces images extraordinaires avec le monde entier!<\/p>\n","protected":false},"featured_media":143760,"comment_status":"open","ping_status":"open","template":"","meta":[],"product_brand":[2538],"product_cat":[1189,1181,1186],"product_tag":[2281],"class_list":{"0":"post-119731","1":"product","2":"type-product","3":"status-publish","4":"has-post-thumbnail","6":"product_brand-envira-gallery","7":"product_cat-personnalisation","8":"product_cat-plugins","9":"product_cat-wordpress-plugins","10":"product_tag-envira-gallery","11":"member-discount","12":"discount-restricted","14":"first","15":"instock","16":"sale","17":"downloadable","18":"virtual","19":"sold-individually","20":"purchasable","21":"product-type-simple"},"_links":{"self":[{"href":"https:\/\/gpl-love.com\/fr\/wp-json\/wp\/v2\/product\/119731","targetHints":{"allow":["GET"]}}],"collection":[{"href":"https:\/\/gpl-love.com\/fr\/wp-json\/wp\/v2\/product"}],"about":[{"href":"https:\/\/gpl-love.com\/fr\/wp-json\/wp\/v2\/types\/product"}],"replies":[{"embeddable":true,"href":"https:\/\/gpl-love.com\/fr\/wp-json\/wp\/v2\/comments?post=119731"}],"wp:featuredmedia":[{"embeddable":true,"href":"https:\/\/gpl-love.com\/fr\/wp-json\/wp\/v2\/media\/143760"}],"wp:attachment":[{"href":"https:\/\/gpl-love.com\/fr\/wp-json\/wp\/v2\/media?parent=119731"}],"wp:term":[{"taxonomy":"product_brand","embeddable":true,"href":"https:\/\/gpl-love.com\/fr\/wp-json\/wp\/v2\/product_brand?post=119731"},{"taxonomy":"product_cat","embeddable":true,"href":"https:\/\/gpl-love.com\/fr\/wp-json\/wp\/v2\/product_cat?post=119731"},{"taxonomy":"product_tag","embeddable":true,"href":"https:\/\/gpl-love.com\/fr\/wp-json\/wp\/v2\/product_tag?post=119731"}],"curies":[{"name":"wp","href":"https:\/\/api.w.org\/{rel}","templated":true}]}}