{"id":119729,"date":"2024-02-14T00:00:00","date_gmt":"2024-02-13T23:00:00","guid":{"rendered":"https:\/\/gpl-love.com\/fr\/produit\/envira-gallery-featured-content-addon\/"},"modified":"2026-03-20T23:04:12","modified_gmt":"2026-03-20T22:04:12","slug":"envira-gallery-featured-content-addon","status":"publish","type":"product","link":"https:\/\/gpl-love.com\/fr\/produit\/envira-gallery-featured-content-addon\/","title":{"rendered":"Envira Gallery Featured Content Addon 1.3.1"},"content":{"rendered":"<h3>Envira Gallery Featured Content Addon Traits<\/h3>\n<p>La galerie Envira comportait l&rsquo;addon de contenu se r\u00e9v\u00e8le \u00eatre un outil incroyablement robuste pour les utilisateurs de WordPress qui aspirent \u00e0 montrer leur contenu d&rsquo;une mani\u00e8re esth\u00e9tiquement captivante. Gr\u00e2ce \u00e0 l&rsquo;utilisation de cet addon, les utilisateurs peuvent fashion sans effort qui pr\u00e9sentent leur contenu le plus recherch\u00e9 et passionnant, et pr\u00e9senter ensuite ces galeries sur leur site Web. La vaste gamme de fonctionnalit\u00e9s personnalisables de l&rsquo;Addon permet aux utilisateurs de s\u00e9lectionner parmi une pl\u00e9thore d&rsquo;options de mise en page et de param\u00e8tres de conception, en fin de compte d&rsquo;une galerie qui r\u00e9pond parfaitement \u00e0 leurs exigences uniques. En outre, la galerie Envira comportait l&rsquo;addon de contenu poss\u00e8de une r\u00e9activit\u00e9 compl\u00e8te, garantissant que les galeries d\u00e9gagent l&rsquo;excellence visuelle quel que soit l&rsquo;appareil sur lequel ils sont vus. Que vous vous classiez comme un blogueur, un marketing ou un entrepreneur, cet addon sert de moyen exceptionnel pour montrer votre contenu d&rsquo;une mani\u00e8re qui capture instantan\u00e9ment l&rsquo;attention de votre public cible, les obligeant efficacement \u00e0 interagir avec votre marque.<\/p>\n<ul>\n<li>Permet aux utilisateurs de mettre en \u00e9vidence et d&rsquo;afficher un contenu sp\u00e9cifique de leur galerie Envira<\/li>\n<li>Comprend un widget personnalis\u00e9 qui peut \u00eatre ajout\u00e9 \u00e0 n&rsquo;importe quelle zone widgetised d&rsquo;un site Web<\/li>\n<li>Fournit un contr\u00f4le complet sur la mise en page et le style du contenu en vedette<\/li>\n<li>Permet aux utilisateurs de choisir le nombre d&rsquo;\u00e9l\u00e9ments \u00e0 afficher et dans quel ordre<\/li>\n<li>Fonctionne de mani\u00e8re transparente avec toutes les mises en page et mod\u00e8les de la galerie Envira<\/li>\n<li>L&rsquo;interface intuitive et conviviale fait de la configuration et de la gestion un jeu d&rsquo;enfant<\/li>\n<li>Id\u00e9al pour pr\u00e9senter des portefeuilles, des collections de produits et d&rsquo;autres contenus en vedette sur un site Web.<\/li>\n<\/ul>\n","protected":false},"excerpt":{"rendered":"<p>L&rsquo;Addon de contenu en vedette d&rsquo;envira est un outil incroyablement robuste et influent qui a \u00e9t\u00e9 m\u00e9ticuleusement con\u00e7u pour aider les propri\u00e9taires de sites WordPress dans la pr\u00e9sentation efficace et esth\u00e9tique de leur contenu le plus exceptionnel. Gr\u00e2ce \u00e0 son interface conviviale et \u00e0 sa vaste gamme de fonctionnalit\u00e9s personnalisables, les individus peuvent g\u00e9n\u00e9rer sans effort et rapidement des galeries et des diaporamas captivants visuellement qui accentuent leurs poteaux, pages ou produits pr\u00e9\u00e9minents et notables. Peu importe que son occupation tourne autour des blogs, du marketing ou de la possession d&rsquo;un magasin de commerce \u00e9lectronique, ce plugin sert de rem\u00e8de ultime pour incorporer un contenu dynamique et immersif sur leur site Web.<\/p>\n","protected":false},"featured_media":143759,"comment_status":"open","ping_status":"open","template":"","meta":[],"product_brand":[2538],"product_cat":[1189,1181,1186],"product_tag":[2281],"class_list":{"0":"post-119729","1":"product","2":"type-product","3":"status-publish","4":"has-post-thumbnail","6":"product_brand-envira-gallery","7":"product_cat-personnalisation","8":"product_cat-plugins","9":"product_cat-wordpress-plugins","10":"product_tag-envira-gallery","11":"member-discount","12":"discount-restricted","14":"first","15":"instock","16":"sale","17":"downloadable","18":"virtual","19":"sold-individually","20":"purchasable","21":"product-type-simple"},"_links":{"self":[{"href":"https:\/\/gpl-love.com\/fr\/wp-json\/wp\/v2\/product\/119729","targetHints":{"allow":["GET"]}}],"collection":[{"href":"https:\/\/gpl-love.com\/fr\/wp-json\/wp\/v2\/product"}],"about":[{"href":"https:\/\/gpl-love.com\/fr\/wp-json\/wp\/v2\/types\/product"}],"replies":[{"embeddable":true,"href":"https:\/\/gpl-love.com\/fr\/wp-json\/wp\/v2\/comments?post=119729"}],"wp:featuredmedia":[{"embeddable":true,"href":"https:\/\/gpl-love.com\/fr\/wp-json\/wp\/v2\/media\/143759"}],"wp:attachment":[{"href":"https:\/\/gpl-love.com\/fr\/wp-json\/wp\/v2\/media?parent=119729"}],"wp:term":[{"taxonomy":"product_brand","embeddable":true,"href":"https:\/\/gpl-love.com\/fr\/wp-json\/wp\/v2\/product_brand?post=119729"},{"taxonomy":"product_cat","embeddable":true,"href":"https:\/\/gpl-love.com\/fr\/wp-json\/wp\/v2\/product_cat?post=119729"},{"taxonomy":"product_tag","embeddable":true,"href":"https:\/\/gpl-love.com\/fr\/wp-json\/wp\/v2\/product_tag?post=119729"}],"curies":[{"name":"wp","href":"https:\/\/api.w.org\/{rel}","templated":true}]}}