{"id":119727,"date":"2024-08-03T00:00:00","date_gmt":"2024-08-02T22:00:00","guid":{"rendered":"https:\/\/gpl-love.com\/fr\/produit\/envira-gallery-exif-addon\/"},"modified":"2026-03-20T23:04:11","modified_gmt":"2026-03-20T22:04:11","slug":"envira-gallery-exif-addon","status":"publish","type":"product","link":"https:\/\/gpl-love.com\/fr\/produit\/envira-gallery-exif-addon\/","title":{"rendered":"Envira Gallery EXIF Addon 1.5.5"},"content":{"rendered":"<h3>Envira Gallery EXIF Addon Traits<\/h3>\n<p>La galerie Envira Exif Addon, un outil robuste, am\u00e9liore consid\u00e9rablement la fonctionnalit\u00e9 du plugin de la galerie Envira en offrant la capacit\u00e9 d&rsquo;exposer des donn\u00e9es EXIF \u200b\u200bpour chaque image individuelle d&rsquo;une galerie. Cet addon particulier est particuli\u00e8rement bien adapt\u00e9 aux photographes, aux artistes et aux professionnels, car il leur permet de pr\u00e9senter leur travail aux c\u00f4t\u00e9s de donn\u00e9es d&rsquo;image compl\u00e8tes. Les utilisateurs peuvent pr\u00e9senter les param\u00e8tres de la cam\u00e9ra, la distance focale, la vitesse d&rsquo;obturation, l&rsquo;ISO et divers autres d\u00e9tails d&rsquo;image vitaux gr\u00e2ce \u00e0 l&#8217;emploi de l&rsquo;addon de la galerie Envira Exif. De plus, cet addon poss\u00e8de un processus d&rsquo;installation sans tracas, ainsi qu&rsquo;une facilit\u00e9 d&rsquo;utilisation, tout en \u00e9tant enti\u00e8rement compatible avec tous les th\u00e8mes WordPress. Compte tenu de son interface intuitive et de ses fonctionnalit\u00e9s puissantes, la galerie Envira Exif Addon s&rsquo;av\u00e8re \u00eatre l&rsquo;outil par excellence pour fabriquer des galeries d&rsquo;images impressionnantes qui pr\u00e9sentent impeccablement la beaut\u00e9 complexe de chaque image.<\/p>\n<ul>\n<li>Permet aux photographes d&rsquo;afficher les donn\u00e9es EXIF \u200b\u200b(param\u00e8tres de la cam\u00e9ra, ISO, ouverture, etc.) pour chaque photo de leurs galeries Envira<\/li>\n<li>Am\u00e9liore l&rsquo;exp\u00e9rience utilisateur en fournissant des informations pr\u00e9cieuses pour les amateurs de photographie et les professionnels<\/li>\n<li>Facile \u00e0 installer et \u00e0 activer<\/li>\n<li>Intregate de mani\u00e8re transparente avec l&rsquo;interface de glisser-d\u00e9poser d&rsquo;Envira Gallery<\/li>\n<li>Personnalisez l&rsquo;affichage des donn\u00e9es EXIF \u200b\u200bpour s&rsquo;adapter \u00e0 l&rsquo;esth\u00e9tique et au style de votre galerie<\/li>\n<li>Aide \u00e0 promouvoir l&rsquo;engagement avec vos photos en fournissant un contexte suppl\u00e9mentaire et des d\u00e9tails techniques<\/li>\n<li>Compatible avec les versions gratuites et premium de la galerie Envira<\/li>\n<li>Fournit une fonctionnalit\u00e9 suppl\u00e9mentaire \u00e0 ceux qui cherchent \u00e0 pr\u00e9senter leur photographie de mani\u00e8re professionnelle et informative<\/li>\n<li>Mises \u00e0 jour et soutien r\u00e9guliers fournis par l&rsquo;\u00e9quipe de Gallery Envira pour assurer la compatibilit\u00e9 et les performances optimales.<\/li>\n<\/ul>\n","protected":false},"excerpt":{"rendered":"<p>La galerie Envira Exif Addon, qui est un outil tr\u00e8s puissant, accorde aux photographes la possibilit\u00e9 de montrer leurs photographies aux c\u00f4t\u00e9s de donn\u00e9es EXIF \u200b\u200bcompl\u00e8tes. En utilisant cet addon, les utilisateurs peuvent sans effort pr\u00e9senter des d\u00e9tails d&rsquo;image cruciaux tels que l&rsquo;ouverture, l&rsquo;ISO, la vitesse d&rsquo;obturation, l&#8217;emplacement et une myriade d&rsquo;autres attributs. Par cons\u00e9quent, cela le rend un atout inestimable pour les photographes qui aspirent \u00e0 afficher leurs visuels avec une transparence totale et \u00e0 fournir aux t\u00e9l\u00e9spectateurs des id\u00e9es inestimables. L&rsquo;installation et l&rsquo;utilisation de cet addon ne pose aucune difficult\u00e9 et s&rsquo;int\u00e8gre harmonieusement au plugin de la galerie Envira. Que l&rsquo;on soit un professionnel chevronn\u00e9 ou un passionn\u00e9 de passion, la galerie Envira Exif Addon \u00e9merge incontestablement comme un outil indispensable pour pr\u00e9senter m\u00e9ticuleusement et pr\u00e9cis\u00e9ment son chef-d&rsquo;\u0153uvre cr\u00e9atif.<\/p>\n","protected":false},"featured_media":143758,"comment_status":"open","ping_status":"open","template":"","meta":[],"product_brand":[2538],"product_cat":[1189,1181,1186],"product_tag":[2281],"class_list":{"0":"post-119727","1":"product","2":"type-product","3":"status-publish","4":"has-post-thumbnail","6":"product_brand-envira-gallery","7":"product_cat-personnalisation","8":"product_cat-plugins","9":"product_cat-wordpress-plugins","10":"product_tag-envira-gallery","11":"member-discount","12":"discount-restricted","14":"first","15":"instock","16":"sale","17":"downloadable","18":"virtual","19":"sold-individually","20":"purchasable","21":"product-type-simple"},"_links":{"self":[{"href":"https:\/\/gpl-love.com\/fr\/wp-json\/wp\/v2\/product\/119727","targetHints":{"allow":["GET"]}}],"collection":[{"href":"https:\/\/gpl-love.com\/fr\/wp-json\/wp\/v2\/product"}],"about":[{"href":"https:\/\/gpl-love.com\/fr\/wp-json\/wp\/v2\/types\/product"}],"replies":[{"embeddable":true,"href":"https:\/\/gpl-love.com\/fr\/wp-json\/wp\/v2\/comments?post=119727"}],"wp:featuredmedia":[{"embeddable":true,"href":"https:\/\/gpl-love.com\/fr\/wp-json\/wp\/v2\/media\/143758"}],"wp:attachment":[{"href":"https:\/\/gpl-love.com\/fr\/wp-json\/wp\/v2\/media?parent=119727"}],"wp:term":[{"taxonomy":"product_brand","embeddable":true,"href":"https:\/\/gpl-love.com\/fr\/wp-json\/wp\/v2\/product_brand?post=119727"},{"taxonomy":"product_cat","embeddable":true,"href":"https:\/\/gpl-love.com\/fr\/wp-json\/wp\/v2\/product_cat?post=119727"},{"taxonomy":"product_tag","embeddable":true,"href":"https:\/\/gpl-love.com\/fr\/wp-json\/wp\/v2\/product_tag?post=119727"}],"curies":[{"name":"wp","href":"https:\/\/api.w.org\/{rel}","templated":true}]}}