{"id":119725,"date":"2024-08-03T00:00:00","date_gmt":"2024-08-02T22:00:00","guid":{"rendered":"https:\/\/gpl-love.com\/fr\/produit\/envira-gallery-dynamic-addon\/"},"modified":"2026-03-20T23:04:10","modified_gmt":"2026-03-20T22:04:10","slug":"envira-gallery-dynamic-addon","status":"publish","type":"product","link":"https:\/\/gpl-love.com\/fr\/produit\/envira-gallery-dynamic-addon\/","title":{"rendered":"Envira Gallery Dynamic Addon 1.6.7"},"content":{"rendered":"<h3>Envira Gallery Dynamic Addon Traits<\/h3>\n<p>L&rsquo;addon dynamique de la galerie Envira, r\u00e9put\u00e9 pour ses capacit\u00e9s formidables, a \u00e9t\u00e9 sp\u00e9cifiquement con\u00e7u pour r\u00e9pondre aux besoins des photographes et d&rsquo;autres professionnels de la cr\u00e9ation qui cherchent \u00e0 pr\u00e9senter leurs \u0153uvres d&rsquo;une mani\u00e8re tr\u00e8s efficace et visuellement envo\u00fbtante. Cet addon remarquable vous permet de construire sans effort des galeries dynamiques qui peuvent \u00eatre adapt\u00e9es pour r\u00e9pondre \u00e0 vos besoins sp\u00e9cifiques, que vous pr\u00e9f\u00e9riez une grille de style ma\u00e7onnerie \u00e9l\u00e9gante ou un format de carrousel plus conventionnel. Gr\u00e2ce \u00e0 son interface glisser-d\u00e9poser exceptionnellement conviviale, vous pouvez augmenter ou diminuer sans effort le nombre d&rsquo;images, modifier la disposition globale et affiner les param\u00e8tres pour \u00e9laborer m\u00e9ticuleusement une galerie qui refl\u00e8te authentiquement votre style artistique distinct. Notamment, l&rsquo;addon dynamique de la galerie Envira est enti\u00e8rement r\u00e9actif et m\u00e9ticuleusement optimis\u00e9 pour une vitesse exceptionnelle, garantissant que vos images captivantes appara\u00eetront impeccablement sur n&rsquo;importe quel appareil et chargent avec une rapidit\u00e9 remarquable. Que vous soyez un photographe professionnel chevronn\u00e9 ou un amateur passionn\u00e9, l&rsquo;addon dynamique de la galerie Envira Gallery appara\u00eet sans effort comme la solution par excellence pour pr\u00e9senter votre travail \u00e0 couper le souffle d&rsquo;une mani\u00e8re totalement captivante et tout \u00e0 fait immersive.<\/p>\n<ul>\n<li>Permet un affichage dynamique des galeries dans WordPress<\/li>\n<li>Ajoute des balises dynamiques pour les options de filtrage flexibles<\/li>\n<li>S&rsquo;int\u00e8gre aux fonctionnalit\u00e9s puissantes de la galerie Envira<\/li>\n<li>Ne n\u00e9cessite pas de codage ou de connaissances techniques<\/li>\n<li>Permet des galeries visuellement attrayantes et interactives<\/li>\n<li>Aide \u00e0 am\u00e9liorer l&rsquo;engagement du site Web et l&rsquo;exp\u00e9rience utilisateur<\/li>\n<li>Livr\u00e9 avec un support client fiable et r\u00e9actif<\/li>\n<li>Les mises \u00e0 jour r\u00e9guli\u00e8res garantissent la compatibilit\u00e9 avec les derni\u00e8res versions WordPress<\/li>\n<li>Peut \u00eatre utilis\u00e9 avec d&rsquo;autres addons de la galerie Envira pour encore plus d&rsquo;options de personnalisation<\/li>\n<\/ul>\n","protected":false},"excerpt":{"rendered":"<p>L&rsquo;addon dynamique de la galerie Envira se pr\u00e9sente comme un outil incroyablement puissant qui vous permet de fabriquer des galeries convaincantes et captivantes sur votre site Web, offrant une gamme de fonctionnalit\u00e9s immersives. En int\u00e9grant cet addon dans votre site Web, vous gagnez la possibilit\u00e9 d&rsquo;incorporer sans effort des animations fascinantes et des transitions transparentes, permettant \u00e0 vos visiteurs estim\u00e9s de se livrer \u00e0 une exp\u00e9rience visuelle globale et captivante. De plus, cet addon remarquable vous permet de mode \u00e0 la mode qui s&rsquo;adapte sans effort aux sp\u00e9cifications de tout appareil, assurant une pr\u00e9sentation visuellement frappante quelle que soit la plate-forme. De plus, l&rsquo;addon dynamique de la galerie Envira vous accorde la libert\u00e9 de personnaliser et d&rsquo;adapter votre disposition de la galerie, de le rendre harmonieux avec la conception globale de votre site Web. Que vous soyez un photographe en herbe aspirant \u00e0 exposer votre travail \u00e0 couper le souffle ou un propri\u00e9taire d&rsquo;entreprise entreprenant qui s&rsquo;efforce de pr\u00e9senter vos produits in\u00e9gal\u00e9s, l&rsquo;addon dynamique de la galerie Envira Galler .<\/p>\n","protected":false},"featured_media":143757,"comment_status":"open","ping_status":"open","template":"","meta":[],"product_brand":[2538],"product_cat":[1189,1181,1186],"product_tag":[2281],"class_list":{"0":"post-119725","1":"product","2":"type-product","3":"status-publish","4":"has-post-thumbnail","6":"product_brand-envira-gallery","7":"product_cat-personnalisation","8":"product_cat-plugins","9":"product_cat-wordpress-plugins","10":"product_tag-envira-gallery","11":"member-discount","12":"discount-restricted","14":"first","15":"instock","16":"sale","17":"downloadable","18":"virtual","19":"sold-individually","20":"purchasable","21":"product-type-simple"},"_links":{"self":[{"href":"https:\/\/gpl-love.com\/fr\/wp-json\/wp\/v2\/product\/119725","targetHints":{"allow":["GET"]}}],"collection":[{"href":"https:\/\/gpl-love.com\/fr\/wp-json\/wp\/v2\/product"}],"about":[{"href":"https:\/\/gpl-love.com\/fr\/wp-json\/wp\/v2\/types\/product"}],"replies":[{"embeddable":true,"href":"https:\/\/gpl-love.com\/fr\/wp-json\/wp\/v2\/comments?post=119725"}],"wp:featuredmedia":[{"embeddable":true,"href":"https:\/\/gpl-love.com\/fr\/wp-json\/wp\/v2\/media\/143757"}],"wp:attachment":[{"href":"https:\/\/gpl-love.com\/fr\/wp-json\/wp\/v2\/media?parent=119725"}],"wp:term":[{"taxonomy":"product_brand","embeddable":true,"href":"https:\/\/gpl-love.com\/fr\/wp-json\/wp\/v2\/product_brand?post=119725"},{"taxonomy":"product_cat","embeddable":true,"href":"https:\/\/gpl-love.com\/fr\/wp-json\/wp\/v2\/product_cat?post=119725"},{"taxonomy":"product_tag","embeddable":true,"href":"https:\/\/gpl-love.com\/fr\/wp-json\/wp\/v2\/product_tag?post=119725"}],"curies":[{"name":"wp","href":"https:\/\/api.w.org\/{rel}","templated":true}]}}