{"id":119721,"date":"2024-08-03T00:00:00","date_gmt":"2024-08-02T22:00:00","guid":{"rendered":"https:\/\/gpl-love.com\/fr\/produit\/envira-gallery-downloads-addon\/"},"modified":"2026-03-20T23:04:08","modified_gmt":"2026-03-20T22:04:08","slug":"envira-gallery-downloads-addon","status":"publish","type":"product","link":"https:\/\/gpl-love.com\/fr\/produit\/envira-gallery-downloads-addon\/","title":{"rendered":"Envira Gallery Downloads Addon 1.5.11"},"content":{"rendered":"<h3>Envira Gallery Downloads Addon Traits<\/h3>\n<p>La galerie Envira t\u00e9l\u00e9charge Addon, un outil incroyablement puissant, pr\u00e9sente aux utilisateurs une solution transparente pour t\u00e9l\u00e9charger sans effort des images et des galeries directement \u00e0 partir de leur galerie Envira. En int\u00e9grant cet adoles pour obtenir sans effort ces images. Notamment conviviale, la galerie Envira t\u00e9l\u00e9charge l&rsquo;addon comprend une pl\u00e9thore d&rsquo;options de personnalisation, y compris l&rsquo;opportunit\u00e9 d&rsquo;activer s\u00e9lectivement la fonction de t\u00e9l\u00e9chargement pour des images et des galeries sp\u00e9cifiques. Ind\u00e9niablement essentiel pour les individus aspirant \u00e0 am\u00e9liorer l&rsquo;exp\u00e9rience utilisateur de leur site Web et \u00e0 simplifier l&rsquo;acc\u00e8s des clients \u00e0 leur contenu visuel captivant.<\/p>\n<ul>\n<li>Am\u00e9liore la fonctionnalit\u00e9 du plugin populaire de la galerie Envira avec la possibilit\u00e9 de t\u00e9l\u00e9charger des images et des albums<\/li>\n<li>L&rsquo;interface intuitive et conviviale vous permet de t\u00e9l\u00e9charger rapidement et facilement les fichiers multim\u00e9dias<\/li>\n<li>Compatible avec une gamme de types de fichiers, notamment JPEG, PNG, PDF et ZIP<\/li>\n<li>Param\u00e8tres de t\u00e9l\u00e9chargement personnalisables, y compris la taille de t\u00e9l\u00e9chargement et les contr\u00f4les de qualit\u00e9, vous permettent d&rsquo;optimiser vos fichiers \u00e0 des fins sp\u00e9cifiques<\/li>\n<li>Permet \u00e0 vos visiteurs de t\u00e9l\u00e9charger vos images et albums sans quitter votre site Web, ce qui en fait une exp\u00e9rience utilisateur pratique et sans friction<\/li>\n<li>Optimis\u00e9 pour la vitesse et les performances, assurer des t\u00e9l\u00e9chargements rapides et efficaces pour vous et vos visiteurs<\/li>\n<li>S\u00e9curis\u00e9 et fiable, avec des garanties int\u00e9gr\u00e9es pour prot\u00e9ger \u00e0 la fois vos donn\u00e9es et la confidentialit\u00e9 et la s\u00e9curit\u00e9 de vos utilisateurs<\/li>\n<li>Mises \u00e0 jour et soutien r\u00e9guliers, avec une \u00e9quipe d\u00e9di\u00e9e de d\u00e9veloppeurs et de personnel de soutien s&rsquo;assurant que votre galerie et vos fonctionnalit\u00e9s de t\u00e9l\u00e9chargement sont toujours \u00e0 jour et fonctionnent en douceur<\/li>\n<\/ul>\n","protected":false},"excerpt":{"rendered":"<p>La galerie Envira t\u00e9l\u00e9charge Addon, un outil d&rsquo;immense puissance, vous donne la possibilit\u00e9 de fournir les visiteurs de votre site Web estim\u00e9s avec du contenu t\u00e9l\u00e9chargeable. Au moyen de ce plugin, la construction d&rsquo;une galerie remplie d&rsquo;images, de vid\u00e9os ou de toute autre forme de m\u00e9dias devient un exploit r\u00e9alisable sans effort, permettant ainsi aux utilisateurs de r\u00e9cup\u00e9rer sans effort lesdits documents directement \u00e0 partir de votre site Web. L&rsquo;addon lui-m\u00eame, caract\u00e9ris\u00e9 par sa nature enti\u00e8rement personnalisable, vous offre la libert\u00e9 de s\u00e9lectionner les fichiers sp\u00e9cifiques qui doivent \u00eatre mis \u00e0 disposition pour le t\u00e9l\u00e9chargement, l&rsquo;exercice de contr\u00f4le sur l&rsquo;acc\u00e8s et la mise en \u0153uvre des limites de t\u00e9l\u00e9chargement conform\u00e9ment \u00e0 votre jugement exigeant. En somme, ce plugin repr\u00e9sente la solution quintessentielle pour les photographes, les artistes et les cr\u00e9ateurs de contenu num\u00e9rique, car il leur conf\u00e8re les moyens de diffuser efficacement leurs chefs-d&rsquo;\u0153uvre de mani\u00e8re professionnelle, impr\u00e9vable et extr\u00eamement pratique.<\/p>\n","protected":false},"featured_media":143755,"comment_status":"open","ping_status":"open","template":"","meta":[],"product_brand":[2538],"product_cat":[1189,1181,1186],"product_tag":[2281],"class_list":{"0":"post-119721","1":"product","2":"type-product","3":"status-publish","4":"has-post-thumbnail","6":"product_brand-envira-gallery","7":"product_cat-personnalisation","8":"product_cat-plugins","9":"product_cat-wordpress-plugins","10":"product_tag-envira-gallery","11":"member-discount","12":"discount-restricted","14":"first","15":"instock","16":"sale","17":"downloadable","18":"virtual","19":"sold-individually","20":"purchasable","21":"product-type-simple"},"_links":{"self":[{"href":"https:\/\/gpl-love.com\/fr\/wp-json\/wp\/v2\/product\/119721","targetHints":{"allow":["GET"]}}],"collection":[{"href":"https:\/\/gpl-love.com\/fr\/wp-json\/wp\/v2\/product"}],"about":[{"href":"https:\/\/gpl-love.com\/fr\/wp-json\/wp\/v2\/types\/product"}],"replies":[{"embeddable":true,"href":"https:\/\/gpl-love.com\/fr\/wp-json\/wp\/v2\/comments?post=119721"}],"wp:featuredmedia":[{"embeddable":true,"href":"https:\/\/gpl-love.com\/fr\/wp-json\/wp\/v2\/media\/143755"}],"wp:attachment":[{"href":"https:\/\/gpl-love.com\/fr\/wp-json\/wp\/v2\/media?parent=119721"}],"wp:term":[{"taxonomy":"product_brand","embeddable":true,"href":"https:\/\/gpl-love.com\/fr\/wp-json\/wp\/v2\/product_brand?post=119721"},{"taxonomy":"product_cat","embeddable":true,"href":"https:\/\/gpl-love.com\/fr\/wp-json\/wp\/v2\/product_cat?post=119721"},{"taxonomy":"product_tag","embeddable":true,"href":"https:\/\/gpl-love.com\/fr\/wp-json\/wp\/v2\/product_tag?post=119721"}],"curies":[{"name":"wp","href":"https:\/\/api.w.org\/{rel}","templated":true}]}}