{"id":119719,"date":"2024-02-14T00:00:00","date_gmt":"2024-02-13T23:00:00","guid":{"rendered":"https:\/\/gpl-love.com\/fr\/produit\/envira-gallery-defaults-addon\/"},"modified":"2026-03-20T23:04:07","modified_gmt":"2026-03-20T22:04:07","slug":"envira-gallery-defaults-addon","status":"publish","type":"product","link":"https:\/\/gpl-love.com\/fr\/produit\/envira-gallery-defaults-addon\/","title":{"rendered":"Envira Gallery Defaults Addon 1.5.3"},"content":{"rendered":"<h3>Envira Gallery Defaults Addon Traits<\/h3>\n<p>L&rsquo;Addon par d\u00e9faut de la galerie Envira, un outil tr\u00e8s efficace, sert \u00e0 rationaliser et \u00e0 simplifier la t\u00e2che ardue de cr\u00e9er des galeries captivantes visuellement sur votre site WordPress. En utilisant cet addon remarquable, vous gagnez la capacit\u00e9 de personnaliser sans effort une pl\u00e9thore de param\u00e8tres, englobant le style de la galerie, la pagination, la caisse lumineuse et la taille de l&rsquo;image, pour toutes vos galeries. Par cons\u00e9quent, cet ing\u00e9nieux addon \u00e9vite que vous effectuiez la n\u00e9cessit\u00e9 d&rsquo;effectuer laboratoirement ces personnalisations sur une base individuelle. De plus, cet addon a \u00e9t\u00e9 m\u00e9ticuleusement con\u00e7u pour vous int\u00e9grer harmonieusement au plugin de la galerie Envira, vous offrant ainsi la possibilit\u00e9 de modeler sans effort des galeries \u00e0 couper le souffle avec un minimum d&rsquo;effort. Que vous vous vienne \u00e0 un portfolio impressionnant en tant que photographe chevronn\u00e9 ou que vous vous lanciez dans votre voyage en tant que n\u00e9ophyte dans le domaine de la photographie, l&rsquo;addon par d\u00e9faut de la galerie Envira sert \u00e0 simplifier consid\u00e9rablement le processus d&rsquo;exposition de vos images de mani\u00e8re professionnelle et artistiquement innovante.<\/p>\n<ul>\n<li>D\u00e9finissez facilement les param\u00e8tres par d\u00e9faut pour toutes les nouvelles galeries<\/li>\n<li>Gagnez du temps en ne pas avoir \u00e0 modifier manuellement les param\u00e8tres pour chaque nouvelle galerie cr\u00e9\u00e9e<\/li>\n<li>Possibilit\u00e9 de personnaliser les param\u00e8tres par d\u00e9faut pour diff\u00e9rents types de galeries (par exemple la ma\u00e7onnerie, la Lightbox, etc.)<\/li>\n<li>Option pour r\u00e9initialiser les param\u00e8tres par d\u00e9faut \u00e0 l&rsquo;\u00e9tat d&rsquo;origine<\/li>\n<li>Compatibilit\u00e9 avec les versions Envira Gallery Pro et Lite<\/li>\n<li>Processus d&rsquo;installation et de configuration simple<\/li>\n<li>Aucun codage requis<\/li>\n<li>Acc\u00e8s au support technique et \u00e0 la documentation<\/li>\n<\/ul>\n","protected":false},"excerpt":{"rendered":"<p>L&rsquo;addon par d\u00e9faut de la galerie Envira, qui est un outil indispensable pour fabriquer des galeries d&rsquo;images impressionnantes dans la plate-forme WordPress, offre une multitude d&rsquo;avantages. En utilisant cet addon, on gagne la capacit\u00e9 d&rsquo;adapter et de personnaliser sans effort les configurations par d\u00e9faut et les pr\u00e9f\u00e9rences esth\u00e9tiques pour leurs galeries Envira, facilitant par cons\u00e9quent une exp\u00e9rience visuelle coh\u00e9rente et transparente tout au long de leur site Web. Ind\u00e9pendamment de savoir si un individu se rapporte au domaine de la photographie professionnelle ou aspire simplement \u00e0 organiser un portefeuille en ligne visuellement s\u00e9duisant, l&rsquo;addon par d\u00e9faut de la galerie Envira est une n\u00e9cessit\u00e9 absolue pour tout utilisateur de WordPress. Embarquez dans un voyage vers l&rsquo;\u00e9levage de vos galeries d&rsquo;images \u00e0 des hauteurs sans pr\u00e9c\u00e9dent en adoptant aujourd&rsquo;hui les capacit\u00e9s remarquables de cet addon!<\/p>\n","protected":false},"featured_media":143754,"comment_status":"open","ping_status":"open","template":"","meta":[],"product_brand":[2538],"product_cat":[1189,1181,1186],"product_tag":[2281],"class_list":{"0":"post-119719","1":"product","2":"type-product","3":"status-publish","4":"has-post-thumbnail","6":"product_brand-envira-gallery","7":"product_cat-personnalisation","8":"product_cat-plugins","9":"product_cat-wordpress-plugins","10":"product_tag-envira-gallery","11":"member-discount","12":"discount-restricted","14":"first","15":"instock","16":"sale","17":"downloadable","18":"virtual","19":"sold-individually","20":"purchasable","21":"product-type-simple"},"_links":{"self":[{"href":"https:\/\/gpl-love.com\/fr\/wp-json\/wp\/v2\/product\/119719","targetHints":{"allow":["GET"]}}],"collection":[{"href":"https:\/\/gpl-love.com\/fr\/wp-json\/wp\/v2\/product"}],"about":[{"href":"https:\/\/gpl-love.com\/fr\/wp-json\/wp\/v2\/types\/product"}],"replies":[{"embeddable":true,"href":"https:\/\/gpl-love.com\/fr\/wp-json\/wp\/v2\/comments?post=119719"}],"wp:featuredmedia":[{"embeddable":true,"href":"https:\/\/gpl-love.com\/fr\/wp-json\/wp\/v2\/media\/143754"}],"wp:attachment":[{"href":"https:\/\/gpl-love.com\/fr\/wp-json\/wp\/v2\/media?parent=119719"}],"wp:term":[{"taxonomy":"product_brand","embeddable":true,"href":"https:\/\/gpl-love.com\/fr\/wp-json\/wp\/v2\/product_brand?post=119719"},{"taxonomy":"product_cat","embeddable":true,"href":"https:\/\/gpl-love.com\/fr\/wp-json\/wp\/v2\/product_cat?post=119719"},{"taxonomy":"product_tag","embeddable":true,"href":"https:\/\/gpl-love.com\/fr\/wp-json\/wp\/v2\/product_tag?post=119719"}],"curies":[{"name":"wp","href":"https:\/\/api.w.org\/{rel}","templated":true}]}}