{"id":119717,"date":"2024-08-03T00:00:00","date_gmt":"2024-08-02T22:00:00","guid":{"rendered":"https:\/\/gpl-love.com\/fr\/produit\/envira-gallery-deeplinking-addon\/"},"modified":"2026-03-20T23:04:06","modified_gmt":"2026-03-20T22:04:06","slug":"envira-gallery-deeplinking-addon","status":"publish","type":"product","link":"https:\/\/gpl-love.com\/fr\/produit\/envira-gallery-deeplinking-addon\/","title":{"rendered":"Envira Gallery Deeplinking Addon 1.5.3"},"content":{"rendered":"<h3>Envira Gallery Deeplinking Addon Traits<\/h3>\n<p>L&rsquo;Addon Deeplinking de la galerie Envira, un outil tr\u00e8s puissant, poss\u00e8de la capacit\u00e9 de g\u00e9n\u00e9rer des liens profonds pour vos galeries d&rsquo;images, facilitant ainsi le processus de navigation et de d\u00e9couverte de contenu pour vos utilisateurs. Ce plugin propose une multitude de fonctionnalit\u00e9s personnalisables, y compris la possibilit\u00e9 de s\u00e9lectionner dans une large gamme de styles de liens et de modifier le texte de lien pour s&rsquo;aligner sur votre marque. De plus, sa nature l\u00e9g\u00e8re et son interface conviviale en font un choix id\u00e9al pour les personnes qui cherchent \u00e0 am\u00e9liorer leur navigation en galerie et \u00e0 \u00e9lever l&rsquo;exp\u00e9rience utilisateur. En utilisant l&rsquo;addon en profondeur de la galerie Envira, vous pouvez \u00e9tablir une rencontre plus intuitive et rationalis\u00e9e pour vos utilisateurs, ce qui donne finalement un engagement accru et des conversions accrues.<\/p>\n<ul>\n<li>Permet aux utilisateurs de cr\u00e9er des liens directement vers des images individuelles dans une galerie<\/li>\n<li>Am\u00e9liore l&rsquo;exp\u00e9rience utilisateur en permettant un acc\u00e8s plus direct \u00e0 un contenu sp\u00e9cifique<\/li>\n<li>Am\u00e9liore la navigation du site Web en permettant aux utilisateurs de contourner les clics inutiles<\/li>\n<li>Augmente l&rsquo;engagement en facilitant la partage des utilisateurs et les images sp\u00e9cifiques en signet<\/li>\n<li>Compatible avec la galerie Envira et fonctionne de mani\u00e8re transparente avec des galeries pr\u00e9existantes<\/li>\n<li>Peut \u00eatre utilis\u00e9 par les photographes, les artistes et les concepteurs qui cherchent \u00e0 pr\u00e9senter leur travail de mani\u00e8re plus conviviale<\/li>\n<li>Facile \u00e0 installer et \u00e0 configurer, avec des instructions d\u00e9taill\u00e9es fournies<\/li>\n<li>Solution abordable pour am\u00e9liorer la fonctionnalit\u00e9 du site Web et l&rsquo;exp\u00e9rience utilisateur<\/li>\n<\/ul>\n","protected":false},"excerpt":{"rendered":"<p>L&rsquo;Addon Deeplinking de la galerie Envira, un outil tr\u00e8s robuste \u00e0 votre disposition, poss\u00e8de la capacit\u00e9 de g\u00e9n\u00e9rer des liens vers des images sp\u00e9cifiques log\u00e9es dans vos galeries Envira. Gr\u00e2ce \u00e0 l&rsquo;utilisation de cet addon, distribuez sans effort des images ou des galeries individuelles sur diverses plates-formes de m\u00e9dias sociaux ou autres sites Web, guidant strat\u00e9giquement les t\u00e9l\u00e9spectateurs vers le contenu pr\u00e9cis que vous souhaitiez \u00e0 voir. Cette approche rapide et simple de la diffusion et de l&rsquo;approbation de votre contenu s&rsquo;av\u00e8re \u00eatre un ajustement idyllique pour les photographes, les artistes, les blogueurs et toute personne cherchant \u00e0 exposer leurs cr\u00e9ations en ligne. De plus, se vantant de fonctionnalit\u00e9s telles que des URL personnalis\u00e9es et une int\u00e9gration transparente avec WordPress, l&rsquo;addon en profondeur de la galerie Envira appara\u00eet comme la solution ultime pour fabriquer des galeries captivantes et facilement partagables.<\/p>\n","protected":false},"featured_media":143753,"comment_status":"open","ping_status":"open","template":"","meta":[],"product_brand":[2538],"product_cat":[1189,1181,1186],"product_tag":[2281],"class_list":{"0":"post-119717","1":"product","2":"type-product","3":"status-publish","4":"has-post-thumbnail","6":"product_brand-envira-gallery","7":"product_cat-personnalisation","8":"product_cat-plugins","9":"product_cat-wordpress-plugins","10":"product_tag-envira-gallery","11":"member-discount","12":"discount-restricted","14":"first","15":"instock","16":"sale","17":"downloadable","18":"virtual","19":"sold-individually","20":"purchasable","21":"product-type-simple"},"_links":{"self":[{"href":"https:\/\/gpl-love.com\/fr\/wp-json\/wp\/v2\/product\/119717","targetHints":{"allow":["GET"]}}],"collection":[{"href":"https:\/\/gpl-love.com\/fr\/wp-json\/wp\/v2\/product"}],"about":[{"href":"https:\/\/gpl-love.com\/fr\/wp-json\/wp\/v2\/types\/product"}],"replies":[{"embeddable":true,"href":"https:\/\/gpl-love.com\/fr\/wp-json\/wp\/v2\/comments?post=119717"}],"wp:featuredmedia":[{"embeddable":true,"href":"https:\/\/gpl-love.com\/fr\/wp-json\/wp\/v2\/media\/143753"}],"wp:attachment":[{"href":"https:\/\/gpl-love.com\/fr\/wp-json\/wp\/v2\/media?parent=119717"}],"wp:term":[{"taxonomy":"product_brand","embeddable":true,"href":"https:\/\/gpl-love.com\/fr\/wp-json\/wp\/v2\/product_brand?post=119717"},{"taxonomy":"product_cat","embeddable":true,"href":"https:\/\/gpl-love.com\/fr\/wp-json\/wp\/v2\/product_cat?post=119717"},{"taxonomy":"product_tag","embeddable":true,"href":"https:\/\/gpl-love.com\/fr\/wp-json\/wp\/v2\/product_tag?post=119717"}],"curies":[{"name":"wp","href":"https:\/\/api.w.org\/{rel}","templated":true}]}}