{"id":119715,"date":"2024-02-14T00:00:00","date_gmt":"2024-02-13T23:00:00","guid":{"rendered":"https:\/\/gpl-love.com\/fr\/produit\/envira-gallery-css-addon\/"},"modified":"2026-03-20T23:04:05","modified_gmt":"2026-03-20T22:04:05","slug":"envira-gallery-css-addon","status":"publish","type":"product","link":"https:\/\/gpl-love.com\/fr\/produit\/envira-gallery-css-addon\/","title":{"rendered":"Envira Gallery CSS Addon 1.3.7"},"content":{"rendered":"<h3>Envira Gallery CSS Addon Traits<\/h3>\n<p>L&rsquo;addon CSS Gallery CSS, un outil incroyablement puissant pour les d\u00e9veloppeurs et les concepteurs Web cherchant \u00e0 \u00e9lever l&rsquo;attrait esth\u00e9tique et l&rsquo;atmosph\u00e8re de leurs galeries d&rsquo;images, propose une gamme de styles CSS &#8211; englobant les styles de bordure, les couleurs d&rsquo;arri\u00e8re peut employer pour personnaliser leurs galeries. Gr\u00e2ce \u00e0 son interface conviviale, les individus peuvent modeler rapidement et sans effort sans effort les galeries d&rsquo;images qui sont impeccablement adapt\u00e9es \u00e0 leurs exigences uniques. Ind\u00e9pendamment de savoir si l&rsquo;on aspire \u00e0 cr\u00e9er une galerie de photos simplifi\u00e9e ou un site Web de portfolio complexe, l&rsquo;addon CSS Gallery Gallery Envira repr\u00e9sente l&rsquo;instrument par excellence pour atteindre des r\u00e9sultats extraordinaires. Par cons\u00e9quent, il n&rsquo;est plus n\u00e9cessaire de retarder plus longtemps; Essayez-le aujourd&rsquo;hui et \u00e9levez vos galeries d&rsquo;images \u00e0 des hauteurs sans pr\u00e9c\u00e9dent!<\/p>\n<ul>\n<li>Am\u00e9liore l&rsquo;apparence de la galerie Envira avec des styles CSS personnalis\u00e9s<\/li>\n<li>Permet un contr\u00f4le complet sur la conception et la disposition des \u00e9l\u00e9ments de la galerie<\/li>\n<li>Comprend des mod\u00e8les CSS pr\u00e9-construits pour la personnalisation de sauts<\/li>\n<li>Compatible avec tous les th\u00e8mes et modules compl\u00e9mentaires de la galerie Envira<\/li>\n<li>Processus d&rsquo;installation et d&rsquo;activation simple<\/li>\n<li>Gave le temps et ajoute un professionnalisme \u00e0 la conception de votre site Web<\/li>\n<li>Offre une exp\u00e9rience de galerie unique et personnalis\u00e9e \u00e0 vos utilisateurs<\/li>\n<li>Aide vos galeries \u00e0 se d\u00e9marquer et \u00e0 \u00eatre facilement reconnaissables<\/li>\n<li>Aucune exp\u00e9rience de codage requise, mais les utilisateurs avanc\u00e9s peuvent personnaliser le CSS \u00e0 leur go\u00fbt<\/li>\n<\/ul>\n","protected":false},"excerpt":{"rendered":"<p>L&rsquo;addon CSS Gallery CSS, un outil tr\u00e8s puissant, a \u00e9t\u00e9 m\u00e9ticuleusement con\u00e7u pour augmenter l&rsquo;attrait esth\u00e9tique de vos galeries de photos. En utilisant cet addon remarquable, vous obtenez la capacit\u00e9 in\u00e9gal\u00e9e d&rsquo;adapter sans effort vos galeries d&rsquo;images \u00e0 vos sp\u00e9cifications exactes, en mettant en \u0153uvre des effets visuels \u00e0 couper le souffle, en captivant des animations de survol et un \u00e9ventail d&rsquo;autres \u00e9l\u00e9ments de conception sophistiqu\u00e9s. Peu importe que vous tombiez dans la cat\u00e9gorie d&rsquo;\u00eatre un photographe qualifi\u00e9, un blogueur d\u00e9vou\u00e9 ou un propri\u00e9taire d&rsquo;entreprise avis\u00e9, l&rsquo;addon CSS Gallery CSS est un ajout indispensable \u00e0 votre r\u00e9pertoire de conception Web. B\u00e9n\u00e9ficiant d&rsquo;une interface remarquablement intuitive et de fonctionnalit\u00e9s incroyablement conviviales, vous vous trouverez capable de g\u00e9n\u00e9rer des galeries de photos de qualit\u00e9 professionnelle avec une facilit\u00e9 et une efficacit\u00e9 remarquables, laissant une impression ind\u00e9l\u00e9bile sur votre public. Compte tenu de ces avantages remarquables, pourquoi en retarder davantage? Embrassez le pouvoir transformateur de l&rsquo;addon de la galerie Envira Gallery CSS aujourd&rsquo;hui et d\u00e9verrouillez le plein potentiel en sommeil dans vos galeries d&rsquo;images!<\/p>\n","protected":false},"featured_media":143752,"comment_status":"open","ping_status":"open","template":"","meta":[],"product_brand":[2538],"product_cat":[1189,1181,1186],"product_tag":[2281],"class_list":{"0":"post-119715","1":"product","2":"type-product","3":"status-publish","4":"has-post-thumbnail","6":"product_brand-envira-gallery","7":"product_cat-personnalisation","8":"product_cat-plugins","9":"product_cat-wordpress-plugins","10":"product_tag-envira-gallery","11":"member-discount","12":"discount-restricted","14":"first","15":"instock","16":"sale","17":"downloadable","18":"virtual","19":"sold-individually","20":"purchasable","21":"product-type-simple"},"_links":{"self":[{"href":"https:\/\/gpl-love.com\/fr\/wp-json\/wp\/v2\/product\/119715","targetHints":{"allow":["GET"]}}],"collection":[{"href":"https:\/\/gpl-love.com\/fr\/wp-json\/wp\/v2\/product"}],"about":[{"href":"https:\/\/gpl-love.com\/fr\/wp-json\/wp\/v2\/types\/product"}],"replies":[{"embeddable":true,"href":"https:\/\/gpl-love.com\/fr\/wp-json\/wp\/v2\/comments?post=119715"}],"wp:featuredmedia":[{"embeddable":true,"href":"https:\/\/gpl-love.com\/fr\/wp-json\/wp\/v2\/media\/143752"}],"wp:attachment":[{"href":"https:\/\/gpl-love.com\/fr\/wp-json\/wp\/v2\/media?parent=119715"}],"wp:term":[{"taxonomy":"product_brand","embeddable":true,"href":"https:\/\/gpl-love.com\/fr\/wp-json\/wp\/v2\/product_brand?post=119715"},{"taxonomy":"product_cat","embeddable":true,"href":"https:\/\/gpl-love.com\/fr\/wp-json\/wp\/v2\/product_cat?post=119715"},{"taxonomy":"product_tag","embeddable":true,"href":"https:\/\/gpl-love.com\/fr\/wp-json\/wp\/v2\/product_tag?post=119715"}],"curies":[{"name":"wp","href":"https:\/\/api.w.org\/{rel}","templated":true}]}}