{"id":119713,"date":"2024-08-03T00:00:00","date_gmt":"2024-08-02T22:00:00","guid":{"rendered":"https:\/\/gpl-love.com\/fr\/produit\/envira-gallery-albums-addon\/"},"modified":"2026-03-20T23:04:03","modified_gmt":"2026-03-20T22:04:03","slug":"envira-gallery-albums-addon","status":"publish","type":"product","link":"https:\/\/gpl-love.com\/fr\/produit\/envira-gallery-albums-addon\/","title":{"rendered":"Envira Gallery Albums Addon 1.7.12"},"content":{"rendered":"<h3>Envira Gallery Albums Addon Traits<\/h3>\n<p>L&rsquo;Addon des albums de la galerie Envira, un outil tr\u00e8s indispensable, sp\u00e9cialement con\u00e7u pour les photographes et les artistes visuels qui aspirent \u00e0 pr\u00e9senter leur m\u00e9tier d&rsquo;une mani\u00e8re remarquablement sophistiqu\u00e9e et captivante, appara\u00eet comme une ressource indispensable qui captivera et saisira certainement les esprits exigeants. Cet addon exceptionnel permet \u00e0 l&rsquo;utilisateur de g\u00e9rer et de cultiver sans effort des albums impressionnants, agr\u00e9ables esth\u00e9tiquement et r\u00e9actifs qui laisseront sans aucun doute une impression ind\u00e9l\u00e9bile sur le public et permettre \u00e0 ses photographies de transcender sans effort le banal et sans effort sans se d\u00e9marquer au milieu de l&rsquo;encombrement. De plus, l&rsquo;addon r\u00e9pond effectivement aux besoins personnalis\u00e9s de l&rsquo;utilisateur, offrant une vaste gamme d&rsquo;options de personnalisation qui facilitent la cr\u00e9ation d&rsquo;albums illimit\u00e9s avec diverses mises en page et styles. De plus, l&rsquo;utilisateur poss\u00e8de \u00e9galement la pr\u00e9rogative pour embellir les photographies avec des l\u00e9gendes, des descriptions et des \u00e9tiquettes informatifs et captivants, rendant ainsi les r\u00e9cits visuels encore plus immersifs et \u00e9vocateurs. Notamment, on peut \u00e9galement personnaliser habilement l&rsquo;apparence et l&rsquo;ambiance des albums, m\u00e9langeant parfaitement des couleurs, des polices et des ant\u00e9c\u00e9dents diverses pour obtenir une coh\u00e9sion remarquable et une harmonie esth\u00e9tique. Enfin, il est imp\u00e9ratif de souligner que les albums de la galerie Envira Addon s&rsquo;int\u00e8grent de mani\u00e8re transparente \u00e0 son site Web ou \u00e0 son blog existant, garantissant une exp\u00e9rience utilisateur sans tracas et rationalis\u00e9e, \u00e9tablissant ainsi une pr\u00e9\u00e9minence incontestable et le rendre un atout indispensable pour toute personne discern\u00e9e cherchant \u00e0 transcender et \u00e0 transcender les fronti\u00e8res et \u00e9l\u00e8vent la richesse visuelle de leur contenu.<\/p>\n<ul>\n<li>Permet aux utilisateurs de cr\u00e9er des albums d&rsquo;images dans la galerie Envira<\/li>\n<li>Fournit une interface propre et facile \u00e0 utiliser pour organiser des images en albums<\/li>\n<li>Offre une vari\u00e9t\u00e9 de dispositions d&rsquo;albums et d&rsquo;options de personnalisation<\/li>\n<li>Permet aux utilisateurs d&rsquo;afficher des albums au sein de la galerie Envira ou sur leurs propres pages \u00e0 l&rsquo;aide de shortcodes<\/li>\n<li>Int\u00e9gre parfaitement avec d&rsquo;autres addons de la galerie Envira et des plates-formes tierces<\/li>\n<li>Fournit des options de conception r\u00e9actives pour une visualisation optimis\u00e9e sur n&rsquo;importe quel appareil<\/li>\n<li>Permet un tri et un filtrage faciles d&rsquo;images dans les albums<\/li>\n<li>Prend en charge plusieurs types d&rsquo;images, notamment JPG, PNG, GIF et SVG<\/li>\n<li>Offre des options int\u00e9gr\u00e9es pour le partage social et les commentaires sur les albums<\/li>\n<li>Fournit une documentation compl\u00e8te et un support pour assurer une exp\u00e9rience utilisateur fluide.<\/li>\n<\/ul>\n","protected":false},"excerpt":{"rendered":"<p>L&rsquo;Addon d&rsquo;albums de la galerie Envira, une solution tr\u00e8s louable adapt\u00e9e aux photographes et aux individus d\u00e9sireux de cr\u00e9er des galeries d&rsquo;images visuellement captivantes, s&rsquo;av\u00e8re \u00eatre un choix id\u00e9al. Cet addon remarquable facilite l&rsquo;organisation et l&rsquo;exposition sans effort de vos photographies dans de splendides albums, facilitant ainsi la navigation transparente pour votre public estim\u00e9. Notamment, les options de personnalisation disponibles permettent l&rsquo;ajout de l\u00e9gendes personnalis\u00e9es, am\u00e9liorant l&rsquo;attrait global de vos albums. De plus, pour des mesures de s\u00e9curit\u00e9 am\u00e9lior\u00e9es, l&rsquo;option de prot\u00e9ger vos albums garantit en outre la plus grande protection. Avec son interface conviviale et ses fonctionnalit\u00e9s impeccables, l&rsquo;addon d&rsquo;albums de Gallery Envira Gallery appara\u00eet comme un outil par excellence, garantissant une exp\u00e9rience \u00e9lev\u00e9e pour quiconque aspire \u00e0 \u00e9lever son site Web de photographie.<\/p>\n","protected":false},"featured_media":143750,"comment_status":"open","ping_status":"open","template":"","meta":[],"product_brand":[2538],"product_cat":[1189,1181,1186],"product_tag":[2281],"class_list":{"0":"post-119713","1":"product","2":"type-product","3":"status-publish","4":"has-post-thumbnail","6":"product_brand-envira-gallery","7":"product_cat-personnalisation","8":"product_cat-plugins","9":"product_cat-wordpress-plugins","10":"product_tag-envira-gallery","11":"member-discount","12":"discount-restricted","14":"first","15":"instock","16":"sale","17":"downloadable","18":"virtual","19":"sold-individually","20":"purchasable","21":"product-type-simple"},"_links":{"self":[{"href":"https:\/\/gpl-love.com\/fr\/wp-json\/wp\/v2\/product\/119713","targetHints":{"allow":["GET"]}}],"collection":[{"href":"https:\/\/gpl-love.com\/fr\/wp-json\/wp\/v2\/product"}],"about":[{"href":"https:\/\/gpl-love.com\/fr\/wp-json\/wp\/v2\/types\/product"}],"replies":[{"embeddable":true,"href":"https:\/\/gpl-love.com\/fr\/wp-json\/wp\/v2\/comments?post=119713"}],"wp:featuredmedia":[{"embeddable":true,"href":"https:\/\/gpl-love.com\/fr\/wp-json\/wp\/v2\/media\/143750"}],"wp:attachment":[{"href":"https:\/\/gpl-love.com\/fr\/wp-json\/wp\/v2\/media?parent=119713"}],"wp:term":[{"taxonomy":"product_brand","embeddable":true,"href":"https:\/\/gpl-love.com\/fr\/wp-json\/wp\/v2\/product_brand?post=119713"},{"taxonomy":"product_cat","embeddable":true,"href":"https:\/\/gpl-love.com\/fr\/wp-json\/wp\/v2\/product_cat?post=119713"},{"taxonomy":"product_tag","embeddable":true,"href":"https:\/\/gpl-love.com\/fr\/wp-json\/wp\/v2\/product_tag?post=119713"}],"curies":[{"name":"wp","href":"https:\/\/api.w.org\/{rel}","templated":true}]}}