{"id":119710,"date":"2024-11-18T00:00:00","date_gmt":"2024-11-17T23:00:00","guid":{"rendered":"https:\/\/gpl-love.com\/fr\/produit\/mainwp-post-dripper\/"},"modified":"2026-03-20T23:23:25","modified_gmt":"2026-03-20T22:23:25","slug":"mainwp-post-dripper","status":"publish","type":"product","link":"https:\/\/gpl-love.com\/fr\/produit\/mainwp-post-dripper\/","title":{"rendered":"MainWP Post Dripper 5.0.1"},"content":{"rendered":"<h3>MainWP Post Dripper Traits<\/h3>\n<p>Mainwp Post Dripper, un plugin WordPress incroyablement robuste, a \u00e9t\u00e9 ing\u00e9nieusement con\u00e7u pour r\u00e9pondre aux besoins des blogueurs et des sp\u00e9cialistes du marketing occup\u00e9s qui cherchent \u00e0 rationaliser et \u00e0 automatiser leur processus de livraison de contenu. En employant cet outil remarquable, vous pourrez sans effort en mesure de planifier m\u00e9ticuleusement la diffusion de vos articles de blog, en vous assurant que votre public ch\u00e9ri est toujours accueilli avec une abondance de contenu frais et captivant. De plus, ce plugin remarquable vous offre le luxe de dispenser progressivement votre contenu \u00e0 vos abonn\u00e9s passionn\u00e9s, leur permettant ainsi de savourer vos articles de blog perspicaces sur une p\u00e9riode prolong\u00e9e, plut\u00f4t que d&rsquo;\u00eatre inond\u00e9 avec un d\u00e9luge d&rsquo;informations \u00e9crasant \u00e0 la fois. Cette caract\u00e9ristique ing\u00e9nieuse constitue une aide inestimable \u00e0 pr\u00e9server l&rsquo;int\u00e9r\u00eat in\u00e9branlable de vos lecteurs et l&rsquo;engagement actif avec votre contenu prolifique, aboutissant par la suite \u00e0 une augmentation marqu\u00e9e du flux de trafic et \u00e0 la r\u00e9alisation de taux de conversion sup\u00e9rieurs. Parfois, il est clairement clair que MainWP Post Dripper sert d&rsquo;outil indispensable, une n\u00e9cessit\u00e9 absolue pour tous les individus h\u00e9bergeant un d\u00e9sir sinc\u00e8re d&rsquo;affiner leur strat\u00e9gie de marketing de contenu et d&rsquo;atteindre une croissance sans pr\u00e9c\u00e9dent de leur pr\u00e9sence en ligne.<\/p>\n<ul>\n<li>Automatise votre calendrier d&rsquo;agitation de contenu pour les sites WordPress via MainWP<\/li>\n<li>Planifiez une s\u00e9rie de messages pour \u00eatre mis en ligne sur votre site selon la chronologie souhait\u00e9e<\/li>\n<li>Contr\u00f4ler facilement la dur\u00e9e entre chaque publication post-publication<\/li>\n<li>Permet une gestion de contenu plus efficace pour plusieurs sites dans un seul emplacement central<\/li>\n<li>\u00c9vite \u00e9craser vos abonn\u00e9s avec trop de messages \u00e0 la fois<\/li>\n<li>Personnalisez votre calendrier de d\u00e9goulines pour un engagement optimal avec votre public<\/li>\n<li>\u00c9limine le besoin de planification manuelle ou de publication de postes individuels<\/li>\n<li>Compatible avec la version MainWP -6 ou plus<\/li>\n<li>Processus d&rsquo;installation et de configuration simple<\/li>\n<li>Interface intuitive et conviviale pour une gestion facile de votre calendrier de post<\/li>\n<\/ul>\n","protected":false},"excerpt":{"rendered":"<p>Le MainWP Post Dripper est un outil incroyablement puissant qui sert \u00e0 vous permettre de planifier facilement et de publier progressivement vos messages WordPress sur votre site Web. Ce plugin ing\u00e9nieux vous accorde la possibilit\u00e9 de planifier sans effort la publication de vos messages pour une date future, ou de distribuer m\u00e9thodiquement votre contenu au fil du temps afin de maintenir l&rsquo;int\u00e9r\u00eat et le retour de vos lecteurs. L&rsquo;objectif principal de cet outil remarquable est de vous aider \u00e0 \u00e9tablir un flux de contenu coh\u00e9rent et continu pour votre site Web, le tout sans la t\u00e2che ardue de publier manuellement chaque article. Que vous vous classiez comme un blogueur, un marketing ou simplement un \u00e9crivain enthousiaste, le MainWP Post Dripper est sans \u00e9quivoque un instrument indispensable pour quiconque cherche \u00e0 maintenir un avantage concurrentiel dans le domaine et \u00e0 engager efficacement leur pr\u00e9cieux lecteur.<\/p>\n","protected":false},"featured_media":144436,"comment_status":"open","ping_status":"open","template":"","meta":[],"product_brand":[2587],"product_cat":[1187,1181,1186],"product_tag":[1299],"class_list":{"0":"post-119710","1":"product","2":"type-product","3":"status-publish","4":"has-post-thumbnail","6":"product_brand-main-wp","7":"product_cat-administration-wordpress-plugins","8":"product_cat-plugins","9":"product_cat-wordpress-plugins","10":"product_tag-main-wp","11":"member-discount","12":"discount-restricted","14":"first","15":"instock","16":"sale","17":"downloadable","18":"virtual","19":"sold-individually","20":"purchasable","21":"product-type-simple"},"_links":{"self":[{"href":"https:\/\/gpl-love.com\/fr\/wp-json\/wp\/v2\/product\/119710","targetHints":{"allow":["GET"]}}],"collection":[{"href":"https:\/\/gpl-love.com\/fr\/wp-json\/wp\/v2\/product"}],"about":[{"href":"https:\/\/gpl-love.com\/fr\/wp-json\/wp\/v2\/types\/product"}],"replies":[{"embeddable":true,"href":"https:\/\/gpl-love.com\/fr\/wp-json\/wp\/v2\/comments?post=119710"}],"wp:featuredmedia":[{"embeddable":true,"href":"https:\/\/gpl-love.com\/fr\/wp-json\/wp\/v2\/media\/144436"}],"wp:attachment":[{"href":"https:\/\/gpl-love.com\/fr\/wp-json\/wp\/v2\/media?parent=119710"}],"wp:term":[{"taxonomy":"product_brand","embeddable":true,"href":"https:\/\/gpl-love.com\/fr\/wp-json\/wp\/v2\/product_brand?post=119710"},{"taxonomy":"product_cat","embeddable":true,"href":"https:\/\/gpl-love.com\/fr\/wp-json\/wp\/v2\/product_cat?post=119710"},{"taxonomy":"product_tag","embeddable":true,"href":"https:\/\/gpl-love.com\/fr\/wp-json\/wp\/v2\/product_tag?post=119710"}],"curies":[{"name":"wp","href":"https:\/\/api.w.org\/{rel}","templated":true}]}}