{"id":119708,"date":"2025-10-03T00:00:00","date_gmt":"2025-10-02T22:00:00","guid":{"rendered":"https:\/\/gpl-love.com\/fr\/produit\/give-recurring-donations\/"},"modified":"2026-03-20T23:17:00","modified_gmt":"2026-03-20T22:17:00","slug":"give-recurring-donations","status":"publish","type":"product","link":"https:\/\/gpl-love.com\/fr\/produit\/give-recurring-donations\/","title":{"rendered":"GiveWP Recurring Donations 2.16.0"},"content":{"rendered":"<h3>GiveWP Recurring Donations Traits<\/h3>\n<p>GiveWP Recurorsing Dons, une extension extr\u00eamement puissante, offre aux entreprises et \u00e0 des organisations sans but lucratif de rassembler et de superviser les dons r\u00e9currents de leurs fid\u00e8les partisans. Cet outil exceptionnel permet aux organisations d&rsquo;\u00e9tablir des formulaires de dons hautement personnalisables, de g\u00e9rer efficacement les calendriers de don et de surveiller de mani\u00e8re transparente l&rsquo;activit\u00e9 des donateurs en temps r\u00e9el. Avec des dons r\u00e9currents GiveWP, les utilisateurs peuvent accepter sans effort les dons r\u00e9currents de fr\u00e9quences et de montants variables, tout en garantissant un processus de don simple et s\u00e9curis\u00e9 pour leurs g\u00e9n\u00e9reux supporters qui souhaitent r\u00e9guli\u00e8rement maintenir leurs causes bien-aim\u00e9es. Que vous soyez une entreprise diminutive, une institution de bienfaisance ou une entit\u00e9 \u00e0 but non lucratif, les dons r\u00e9currents GiveWP sont la solution ultime adapt\u00e9e \u00e0 vos besoins sp\u00e9cifiques, vous permettant de g\u00e9rer efficacement vos dons r\u00e9currents et d&rsquo;amplifier votre impact global.<\/p>\n<ul>\n<li>Permettre aux donateurs de configurer des dons r\u00e9currents automatiques<\/li>\n<li>Offrez diverses options de paiement, y compris la carte de cr\u00e9dit et PayPal<\/li>\n<li>Fournir des formulaires de don personnalisables pour correspondre \u00e0 l&rsquo;apparence de votre site Web<\/li>\n<li>Suivre l&rsquo;historique des dons et g\u00e9rer facilement les informations des donateurs<\/li>\n<li>Automatiser la r\u00e9ception des dons et envoyer des messages de remerciement personnalis\u00e9s<\/li>\n<li>Int\u00e9grer aux plateformes de marketing par e-mail populaires et CRM<\/li>\n<li>Offrez des options de fr\u00e9quence de dons flexibles, telles que hebdomadaire, mensuelle ou annuelle<\/li>\n<li>Soutenez plusieurs campagnes ou fonds pour les donateurs parmi lesquels choisir<\/li>\n<li>Fournir un traitement de paiement s\u00e9curis\u00e9 et conforme \u00e0 PCI<\/li>\n<li>Offrez des rapports et des analyses d\u00e9taill\u00e9s sur les tendances et les performances des dons<\/li>\n<\/ul>\n","protected":false},"excerpt":{"rendered":"<p>Le plugin GiveWP Recuronning Donations est un outil incroyablement robuste et efficace sp\u00e9cialement cr\u00e9\u00e9 pour aider les ONG, les organismes de bienfaisance et diverses organisations \u00e0 but non lucratif dans leurs efforts pour collecter des fonds de mani\u00e8re plus efficace. En mettant en \u0153uvre ce plugin remarquable, vous avez la possibilit\u00e9 d&rsquo;\u00e9tablir des paiements automatiques qui offrent aux donateurs la commodit\u00e9 de donner r\u00e9guli\u00e8rement sans avoir besoin d&rsquo;initiation manuelle de chaque transaction. Cette fonctionnalit\u00e9 extraordinaire simplifie non seulement le processus de don pour vos supporters, mais garantit \u00e9galement un flux de revenus coh\u00e9rent et constant pour votre organisation. En plus de ses fonctionnalit\u00e9s, les dons r\u00e9currents GiveWP poss\u00e8dent une interface conviviale et la flexibilit\u00e9 pour personnaliser les formulaires de don, les e-mails et les rapports pour s&rsquo;aligner sur vos exigences uniques. Ne perdez pas de temps \u00e0 tirer parti de la puissance des dons r\u00e9currents GiveWP pour am\u00e9liorer vos initiatives de collecte de fonds et r\u00e9ussir dans votre mission.<\/p>\n","protected":false},"featured_media":144018,"comment_status":"open","ping_status":"open","template":"","meta":[],"product_brand":[2561],"product_cat":[1189,1181,1186],"product_tag":[2282],"class_list":{"0":"post-119708","1":"product","2":"type-product","3":"status-publish","4":"has-post-thumbnail","6":"product_brand-givewp","7":"product_cat-personnalisation","8":"product_cat-plugins","9":"product_cat-wordpress-plugins","10":"product_tag-givewp","11":"member-discount","12":"discount-restricted","14":"first","15":"instock","16":"sale","17":"downloadable","18":"virtual","19":"sold-individually","20":"purchasable","21":"product-type-simple"},"_links":{"self":[{"href":"https:\/\/gpl-love.com\/fr\/wp-json\/wp\/v2\/product\/119708","targetHints":{"allow":["GET"]}}],"collection":[{"href":"https:\/\/gpl-love.com\/fr\/wp-json\/wp\/v2\/product"}],"about":[{"href":"https:\/\/gpl-love.com\/fr\/wp-json\/wp\/v2\/types\/product"}],"replies":[{"embeddable":true,"href":"https:\/\/gpl-love.com\/fr\/wp-json\/wp\/v2\/comments?post=119708"}],"wp:featuredmedia":[{"embeddable":true,"href":"https:\/\/gpl-love.com\/fr\/wp-json\/wp\/v2\/media\/144018"}],"wp:attachment":[{"href":"https:\/\/gpl-love.com\/fr\/wp-json\/wp\/v2\/media?parent=119708"}],"wp:term":[{"taxonomy":"product_brand","embeddable":true,"href":"https:\/\/gpl-love.com\/fr\/wp-json\/wp\/v2\/product_brand?post=119708"},{"taxonomy":"product_cat","embeddable":true,"href":"https:\/\/gpl-love.com\/fr\/wp-json\/wp\/v2\/product_cat?post=119708"},{"taxonomy":"product_tag","embeddable":true,"href":"https:\/\/gpl-love.com\/fr\/wp-json\/wp\/v2\/product_tag?post=119708"}],"curies":[{"name":"wp","href":"https:\/\/api.w.org\/{rel}","templated":true}]}}