{"id":119706,"date":"2025-09-13T00:00:00","date_gmt":"2025-09-12T22:00:00","guid":{"rendered":"https:\/\/gpl-love.com\/fr\/produit\/give-currency-switcher\/"},"modified":"2026-03-20T23:16:40","modified_gmt":"2026-03-20T22:16:40","slug":"give-currency-switcher","status":"publish","type":"product","link":"https:\/\/gpl-love.com\/fr\/produit\/give-currency-switcher\/","title":{"rendered":"GiveWP Currency Switcher 2.2.2"},"content":{"rendered":"<h3>GiveWP Currency Switcher Traits<\/h3>\n<p>Le Switcher de devises GiveWP est un plugin remarquablement robuste et puissant qui accorde aux propri\u00e9taires de sites Web la capacit\u00e9 d\u00e9licieuse de basculer sans effort entre un \u00e9ventail de devises et de recevoir gracieusement des dons dans une multitude d&rsquo;unit\u00e9s mon\u00e9taires. Sa fonctionnalit\u00e9 ing\u00e9nieuse \u00e9vite que toute pr\u00e9occupation des donateurs puisse avoir concernant les conversions de devises vexatoires ou les taux de change capricieux, rendant ainsi le processus de don remarquablement transparent et sans encombre. De plus, le Switcher de devises GiveWP poss\u00e8de une interface incroyablement conviviale, ce qui en fait une v\u00e9ritable brise pour fonctionner, tout en vous offrant l&rsquo;occasion in\u00e9gal\u00e9e d&rsquo;exercer une autonomie compl\u00e8te sur les devises que vous choisissez d&rsquo;adopter et la mani\u00e8re dont ils sont astucieusement pr\u00e9sent\u00e9s. En vous profitant de ce plugin extraordinaire, vous acqu\u00e9rez le pouvoir d&rsquo;augmenter votre sensibilisation mondiale et d&rsquo;agrandir de fa\u00e7on exponentielle vos contributions caritatives en prenant en charge les paiements de bienfaiteurs bienveillants originaires de tous les coins du globe.<\/p>\n<ul>\n<li>Ajoutez un commutateur de devises \u00e0 vos formulaires de don GiveWP.<\/li>\n<li>Permettez \u00e0 vos donateurs de voir le montant du don dans leur devise pr\u00e9f\u00e9r\u00e9e.<\/li>\n<li>Choisissez parmi une vari\u00e9t\u00e9 de devises \u00e0 afficher sur votre formulaire de don.<\/li>\n<li>Processus d&rsquo;installation et de configuration facile.<\/li>\n<li>Augmentez les taux de conversion en permettant aux donateurs de faire un don dans leur devise pr\u00e9f\u00e9r\u00e9e.<\/li>\n<li>Am\u00e9liorez l&rsquo;exp\u00e9rience utilisateur en offrant un commutateur de devises sur votre formulaire de don.<\/li>\n<li>Compatible avec GiveWP Version -3 ou sup\u00e9rieur.<\/li>\n<li>Conversion de devises automatique bas\u00e9e sur les taux de change actuels.<\/li>\n<li>D\u00e9finissez la devise par d\u00e9faut pour assurer des rapports coh\u00e9rents.<\/li>\n<li>Am\u00e9liorez vos efforts de collecte de fonds avec un commutateur de devises qui r\u00e9pond aux besoins des donateurs internationaux.<\/li>\n<\/ul>\n","protected":false},"excerpt":{"rendered":"<p>Le Switcher de devises GiveWP est un plugin incroyablement robuste, qui accorde la capacit\u00e9 de fournir une multitude d&rsquo;alternatives de devises \u00e0 vos donateurs estim\u00e9s sur votre formulaire de don GiveWP. En utilisant cet outil exceptionnel, vous pouvez \u00e9largir sans effort la port\u00e9e de votre base de donneurs et \u00e9tablir des connexions avec des donateurs originaires de tous les coins du globe. La simplicit\u00e9 associ\u00e9e \u00e0 la configuration et \u00e0 l&rsquo;utilisation du commutateur de devise le rend un composant essentiel pour tout site Web qui est dans la pratique de recevoir des dons. Accordez \u00e0 vos g\u00e9n\u00e9reux donateurs la flexibilit\u00e9 tr\u00e8s d\u00e9sir\u00e9e pour contribuer dans leur devise pr\u00e9f\u00e9r\u00e9e, et \u00e9merveillez-vous que vos num\u00e9ros de don augmentent \u00e0 des hauteurs sans pr\u00e9c\u00e9dent!<\/p>\n","protected":false},"featured_media":143996,"comment_status":"open","ping_status":"open","template":"","meta":[],"product_brand":[2561],"product_cat":[1189,1181,1186],"product_tag":[2282],"class_list":{"0":"post-119706","1":"product","2":"type-product","3":"status-publish","4":"has-post-thumbnail","6":"product_brand-givewp","7":"product_cat-personnalisation","8":"product_cat-plugins","9":"product_cat-wordpress-plugins","10":"product_tag-givewp","11":"member-discount","12":"discount-restricted","14":"first","15":"instock","16":"sale","17":"downloadable","18":"virtual","19":"sold-individually","20":"purchasable","21":"product-type-simple"},"_links":{"self":[{"href":"https:\/\/gpl-love.com\/fr\/wp-json\/wp\/v2\/product\/119706","targetHints":{"allow":["GET"]}}],"collection":[{"href":"https:\/\/gpl-love.com\/fr\/wp-json\/wp\/v2\/product"}],"about":[{"href":"https:\/\/gpl-love.com\/fr\/wp-json\/wp\/v2\/types\/product"}],"replies":[{"embeddable":true,"href":"https:\/\/gpl-love.com\/fr\/wp-json\/wp\/v2\/comments?post=119706"}],"wp:featuredmedia":[{"embeddable":true,"href":"https:\/\/gpl-love.com\/fr\/wp-json\/wp\/v2\/media\/143996"}],"wp:attachment":[{"href":"https:\/\/gpl-love.com\/fr\/wp-json\/wp\/v2\/media?parent=119706"}],"wp:term":[{"taxonomy":"product_brand","embeddable":true,"href":"https:\/\/gpl-love.com\/fr\/wp-json\/wp\/v2\/product_brand?post=119706"},{"taxonomy":"product_cat","embeddable":true,"href":"https:\/\/gpl-love.com\/fr\/wp-json\/wp\/v2\/product_cat?post=119706"},{"taxonomy":"product_tag","embeddable":true,"href":"https:\/\/gpl-love.com\/fr\/wp-json\/wp\/v2\/product_tag?post=119706"}],"curies":[{"name":"wp","href":"https:\/\/api.w.org\/{rel}","templated":true}]}}