{"id":119704,"date":"2024-11-26T00:00:00","date_gmt":"2024-11-25T23:00:00","guid":{"rendered":"https:\/\/gpl-love.com\/fr\/produit\/give-constant-contact\/"},"modified":"2026-03-20T23:16:38","modified_gmt":"2026-03-20T22:16:38","slug":"give-constant-contact","status":"publish","type":"product","link":"https:\/\/gpl-love.com\/fr\/produit\/give-constant-contact\/","title":{"rendered":"GiveWP Constant Contact 3.0.0"},"content":{"rendered":"<h3>GiveWP Constant Contact Traits<\/h3>\n<p>GiveWP Constant Contact est un outil incroyablement robuste et efficace qui vous offre la capacit\u00e9 transparente \u00e0 int\u00e9grer sans effort vos formulaires de don GiveWP, qui sont essentiels pour les efforts de collecte de fonds de votre organisme sans but lucratif, avec la plate-forme de marketing par e-mail de contact constant tr\u00e8s efficace. En utilisant cette int\u00e9gration, vous pouvez int\u00e9grer de mani\u00e8re pratique et automatiquement int\u00e9gr\u00e9e de nouveaux donateurs dans votre liste de diffusion compl\u00e8te, \u00e9largissant ainsi efficacement votre port\u00e9e et promouvant l&rsquo;engagement. En outre, cette int\u00e9gration vous permet de cr\u00e9er et d&rsquo;ex\u00e9cuter des campagnes d&rsquo;e-mail hautement cibl\u00e9es et personnalis\u00e9es, en vous assurant de communiquer efficacement la mission, les \u00e9v\u00e9nements de votre organisme sans but lucratif et l&rsquo;impact global sur vos donateurs d\u00e9vou\u00e9s. De plus, en tirant parti du contact constant GiveWP, vous obtenez la capacit\u00e9 inestimable \u00e0 surveiller et suivre de pr\u00e8s les conversions de vos dons en temps r\u00e9el, vous permettant de prendre des d\u00e9cisions ax\u00e9es sur les donn\u00e9es qui optimiseront davantage vos strat\u00e9gies de collecte de fonds. En fin de compte, le contact constant GiveWP sert d&rsquo;outil indispensable \u00e0 tout organisme sans but lucratif cherchant non seulement \u00e0 maximiser leurs efforts de collecte de fonds, mais aussi \u00e0 cultiver et \u00e0 nourrir les liens durables et significatifs avec leurs pr\u00e9cieux donneurs.<\/p>\n<ul>\n<li>Une int\u00e9gration transparente entre les dons GiveWP et la plateforme de marketing par e-mail de contact constant<\/li>\n<li>Gardez facilement une trace des adresses e-mail des donateurs avec une synchronisation automatique entre GiveWP et Contact constant<\/li>\n<li>Utilisez des informations sur les donateurs pour cr\u00e9er des campagnes par e-mail personnalis\u00e9es et des newsletters<\/li>\n<li>Automatiser les e-mails de suivi aux donateurs apr\u00e8s avoir fait un don, encourageant l&rsquo;engagement continu<\/li>\n<li>Utilisez des analyses robustes de Constant Contact pour suivre le succ\u00e8s des campagnes de don et prendre des d\u00e9cisions bas\u00e9es sur les donn\u00e9es pour les campagnes futures<\/li>\n<li>Acc\u00e8s aux puissants outils de suivi et de rapports de don de GiveWP directement \u00e0 partir du contact constant<\/li>\n<li>Am\u00e9liorez la communication avec les donateurs et \u00e9tablissez des relations plus fortes gr\u00e2ce aux efforts de marketing par e-mail.<\/li>\n<\/ul>\n","protected":false},"excerpt":{"rendered":"<p>L&rsquo;int\u00e9gration de contact constant BidWP sert de solution optimale pour les organisations \u00e0 but non lucratif aspirant \u00e0 am\u00e9liorer l&rsquo;efficacit\u00e9 de leurs efforts de collecte de fonds. En combler efficacement l&rsquo;\u00e9cart entre les formulaires de don GiveWP et la liste des e-mails de contact constant, cet outil formidable facilite la connexion transparente requise pour maintenir l&rsquo;engagement des donateurs et s&rsquo;assurer qu&rsquo;ils poss\u00e8dent des informations \u00e0 jour concernant les derni\u00e8res initiatives de collecte de fonds. Gr\u00e2ce \u00e0 la mise en \u0153uvre de cette int\u00e9gration, les re\u00e7us de don personnalis\u00e9s et les campagnes de courrier \u00e9lectronique peuvent \u00eatre automatiquement envoy\u00e9s aux donateurs, att\u00e9nuant ainsi la charge du temps et des efforts tout en favorisant simultan\u00e9ment l&rsquo;entretien et la progression des efforts de collecte de fonds. Ainsi, si vous recherchez activement une m\u00e9thode efficace pour revitaliser et amplifier vos efforts de collecte de fonds, il est fortement recommand\u00e9 de saisir l&rsquo;opportunit\u00e9 de tester l&rsquo;int\u00e9gration de contact constant GiveWP sans d\u00e9lai!<\/p>\n","protected":false},"featured_media":143994,"comment_status":"open","ping_status":"open","template":"","meta":[],"product_brand":[2561],"product_cat":[1207,1181,1186],"product_tag":[2282],"class_list":{"0":"post-119704","1":"product","2":"type-product","3":"status-publish","4":"has-post-thumbnail","6":"product_brand-givewp","7":"product_cat-commercialisation-wordpress-plugins","8":"product_cat-plugins","9":"product_cat-wordpress-plugins","10":"product_tag-givewp","11":"member-discount","12":"discount-restricted","14":"first","15":"instock","16":"sale","17":"downloadable","18":"virtual","19":"sold-individually","20":"purchasable","21":"product-type-simple"},"_links":{"self":[{"href":"https:\/\/gpl-love.com\/fr\/wp-json\/wp\/v2\/product\/119704","targetHints":{"allow":["GET"]}}],"collection":[{"href":"https:\/\/gpl-love.com\/fr\/wp-json\/wp\/v2\/product"}],"about":[{"href":"https:\/\/gpl-love.com\/fr\/wp-json\/wp\/v2\/types\/product"}],"replies":[{"embeddable":true,"href":"https:\/\/gpl-love.com\/fr\/wp-json\/wp\/v2\/comments?post=119704"}],"wp:featuredmedia":[{"embeddable":true,"href":"https:\/\/gpl-love.com\/fr\/wp-json\/wp\/v2\/media\/143994"}],"wp:attachment":[{"href":"https:\/\/gpl-love.com\/fr\/wp-json\/wp\/v2\/media?parent=119704"}],"wp:term":[{"taxonomy":"product_brand","embeddable":true,"href":"https:\/\/gpl-love.com\/fr\/wp-json\/wp\/v2\/product_brand?post=119704"},{"taxonomy":"product_cat","embeddable":true,"href":"https:\/\/gpl-love.com\/fr\/wp-json\/wp\/v2\/product_cat?post=119704"},{"taxonomy":"product_tag","embeddable":true,"href":"https:\/\/gpl-love.com\/fr\/wp-json\/wp\/v2\/product_tag?post=119704"}],"curies":[{"name":"wp","href":"https:\/\/api.w.org\/{rel}","templated":true}]}}