{"id":119702,"date":"2024-05-16T00:00:00","date_gmt":"2024-05-15T22:00:00","guid":{"rendered":"https:\/\/gpl-love.com\/fr\/produit\/give-braintree-gateway\/"},"modified":"2026-03-20T23:16:36","modified_gmt":"2026-03-20T22:16:36","slug":"give-braintree-gateway","status":"publish","type":"product","link":"https:\/\/gpl-love.com\/fr\/produit\/give-braintree-gateway\/","title":{"rendered":"GiveWP Braintree Gateway 2.0.0"},"content":{"rendered":"<h3>GiveWP Braintree Gateway Traits<\/h3>\n<p>La passerelle GiveWP Braintree se pr\u00e9sente comme une passerelle de paiement extr\u00eamement robuste et puissante, s&rsquo;int\u00e9grant efficacement et de mani\u00e8re transparente au plugin de dons GiveWP, permettant ainsi aux utilisateurs d&rsquo;accepter sans effort et commod\u00e9ment les dons des visiteurs estim\u00e9s de leurs sites Web respectifs. Notamment, cette passerelle accorde aux utilisateurs le privil\u00e8ge d&rsquo;accepter une myriade de m\u00e9thodes de paiement, de compter les cartes de cr\u00e9dit et de d\u00e9bit, PayPal et m\u00eame Apple Pay. En outre, il est imp\u00e9ratif de mentionner que la passerelle garantit minutieusement que toutes les transactions sont effectu\u00e9es de mani\u00e8re impr\u00e9gnable s\u00e9curis\u00e9e et qu&rsquo;ils sont m\u00e9ticuleusement conformes aux normes PCI-DSS impitoyablement rigoureusement rigoureuses, garantissant ainsi finalement les int\u00e9r\u00eats de l&rsquo;utilisateur et de leur noble. donateurs. \u00c0 la lumi\u00e8re de son interface hautement intuitive et conviviale, coupl\u00e9e \u00e0 sa gamme avanc\u00e9e de fonctionnalit\u00e9s, il peut \u00eatre suppos\u00e9 sans \u00e9quivoque que la passerelle BidWP Braintree est une solution impeccable et sans \u00e9gal, adaptant \u00e0 quiconque aspire \u00e0 accumuler de fa\u00e7on habilement et efficacement par le biais des donations \u00e0 travers les Donations \u00e0 travers les Donations \u00e0 travers les Donations de fa\u00e7on habilement et efficacement par le biais de la Royaume en ligne.<\/p>\n<ul>\n<li>Int\u00e9gration facile des formulaires de don givewp avec passerelle de paiement BrainTree<\/li>\n<li>S\u00e9curiser les transactions en ligne avec des mesures avanc\u00e9es de protection contre la fraude<\/li>\n<li>Acceptation de plusieurs m\u00e9thodes de paiement, y compris les cartes de cr\u00e9dit \/ d\u00e9bit et PayPal<\/li>\n<li>Personnalisation des formulaires de don et de l&rsquo;exp\u00e9rience utilisateur pour s&rsquo;adapter \u00e0 votre marque<\/li>\n<li>Gestion simplifi\u00e9e des dons avec des dons r\u00e9currents automatis\u00e9s et des rapports de donneurs<\/li>\n<li>Acc\u00e8s au support client et aux ressources de Braintree pour les op\u00e9rations plus lisses.<\/li>\n<\/ul>\n","protected":false},"excerpt":{"rendered":"<p>La passerelle GiveWP BrainTree est une passerelle de paiement tr\u00e8s sophistiqu\u00e9e, con\u00e7ue pour r\u00e9pondre aux besoins des entreprises et des particuliers, en fournissant une plate-forme s\u00e9curis\u00e9e pour accepter les paiements en ligne. Son interface conviviale et ses fonctionnalit\u00e9s de s\u00e9curit\u00e9 avanc\u00e9es rendent remarquablement sans effort pour que les utilisateurs supervisent les transactions et optimisent leurs processus de don. En outre, l&rsquo;int\u00e9gration transparente de ce plugin avec GiveWP assure une exp\u00e9rience de traitement de paiement en ligne transparente et fiable, solidifiant sa position de solution incontournable pour ceux qui recherchent des solutions de paiement efficaces et dignes de confiance sur Internet.<\/p>\n","protected":false},"featured_media":143992,"comment_status":"open","ping_status":"open","template":"","meta":[],"product_brand":[2561],"product_cat":[1253,1181,1186],"product_tag":[2282],"class_list":{"0":"post-119702","1":"product","2":"type-product","3":"status-publish","4":"has-post-thumbnail","6":"product_brand-givewp","7":"product_cat-paiement","8":"product_cat-plugins","9":"product_cat-wordpress-plugins","10":"product_tag-givewp","11":"member-discount","12":"discount-restricted","14":"first","15":"instock","16":"sale","17":"downloadable","18":"virtual","19":"sold-individually","20":"purchasable","21":"product-type-simple"},"_links":{"self":[{"href":"https:\/\/gpl-love.com\/fr\/wp-json\/wp\/v2\/product\/119702","targetHints":{"allow":["GET"]}}],"collection":[{"href":"https:\/\/gpl-love.com\/fr\/wp-json\/wp\/v2\/product"}],"about":[{"href":"https:\/\/gpl-love.com\/fr\/wp-json\/wp\/v2\/types\/product"}],"replies":[{"embeddable":true,"href":"https:\/\/gpl-love.com\/fr\/wp-json\/wp\/v2\/comments?post=119702"}],"wp:featuredmedia":[{"embeddable":true,"href":"https:\/\/gpl-love.com\/fr\/wp-json\/wp\/v2\/media\/143992"}],"wp:attachment":[{"href":"https:\/\/gpl-love.com\/fr\/wp-json\/wp\/v2\/media?parent=119702"}],"wp:term":[{"taxonomy":"product_brand","embeddable":true,"href":"https:\/\/gpl-love.com\/fr\/wp-json\/wp\/v2\/product_brand?post=119702"},{"taxonomy":"product_cat","embeddable":true,"href":"https:\/\/gpl-love.com\/fr\/wp-json\/wp\/v2\/product_cat?post=119702"},{"taxonomy":"product_tag","embeddable":true,"href":"https:\/\/gpl-love.com\/fr\/wp-json\/wp\/v2\/product_tag?post=119702"}],"curies":[{"name":"wp","href":"https:\/\/api.w.org\/{rel}","templated":true}]}}