{"id":119700,"date":"2025-05-05T00:00:00","date_gmt":"2025-05-04T22:00:00","guid":{"rendered":"https:\/\/gpl-love.com\/fr\/produit\/give-authorizenet-gateway\/"},"modified":"2026-03-20T23:16:34","modified_gmt":"2026-03-20T22:16:34","slug":"give-authorizenet-gateway","status":"publish","type":"product","link":"https:\/\/gpl-love.com\/fr\/produit\/give-authorizenet-gateway\/","title":{"rendered":"GiveWP Authorize.net Gateway 3.0.2"},"content":{"rendered":"<h3>GiveWP Authorize.net Gateway Traits<\/h3>\n<p>La passerelle GiveWP Authorize.net est une option de passerelle de paiement exceptionnelle qui vous donne la possibilit\u00e9 de recevoir des dons et des paiements via votre site Web en utilisant les services d&rsquo;Authorize.net. Ce plugin remarquable a \u00e9t\u00e9 sp\u00e9cifiquement con\u00e7u pour collaborer de mani\u00e8re transparente avec GiveWP, un plugin de dons largement reconnu pour WordPress. En incorporant la passerelle GiveWP Authorize.net, vous avez un acc\u00e8s sans effort \u00e0 l&rsquo;\u00e9tablissement et \u00e0 la gestion de votre traitement de paiement, ainsi que la possibilit\u00e9 de revoir l&rsquo;historique de votre transaction et de recevoir des rapports complets. De plus, cette passerelle prend en charge efficacement les dons ponctuels et r\u00e9currents, offrant un syst\u00e8me de traitement de paiement s\u00e9curis\u00e9 et fiable pour vos g\u00e9n\u00e9reux contributeurs. Que vous repr\u00e9sentiez une organisation caritative, une entit\u00e9 \u00e0 but non lucratif ou toute autre entit\u00e9 qui fonctionne en acceptant des dons en ligne, la passerelle GiveWP Authorize.net est un outil inestimable et polyvalent qui peut am\u00e9liorer consid\u00e9rablement vos efforts de collecte de fonds et vous permettre d&rsquo;atteindre efficacement efficacement efficacement vos objectifs souhait\u00e9s.<\/p>\n<ul>\n<li>Int\u00e9gration rapide et facile avec le plugin de don GiveWP et la passerelle de paiement Authorize.net<\/li>\n<li>Fournit une solution de traitement de paiement s\u00e9curis\u00e9e et fiable pour les dons en ligne<\/li>\n<li>Prend en charge les principales cartes de cr\u00e9dit et coch\u00e9s pour les options de paiement flexibles<\/li>\n<li>Offre une surveillance et des rapports de transactions en temps r\u00e9el pour un suivi facile des dons<\/li>\n<li>Permet de configurer des dons r\u00e9currents facilement et automatiquement pour un support continu<\/li>\n<li>Fournit des formulaires de don personnalisables avec des options de marque et de messagerie pour r\u00e9pondre aux besoins de votre organisation<\/li>\n<li>Offre des prix comp\u00e9titifs sans frais cach\u00e9s ni contrats \u00e0 long terme<\/li>\n<li>Offre un support client de premier ordre pour vous assurer que votre plate-forme de don fonctionne bien.<\/li>\n<\/ul>\n","protected":false},"excerpt":{"rendered":"<p>La passerelle GiveWP Authorize.net est une solution tr\u00e8s robuste et efficace qui facilite le traitement s\u00e9curis\u00e9 et rapide des paiements. Il a \u00e9t\u00e9 exclusivement con\u00e7u pour GiveWP, permettant aux utilisateurs de recevoir sans effort des dons et des paiements par divers moyens tels que les cartes de cr\u00e9dit, ACH et les cochets. En incorporant des fonctionnalit\u00e9s de d\u00e9tection de fraude avanc\u00e9es et en poss\u00e9dant une interface conviviale, la passerelle GiveWP Authorize.net garantit une s\u00e9curit\u00e9 et une simplicit\u00e9 plus importantes tout au long de vos transactions, b\u00e9n\u00e9ficiant \u00e0 vous et \u00e0 vos g\u00e9n\u00e9reux contributeurs. Ne perdez pas de temps et vous lancez dans votre voyage d&rsquo;acceptation de paiement transparent en b\u00e9n\u00e9ficiant de cette remarquable passerelle aujourd&rsquo;hui.<\/p>\n","protected":false},"featured_media":143990,"comment_status":"open","ping_status":"open","template":"","meta":[],"product_brand":[2561],"product_cat":[1253,1181,1186],"product_tag":[2282],"class_list":{"0":"post-119700","1":"product","2":"type-product","3":"status-publish","4":"has-post-thumbnail","6":"product_brand-givewp","7":"product_cat-paiement","8":"product_cat-plugins","9":"product_cat-wordpress-plugins","10":"product_tag-givewp","11":"member-discount","12":"discount-restricted","14":"first","15":"instock","16":"sale","17":"downloadable","18":"virtual","19":"sold-individually","20":"purchasable","21":"product-type-simple"},"_links":{"self":[{"href":"https:\/\/gpl-love.com\/fr\/wp-json\/wp\/v2\/product\/119700","targetHints":{"allow":["GET"]}}],"collection":[{"href":"https:\/\/gpl-love.com\/fr\/wp-json\/wp\/v2\/product"}],"about":[{"href":"https:\/\/gpl-love.com\/fr\/wp-json\/wp\/v2\/types\/product"}],"replies":[{"embeddable":true,"href":"https:\/\/gpl-love.com\/fr\/wp-json\/wp\/v2\/comments?post=119700"}],"wp:featuredmedia":[{"embeddable":true,"href":"https:\/\/gpl-love.com\/fr\/wp-json\/wp\/v2\/media\/143990"}],"wp:attachment":[{"href":"https:\/\/gpl-love.com\/fr\/wp-json\/wp\/v2\/media?parent=119700"}],"wp:term":[{"taxonomy":"product_brand","embeddable":true,"href":"https:\/\/gpl-love.com\/fr\/wp-json\/wp\/v2\/product_brand?post=119700"},{"taxonomy":"product_cat","embeddable":true,"href":"https:\/\/gpl-love.com\/fr\/wp-json\/wp\/v2\/product_cat?post=119700"},{"taxonomy":"product_tag","embeddable":true,"href":"https:\/\/gpl-love.com\/fr\/wp-json\/wp\/v2\/product_tag?post=119700"}],"curies":[{"name":"wp","href":"https:\/\/api.w.org\/{rel}","templated":true}]}}