{"id":119698,"date":"2024-04-05T00:00:00","date_gmt":"2024-04-04T22:00:00","guid":{"rendered":"https:\/\/gpl-love.com\/fr\/produit\/give-2checkout-gateway\/"},"modified":"2026-03-20T23:16:32","modified_gmt":"2026-03-20T22:16:32","slug":"give-2checkout-gateway","status":"publish","type":"product","link":"https:\/\/gpl-love.com\/fr\/produit\/give-2checkout-gateway\/","title":{"rendered":"GiveWP 2Checkout Gateway 2.0.0"},"content":{"rendered":"<h3>GiveWP 2Checkout Gateway Traits<\/h3>\n<p>La passerelle GiveWP 2Checkout sert d&rsquo;appareil robuste et efficace pour le traitement des paiements, ce qui a fourni aux entreprises les moyens d&rsquo;accepter de mani\u00e8re transparente les paiements en ligne. Cette passerelle poss\u00e8de la capacit\u00e9 remarquable pour accueillir un \u00e9ventail de m\u00e9thodes de paiement, englobant les cartes de cr\u00e9dit et de d\u00e9bit, PayPal et Apple Pay. Sa conception permet une int\u00e9gration sans effort avec la plate-forme GiveWP, facilitant un processus d&rsquo;installation et d&rsquo;utilisation sans tracas. Les entreprises ont la possibilit\u00e9 de personnaliser leurs formulaires de paiement, d&rsquo;\u00e9tablir des dons r\u00e9currents et de recevoir rapidement des notifications de paiement en temps r\u00e9el. En mettant en \u0153uvre cette passerelle, les entreprises peuvent se pr\u00e9valoir d&rsquo;un syst\u00e8me de traitement des paiements s\u00e9curis\u00e9 qui prot\u00e8ge les activit\u00e9s frauduleuses et les transactions non autoris\u00e9es, assurant ainsi la protection des deux entreprises et de leurs pr\u00e9cieux clients. La passerelle GiveWP 2Checkout peut \u00eatre consid\u00e9r\u00e9e en toute confiance comme un outil de traitement des paiements in\u00e9branlable et tr\u00e8s efficace, m\u00e9ticuleusement con\u00e7ue pour acc\u00e9l\u00e9rer l&rsquo;acceptation des paiements pour les entreprises.<\/p>\n<ul>\n<li>Accepte les paiements effectu\u00e9s via 2Checkout.<\/li>\n<li>Permet l&rsquo;int\u00e9gration des formulaires de don GiveWP avec une passerelle de paiement 2Checkout.<\/li>\n<li>Prend en charge plusieurs devises.<\/li>\n<li>Fournit un traitement de paiement s\u00e9curis\u00e9 avec les caract\u00e9ristiques de d\u00e9tection et de pr\u00e9vention de la fraude de 2Checkout.<\/li>\n<li>Configuration et configuration faciles dans les param\u00e8tres GiveWP.<\/li>\n<li>Permet des dons r\u00e9currents via la gestion d&rsquo;abonnement 2Checkout.<\/li>\n<li>Compatible avec le noyau BidWP et les modules compl\u00e9mentaires.<\/li>\n<li>Fournit des rapports d\u00e9taill\u00e9s de transaction et de don dans le tableau de bord BidWP.<\/li>\n<li>Offre le support client et la documentation pour assurer une int\u00e9gration transparente.<\/li>\n<\/ul>\n","protected":false},"excerpt":{"rendered":"<p>La passerelle GiveWP 2Checkout, une ressource extr\u00eamement importante pour les entreprises et les organisations souhaitant adopter l&rsquo;acceptation des dons en ligne, sert d&rsquo;outil inestimable. En utilisant cette passerelle, les entit\u00e9s peuvent faciliter sans effort le traitement des paiements des donateurs par le biais de l&rsquo;utilisation de 2Checkout, une plate-forme de paiement en ligne estim\u00e9e et imperm\u00e9able. Remarquablement, la passerelle GiveWP 2Checkout assure l&rsquo;int\u00e9gration transparente avec votre site Web, accordant ainsi aux donateurs la possibilit\u00e9 de faire des dons avec une facilit\u00e9 et une commodit\u00e9 in\u00e9gal\u00e9es. De plus, cette passerelle offre \u00e9galement aux utilisateurs des outils de reporting et d&rsquo;analyse en temps r\u00e9el, qui servent \u00e0 offrir des informations inestimables sur la composition de votre base de donneurs et permet l&rsquo;optimisation de vos efforts de collecte de fonds. Si votre objectif est de rationaliser le processus de don en ligne tout en maximisant simultan\u00e9ment l&rsquo;engagement des donateurs, la passerelle GiveWP 2Checkout est ind\u00e9niablement comme le choix par excellence.<\/p>\n","protected":false},"featured_media":143987,"comment_status":"open","ping_status":"open","template":"","meta":[],"product_brand":[2561],"product_cat":[1253,1181,1186],"product_tag":[2282],"class_list":{"0":"post-119698","1":"product","2":"type-product","3":"status-publish","4":"has-post-thumbnail","6":"product_brand-givewp","7":"product_cat-paiement","8":"product_cat-plugins","9":"product_cat-wordpress-plugins","10":"product_tag-givewp","11":"member-discount","12":"discount-restricted","14":"first","15":"instock","16":"sale","17":"downloadable","18":"virtual","19":"sold-individually","20":"purchasable","21":"product-type-simple"},"_links":{"self":[{"href":"https:\/\/gpl-love.com\/fr\/wp-json\/wp\/v2\/product\/119698","targetHints":{"allow":["GET"]}}],"collection":[{"href":"https:\/\/gpl-love.com\/fr\/wp-json\/wp\/v2\/product"}],"about":[{"href":"https:\/\/gpl-love.com\/fr\/wp-json\/wp\/v2\/types\/product"}],"replies":[{"embeddable":true,"href":"https:\/\/gpl-love.com\/fr\/wp-json\/wp\/v2\/comments?post=119698"}],"wp:featuredmedia":[{"embeddable":true,"href":"https:\/\/gpl-love.com\/fr\/wp-json\/wp\/v2\/media\/143987"}],"wp:attachment":[{"href":"https:\/\/gpl-love.com\/fr\/wp-json\/wp\/v2\/media?parent=119698"}],"wp:term":[{"taxonomy":"product_brand","embeddable":true,"href":"https:\/\/gpl-love.com\/fr\/wp-json\/wp\/v2\/product_brand?post=119698"},{"taxonomy":"product_cat","embeddable":true,"href":"https:\/\/gpl-love.com\/fr\/wp-json\/wp\/v2\/product_cat?post=119698"},{"taxonomy":"product_tag","embeddable":true,"href":"https:\/\/gpl-love.com\/fr\/wp-json\/wp\/v2\/product_tag?post=119698"}],"curies":[{"name":"wp","href":"https:\/\/api.w.org\/{rel}","templated":true}]}}