{"id":119638,"date":"2025-10-23T00:00:00","date_gmt":"2025-10-22T22:00:00","guid":{"rendered":"https:\/\/gpl-love.com\/fr\/produit\/woocommerce-chase-paymentech\/"},"modified":"2026-03-20T23:44:54","modified_gmt":"2026-03-20T22:44:54","slug":"woocommerce-chase-paymentech","status":"publish","type":"product","link":"https:\/\/gpl-love.com\/fr\/produit\/woocommerce-chase-paymentech\/","title":{"rendered":"WooCommerce Chase Paymentech 1.19.1"},"content":{"rendered":"<h3>WooCommerce Chase Paymentech Traits<\/h3>\n<p>WOOCOMMERCE CHASE PAYSECH est une extension de passerelle de paiement tr\u00e8s efficace sp\u00e9cialement con\u00e7ue pour les magasins en ligne qui utilisent le plugin WooCommerce. Ce plugin particulier facilite une int\u00e9gration remarquablement fluide avec Chase Payech, une entit\u00e9 estim\u00e9e sp\u00e9cialis\u00e9e dans la fourniture de services de traitement des paiements. Gr\u00e2ce \u00e0 l&rsquo;utilisation de cette prolongation, les clients ont la commodit\u00e9 d&rsquo;ex\u00e9cuter des paiements en ligne via un \u00e9ventail de m\u00e9thodes, y compris des cartes de cr\u00e9dit, des cartes de d\u00e9bit et d&rsquo;autres modes de paiement \u00e9lectronique. Notamment, ce plugin offre un moyen impeccablement s\u00e9curis\u00e9 et fiable de traiter les paiements, garantissant ainsi la gestion rapide et efficace des transactions. De plus, il poss\u00e8de un assortiment de fonctionnalit\u00e9s avanc\u00e9es qui contribuent profond\u00e9ment \u00e0 l&rsquo;efficacit\u00e9 globale de la plate-forme. Ces fonctionnalit\u00e9s englobent les m\u00e9canismes de d\u00e9tection et de pr\u00e9vention de la fraude, des fonctionnalit\u00e9s de paiement r\u00e9currentes et un soutien solide pour un large \u00e9ventail de devises. Essentiellement, il est sans \u00e9quivoque \u00e9vident que WooCommerce Chase Paysech repr\u00e9sente un outil indispensable qui est absolument indispensable \u00e0 toute entreprise en ligne qui aspire \u00e0 offrir \u00e0 ses clients de pr\u00e9cieux une exp\u00e9rience qui est \u00e0 la fois int\u00e9gr\u00e9e et extr\u00eamement s\u00e9curis\u00e9e en ce qui concerne le traitement des paiements.<\/p>\n<ul>\n<li>Offre une int\u00e9gration transparente avec WooCommerce pour traiter les paiements<\/li>\n<li>Propuls\u00e9 par Chase Paysech, un premier fournisseur de solutions de traitement des paiements<\/li>\n<li>Prend en charge un large \u00e9ventail de m\u00e9thodes de paiement, y compris des cartes de cr\u00e9dit et de d\u00e9bit, des ch\u00e8ques \u00e9lectroniques et des cartes-cadeaux<\/li>\n<li>Assure des transactions s\u00e9curis\u00e9es gr\u00e2ce \u00e0 des mesures avanc\u00e9es de cryptage et de pr\u00e9vention de la fraude<\/li>\n<li>Fournit des rapports et des analyses en temps r\u00e9el pour une meilleure compr\u00e9hension des performances des ventes et du comportement des clients<\/li>\n<li>Rationalise la gestion des commandes et r\u00e9duit la saisie manuelle des donn\u00e9es avec la synchronisation automatique des informations de paiement et de commande<\/li>\n<li>Offre une configuration et une configuration faciles pour une impl\u00e9mentation sans tracas<\/li>\n<li>Comprend un support technique et des ressources d\u00e9di\u00e9s pour aider \u00e0 tout probl\u00e8me ou question.<\/li>\n<\/ul>\n","protected":false},"excerpt":{"rendered":"<p>Le plugin WooCommerce Chase Payech, un outil tr\u00e8s robuste et efficace, permet aux marchands de commerce \u00e9lectronique de faciliter sans effort les transactions de paiement s\u00e9curis\u00e9es des clients en utilisant leur compte Chase Payech estim\u00e9. Ce plugin installable sans effort inactimable fusionne parfaitement avec votre boutique WooCommerce, vous offrant une passerelle de paiement in\u00e9branlable qui garantit des transactions sans faille et une exp\u00e9rience client exceptionnelle. En incorporant le WooCommerce Chase Paysech, vous pouvez \u00e9lever de fa\u00e7on exponentielle vos ventes en ligne et offrir \u00e0 votre client\u00e8le estim\u00e9 une alternative de paiement sans tracas qui insuffle un sentiment de confiance. Commencez \u00e0 forger des connexions avec une client\u00e8le plus grande aujourd&rsquo;hui et \u00e9largissez votre entreprise virtuelle de fa\u00e7on exponentielle en exploitant la convivialit\u00e9 sans pr\u00e9c\u00e9dent de cette solution de paiement sophistiqu\u00e9e.<\/p>\n","protected":false},"featured_media":145834,"comment_status":"open","ping_status":"open","template":"","meta":[],"product_brand":[2440],"product_cat":[1182,1401,1181],"product_tag":[1398],"class_list":{"0":"post-119638","1":"product","2":"type-product","3":"status-publish","4":"has-post-thumbnail","6":"product_brand-woocommerce","7":"product_cat-commerce-electronique-plugins","8":"product_cat-paiement-commerce-electronique-plugins","9":"product_cat-plugins","10":"product_tag-woocommerce","11":"member-discount","12":"discount-restricted","14":"first","15":"instock","16":"sale","17":"downloadable","18":"virtual","19":"sold-individually","20":"purchasable","21":"product-type-simple"},"_links":{"self":[{"href":"https:\/\/gpl-love.com\/fr\/wp-json\/wp\/v2\/product\/119638","targetHints":{"allow":["GET"]}}],"collection":[{"href":"https:\/\/gpl-love.com\/fr\/wp-json\/wp\/v2\/product"}],"about":[{"href":"https:\/\/gpl-love.com\/fr\/wp-json\/wp\/v2\/types\/product"}],"replies":[{"embeddable":true,"href":"https:\/\/gpl-love.com\/fr\/wp-json\/wp\/v2\/comments?post=119638"}],"wp:featuredmedia":[{"embeddable":true,"href":"https:\/\/gpl-love.com\/fr\/wp-json\/wp\/v2\/media\/145834"}],"wp:attachment":[{"href":"https:\/\/gpl-love.com\/fr\/wp-json\/wp\/v2\/media?parent=119638"}],"wp:term":[{"taxonomy":"product_brand","embeddable":true,"href":"https:\/\/gpl-love.com\/fr\/wp-json\/wp\/v2\/product_brand?post=119638"},{"taxonomy":"product_cat","embeddable":true,"href":"https:\/\/gpl-love.com\/fr\/wp-json\/wp\/v2\/product_cat?post=119638"},{"taxonomy":"product_tag","embeddable":true,"href":"https:\/\/gpl-love.com\/fr\/wp-json\/wp\/v2\/product_tag?post=119638"}],"curies":[{"name":"wp","href":"https:\/\/api.w.org\/{rel}","templated":true}]}}