{"id":119624,"date":"2021-11-20T00:00:00","date_gmt":"2021-11-19T23:00:00","guid":{"rendered":"https:\/\/gpl-love.com\/fr\/produit\/storefront-bistro\/"},"modified":"2026-03-20T23:37:06","modified_gmt":"2026-03-20T22:37:06","slug":"storefront-bistro","status":"publish","type":"product","link":"https:\/\/gpl-love.com\/fr\/produit\/storefront-bistro\/","title":{"rendered":"Storefront Bistro 1.10.14"},"content":{"rendered":"<h3>Storefront Bistro Traits<\/h3>\n<p>Storefront Bistro, une solution logicielle tr\u00e8s acclam\u00e9e, a \u00e9t\u00e9 compliqu\u00e9e pour r\u00e9pondre aux besoins sp\u00e9cifiques des propri\u00e9taires de restaurants, leur permettant de superviser de mani\u00e8re transparente et efficace leurs op\u00e9rations commerciales. En raison de son interface remarquablement intuitive et de sa formidable gamme de fonctionnalit\u00e9s de pointe, ce logiciel appara\u00eet comme l&rsquo;outil ultime pour rationaliser sans effort le processus de commande, surveillant m\u00e9ticuleusement les niveaux d&rsquo;inventaire, g\u00e9rer efficacement la main-d&rsquo;\u0153uvre et une myriade d&rsquo;autres t\u00e2ches indispensables. Peu importe que vous pr\u00e9siiez un caf\u00e9 pittoresque ou un bistrot anim\u00e9, Storefront Bistro poss\u00e8de invariablement tous les \u00e9l\u00e9ments indispensables qui sont essentiels pour augmenter vos gains financiers et garantir que vos clients estim\u00e9s sont trait\u00e9s \u00e0 une exp\u00e9rience culinaire qui est vraiment sans pr\u00e9c\u00e9dent. Ainsi, sans plus de retard, saisissez l&rsquo;occasion de se lancer dans un voyage transformateur avec le bistrot de vitrine et t\u00e9moigne de premi\u00e8re main l&rsquo;impact profond que cela peut avoir sur vos efforts!<\/p>\n<ul>\n<li>Plateforme num\u00e9rique pour g\u00e9rer les commandes et les stocks dans un bistrot de devanture<\/li>\n<li>Interface facile \u00e0 utiliser pour que le personnel entre et g\u00e9rer les commandes, suivre les stocks et afficher les donn\u00e9es de vente<\/li>\n<li>Options de menu personnalisables et tarification pour diff\u00e9rentes moments de la journ\u00e9e ou des \u00e9v\u00e9nements<\/li>\n<li>Mises \u00e0 jour en temps r\u00e9el sur les niveaux d&rsquo;inventaire pour emp\u00eacher la commande ou sous<\/li>\n<li>Rapports de vente d\u00e9taill\u00e9s pour l&rsquo;analyse et les pr\u00e9visions<\/li>\n<li>S&rsquo;int\u00e8gre aux syst\u00e8mes POS existants et aux logiciels comptables<\/li>\n<li>Peut \u00eatre accessible sur plusieurs appareils pour une utilisation pratique dans un environnement de restaurant occup\u00e9<\/li>\n<li>Stockage s\u00e9curis\u00e9 et bas\u00e9 sur le cloud pour un acc\u00e8s facile et une collaboration entre le personnel et la gestion.<\/li>\n<\/ul>\n","protected":false},"excerpt":{"rendered":"<p>Situ\u00e9 dans un lieu de charme, le Bistro de devanture est une destination id\u00e9ale pour les personnes cherchant \u00e0 savourer une d\u00e9licieuse exp\u00e9rience culinaire en compagnie de leurs proches. B\u00e9n\u00e9ficiant d&rsquo;une ambiance accueillante, cet \u00e9tablissement offre une vaste gamme d&rsquo;options de menu d\u00e9licieuses, passant des sandwichs d\u00e9licieux aux desserts irr\u00e9sistibles. Par cons\u00e9quent, les \u00e9picuriens sont implor\u00e9s \u00e0 rendre visite \u00e0 ce bistrot renomm\u00e9, o\u00f9 ils peuvent se d\u00e9lecter de la tranquillit\u00e9 et de la s\u00e9r\u00e9nit\u00e9 qui impr\u00e8gne l&rsquo;air tout en se livrant aux saveurs succulentes qui \u00e9manent de la cuisine. Qu&rsquo;on d\u00e9sire un grignotage rapide ou une affaire gastronomique \u00e9labor\u00e9e, le bistrot de vitrine assure sans \u00e9quivoque la sati\u00e9t\u00e9 de leurs papilles, provoquant ainsi un d\u00e9sir insatiable pour une exploration culinaire suppl\u00e9mentaire.<\/p>\n","protected":false},"featured_media":145332,"comment_status":"open","ping_status":"open","template":"","meta":[],"product_brand":[2440],"product_cat":[1238,1851,1212],"product_tag":[1398],"class_list":{"0":"post-119624","1":"product","2":"type-product","3":"status-publish","4":"has-post-thumbnail","6":"product_brand-woocommerce","7":"product_cat-commerce-electronique-themes","8":"product_cat-entreprise-commerce-electronique-themes","9":"product_cat-themes","10":"product_tag-woocommerce","11":"member-discount","12":"discount-restricted","14":"first","15":"instock","16":"sale","17":"downloadable","18":"virtual","19":"sold-individually","20":"purchasable","21":"product-type-simple"},"_links":{"self":[{"href":"https:\/\/gpl-love.com\/fr\/wp-json\/wp\/v2\/product\/119624","targetHints":{"allow":["GET"]}}],"collection":[{"href":"https:\/\/gpl-love.com\/fr\/wp-json\/wp\/v2\/product"}],"about":[{"href":"https:\/\/gpl-love.com\/fr\/wp-json\/wp\/v2\/types\/product"}],"replies":[{"embeddable":true,"href":"https:\/\/gpl-love.com\/fr\/wp-json\/wp\/v2\/comments?post=119624"}],"wp:featuredmedia":[{"embeddable":true,"href":"https:\/\/gpl-love.com\/fr\/wp-json\/wp\/v2\/media\/145332"}],"wp:attachment":[{"href":"https:\/\/gpl-love.com\/fr\/wp-json\/wp\/v2\/media?parent=119624"}],"wp:term":[{"taxonomy":"product_brand","embeddable":true,"href":"https:\/\/gpl-love.com\/fr\/wp-json\/wp\/v2\/product_brand?post=119624"},{"taxonomy":"product_cat","embeddable":true,"href":"https:\/\/gpl-love.com\/fr\/wp-json\/wp\/v2\/product_cat?post=119624"},{"taxonomy":"product_tag","embeddable":true,"href":"https:\/\/gpl-love.com\/fr\/wp-json\/wp\/v2\/product_tag?post=119624"}],"curies":[{"name":"wp","href":"https:\/\/api.w.org\/{rel}","templated":true}]}}