{"id":119622,"date":"2021-11-20T00:00:00","date_gmt":"2021-11-19T23:00:00","guid":{"rendered":"https:\/\/gpl-love.com\/fr\/produit\/storefront-boutique\/"},"modified":"2026-03-20T23:37:08","modified_gmt":"2026-03-20T22:37:08","slug":"storefront-boutique","status":"publish","type":"product","link":"https:\/\/gpl-love.com\/fr\/produit\/storefront-boutique\/","title":{"rendered":"Storefront Boutique 2.0.17"},"content":{"rendered":"<h3>Storefront Boutique Traits<\/h3>\n<p>Storefront Boutique, un \u00e9tablissement de vente au d\u00e9tail exquis et de pointe, offre une vaste gamme de marchandises \u00e0 sa client\u00e8le estim\u00e9e. Allant de tenues \u00e0 la mode et d&rsquo;accessoires aux embellissements de la maison et aux cadeaux d\u00e9licieux, cet emporium ne laisse aucune pierre non retourn\u00e9e dans sa poursuite pour r\u00e9pondre \u00e0 divers besoins des consommateurs. L&rsquo;ambiance accueillante et \u00e0 la mode de l&rsquo;\u00e9tablissement, associ\u00e9e \u00e0 son personnel aimable et bien inform\u00e9, lui rend le paradis id\u00e9al pour les personnes \u00e0 la recherche de produits de premier ordre et modistes. En organisant m\u00e9ticuleusement un assortiment de produits qui s&rsquo;adressent \u00e0 un assortiment de go\u00fbts et de pr\u00e9f\u00e9rences, la boutique de devanture appara\u00eet comme le paradis ultime pour les acheteurs aspirant \u00e0 rester \u00e0 l&rsquo;avant-garde des tendances contemporaines. Qu&rsquo;on soit \u00e0 la recherche d&rsquo;un ensemble frais, d&rsquo;une pi\u00e8ce de bijoux qui attire l&rsquo;attention ou d&rsquo;un cadeau sentimental pour une personne ch\u00e9ri, la boutique de devanture est pr\u00eate \u00e0 r\u00e9pondre \u00e0 leurs d\u00e9sirs.<\/p>\n<ul>\n<li>Une vitrine visuellement magnifique et professionnelle pour votre boutique<\/li>\n<li>Conception personnalisable pour pr\u00e9senter votre marque et vos produits<\/li>\n<li>Passerelles de paiement int\u00e9gr\u00e9es pour les transactions transparentes<\/li>\n<li>Navigation conviviale pour une exp\u00e9rience de navigation et d&rsquo;achat facile<\/li>\n<li>Conception sensible au mobile pour l&rsquo;acc\u00e8s sur n&rsquo;importe quel appareil<\/li>\n<li>Gestion intuitive du catalogue de produits pour des mises \u00e0 jour et des ajouts faciles<\/li>\n<li>H\u00e9bergement s\u00e9curis\u00e9 et fiable pour des performances ininterrompues<\/li>\n<li>Optimisation du r\u00e9f\u00e9rencement pour am\u00e9liorer la visibilit\u00e9 sur les moteurs de recherche<\/li>\n<li>Int\u00e9gration avec les m\u00e9dias sociaux pour une port\u00e9e et un engagement \u00e9largis<\/li>\n<li>Ventes d\u00e9taill\u00e9es et rapports d&rsquo;inventaire pour la prise de d\u00e9cision \u00e9clair\u00e9e.<\/li>\n<\/ul>\n","protected":false},"excerpt":{"rendered":"<p>La boutique de devanture vous offre la possibilit\u00e9 d&rsquo;\u00e9tablir sans effort et rapidement une boutique en ligne accrocheuse et conviviale en quelques minutes. Son interface intuitive vous permet de pr\u00e9senter efficacement vos produits, de traiter les commandes et de superviser efficacement les ventes, toutes consolid\u00e9es facilement dans une plate-forme singuli\u00e8re. Sp\u00e9cifiquement adapt\u00e9 aux petites entreprises et aux personnes ind\u00e9pendantes entreprenantes, cette plate-forme exceptionnelle \u00e9limine la n\u00e9cessit\u00e9 d&rsquo;une expertise technique avanc\u00e9e, vous permettant d&rsquo;\u00e9tablir sans effort une pr\u00e9sence en ligne polie. S\u00e9lectionnez parmi une vaste vari\u00e9t\u00e9 de mod\u00e8les personnalisables pour harmoniser de mani\u00e8re transparente votre vitrine avec votre marque unique. Embarquez dans votre voyage de vente num\u00e9rique sans effort et avec la plus grande confiance, gracieuset\u00e9 de la boutique exceptionnelle de vitrines.<\/p>\n","protected":false},"featured_media":145334,"comment_status":"open","ping_status":"open","template":"","meta":[],"product_brand":[2440],"product_cat":[1238,1851,1212],"product_tag":[1398],"class_list":{"0":"post-119622","1":"product","2":"type-product","3":"status-publish","4":"has-post-thumbnail","6":"product_brand-woocommerce","7":"product_cat-commerce-electronique-themes","8":"product_cat-entreprise-commerce-electronique-themes","9":"product_cat-themes","10":"product_tag-woocommerce","11":"member-discount","12":"discount-restricted","14":"first","15":"instock","16":"sale","17":"downloadable","18":"virtual","19":"sold-individually","20":"purchasable","21":"product-type-simple"},"_links":{"self":[{"href":"https:\/\/gpl-love.com\/fr\/wp-json\/wp\/v2\/product\/119622","targetHints":{"allow":["GET"]}}],"collection":[{"href":"https:\/\/gpl-love.com\/fr\/wp-json\/wp\/v2\/product"}],"about":[{"href":"https:\/\/gpl-love.com\/fr\/wp-json\/wp\/v2\/types\/product"}],"replies":[{"embeddable":true,"href":"https:\/\/gpl-love.com\/fr\/wp-json\/wp\/v2\/comments?post=119622"}],"wp:featuredmedia":[{"embeddable":true,"href":"https:\/\/gpl-love.com\/fr\/wp-json\/wp\/v2\/media\/145334"}],"wp:attachment":[{"href":"https:\/\/gpl-love.com\/fr\/wp-json\/wp\/v2\/media?parent=119622"}],"wp:term":[{"taxonomy":"product_brand","embeddable":true,"href":"https:\/\/gpl-love.com\/fr\/wp-json\/wp\/v2\/product_brand?post=119622"},{"taxonomy":"product_cat","embeddable":true,"href":"https:\/\/gpl-love.com\/fr\/wp-json\/wp\/v2\/product_cat?post=119622"},{"taxonomy":"product_tag","embeddable":true,"href":"https:\/\/gpl-love.com\/fr\/wp-json\/wp\/v2\/product_tag?post=119622"}],"curies":[{"name":"wp","href":"https:\/\/api.w.org\/{rel}","templated":true}]}}