{"id":119620,"date":"2023-03-29T00:00:00","date_gmt":"2023-03-28T22:00:00","guid":{"rendered":"https:\/\/gpl-love.com\/fr\/produit\/emarket-multi-vendor-marketplace-wordpress-theme\/"},"modified":"2026-03-20T23:03:54","modified_gmt":"2026-03-20T22:03:54","slug":"emarket-multi-vendor-marketplace-wordpress-theme","status":"publish","type":"product","link":"https:\/\/gpl-love.com\/fr\/produit\/emarket-multi-vendor-marketplace-wordpress-theme\/","title":{"rendered":"eMarket Multi Vendor MarketPlace WordPress Theme 7.3.0"},"content":{"rendered":"<h3>eMarket Multi Vendor MarketPlace WordPress Theme Traits<\/h3>\n<p>Le th\u00e8me WordPress tr\u00e8s robuste et complet Emarket Multi Vendor Marketplace sert de solution exemplaire pour construire des march\u00e9s de pointe en ligne. B\u00e9n\u00e9ficiant d&rsquo;une interface exceptionnellement conviviale et d&rsquo;une vaste gamme de fonctionnalit\u00e9s personnalisables, ce th\u00e8me permet aux utilisateurs d&rsquo;\u00e9tablir sans effort un magasin virtuel poli et enti\u00e8rement fonctionnel. Ce th\u00e8me est \u00e9quip\u00e9 d&rsquo;une multitude d&rsquo;attributs exceptionnels, y compris une conception r\u00e9active, une page d&rsquo;accueil personnalisable, une large gamme d&rsquo;options d&rsquo;affichage de produits et une abondance d&rsquo;alternatives de paiement et d&rsquo;exp\u00e9dition. En outre, il propose un assortiment d&rsquo;outils de gestion des fournisseurs qui permettent aux utilisateurs de superviser et de surveiller efficacement tous les fournisseurs pr\u00e9sents sur leur site Web. En utilisant le th\u00e8me WordPress du march\u00e9 multi-fournisseur Emarket, les individus peuvent cr\u00e9er un march\u00e9 en ligne extr\u00eamement r\u00e9ussi qui garantit une exp\u00e9rience utilisateur in\u00e9gal\u00e9e pour les acheteurs et les vendeurs.<\/p>\n<ul>\n<li>Th\u00e8me de march\u00e9 multi-fournisseur hautement personnalisable et convivial pour WordPress<\/li>\n<li>Vous donne un contr\u00f4le complet sur votre entreprise en ligne, vous permettant de cr\u00e9er un march\u00e9 en ligne unique et professionnel<\/li>\n<li>Prend en charge plusieurs fournisseurs et types de produits, y compris les biens physiques, les t\u00e9l\u00e9chargements num\u00e9riques et les services<\/li>\n<li>Construit avec les derni\u00e8res normes de codage pour garantir des performances, une vitesse et une s\u00e9curit\u00e9 maximales<\/li>\n<li>Comprend des outils puissants pour g\u00e9rer les vendeurs, les produits, les transactions, les paiements et l&rsquo;exp\u00e9dition<\/li>\n<li>Livr\u00e9 avec une gamme de mod\u00e8les et de dispositions pr\u00e9d\u00e9finis, afin que vous puissiez commencer rapidement et facilement<\/li>\n<li>Comprend une int\u00e9gration transparente avec des plugins et des extensions populaires, tels que WooCommerce, PayPal et Stripe<\/li>\n<li>Convivial et enti\u00e8rement r\u00e9actif, garantissant que votre site a fi\u00e8re allure sur tous les appareils<\/li>\n<li>Offre un excellent support client et documentation pour vous aider \u00e0 tirer le meilleur parti de votre march\u00e9<\/li>\n<li>RECLARG\u00c9 MISE \u00c0 JOUR AVEC DE LA NOUVELLES DES FAUCOURS ET DES NOUVELLES pour vous assurer que votre site Web reste \u00e0 jour avec les derni\u00e8res tendances et technologies.<\/li>\n<\/ul>\n","protected":false},"excerpt":{"rendered":"<p>Le th\u00e8me WordPress EMARKET Multi Vendor Market est la solution ultime et in\u00e9gal\u00e9e pour la construction et l&rsquo;\u00e9tablissement de son propre march\u00e9 en ligne. Ce th\u00e8me particulier a \u00e9t\u00e9 complexe et adapt\u00e9 aux besoins et aux exigences sp\u00e9cifiques des entreprises de commerce \u00e9lectronique, fournissant ainsi une vaste gamme de fonctionnalit\u00e9s qui s&rsquo;adressent efficacement aux vendeurs en ligne et aux clients. En raison de sa conception et de sa fonctionnalit\u00e9 exceptionnelles, ce th\u00e8me permet la facilitation de plusieurs fournisseurs, leur accordant la possibilit\u00e9 d&rsquo;\u00e9tablir et d&rsquo;exploiter sans effort leurs propres magasins en ligne directement dans les limites de votre site Web estim\u00e9. Par cons\u00e9quent, cela offre votre client\u00e8le estim\u00e9 avec un vaste assortiment de divers produits et services \u00e0 parcourir et finalement \u00e0 se procurer. De plus, le th\u00e8me WordPress du march\u00e9 multi-fournisseur Emarket est caract\u00e9ris\u00e9 par son degr\u00e9 exceptionnel de personnalisation et de convivialit\u00e9, ce qui le rend un choix exceptionnellement appropri\u00e9 pour les individus qui se lancent dans la cr\u00e9ation d&rsquo;un march\u00e9 en ligne professionnel et tr\u00e8s efficace.<\/p>\n","protected":false},"featured_media":143739,"comment_status":"open","ping_status":"open","template":"","meta":[],"product_brand":[2433],"product_cat":[1238,1851,1212],"product_tag":[1366],"class_list":{"0":"post-119620","1":"product","2":"type-product","3":"status-publish","4":"has-post-thumbnail","6":"product_brand-themeforest","7":"product_cat-commerce-electronique-themes","8":"product_cat-entreprise-commerce-electronique-themes","9":"product_cat-themes","10":"product_tag-themeforest","11":"member-discount","12":"discount-restricted","14":"first","15":"instock","16":"sale","17":"downloadable","18":"virtual","19":"sold-individually","20":"purchasable","21":"product-type-simple"},"_links":{"self":[{"href":"https:\/\/gpl-love.com\/fr\/wp-json\/wp\/v2\/product\/119620","targetHints":{"allow":["GET"]}}],"collection":[{"href":"https:\/\/gpl-love.com\/fr\/wp-json\/wp\/v2\/product"}],"about":[{"href":"https:\/\/gpl-love.com\/fr\/wp-json\/wp\/v2\/types\/product"}],"replies":[{"embeddable":true,"href":"https:\/\/gpl-love.com\/fr\/wp-json\/wp\/v2\/comments?post=119620"}],"wp:featuredmedia":[{"embeddable":true,"href":"https:\/\/gpl-love.com\/fr\/wp-json\/wp\/v2\/media\/143739"}],"wp:attachment":[{"href":"https:\/\/gpl-love.com\/fr\/wp-json\/wp\/v2\/media?parent=119620"}],"wp:term":[{"taxonomy":"product_brand","embeddable":true,"href":"https:\/\/gpl-love.com\/fr\/wp-json\/wp\/v2\/product_brand?post=119620"},{"taxonomy":"product_cat","embeddable":true,"href":"https:\/\/gpl-love.com\/fr\/wp-json\/wp\/v2\/product_cat?post=119620"},{"taxonomy":"product_tag","embeddable":true,"href":"https:\/\/gpl-love.com\/fr\/wp-json\/wp\/v2\/product_tag?post=119620"}],"curies":[{"name":"wp","href":"https:\/\/api.w.org\/{rel}","templated":true}]}}