{"id":119605,"date":"2021-11-19T00:00:00","date_gmt":"2021-11-18T23:00:00","guid":{"rendered":"https:\/\/gpl-love.com\/fr\/produit\/happyforms-pour-amp\/"},"modified":"2026-03-20T23:19:24","modified_gmt":"2026-03-20T22:19:24","slug":"happyforms-pour-amp","status":"publish","type":"product","link":"https:\/\/gpl-love.com\/fr\/produit\/happyforms-pour-amp\/","title":{"rendered":"Happyforms pour AMP 1.0"},"content":{"rendered":"<h3>Happyforms pour AMP Traits<\/h3>\n<p>HappyForms for AMP est un plugin incroyablement robuste qui vous accorde la possibilit\u00e9 de g\u00e9n\u00e9rer des formulaires visuellement \u00e9tonnants et conviviaux pour votre site Web. En utilisant son interface de glisser-d\u00e9poser tr\u00e8s intuitive, vous poss\u00e9dez la capacit\u00e9 d&rsquo;adapter sans effort vos formulaires pour vous aligner pr\u00e9cis\u00e9ment avec vos exigences sp\u00e9cifiques et vos pr\u00e9f\u00e9rences personnelles. De plus, ce plugin in\u00e9gal\u00e9 a \u00e9t\u00e9 m\u00e9ticuleusement optimis\u00e9 pour la technologie AMP (pages mobiles acc\u00e9l\u00e9r\u00e9es), garantissant que vos formulaires se chargeront \u00e0 un rythme rapide sans pr\u00e9c\u00e9dent sur les appareils mobiles, offrant ainsi une exp\u00e9rience utilisateur impeccablement transparente. En plus de ces fonctionnalit\u00e9s extraordinaires, HappyForms for AMP englobe \u00e9galement une pl\u00e9thore de fonctionnalit\u00e9s avanc\u00e9es telles que la logique conditionnelle, les formes en plusieurs \u00e9tapes et les notifications par e-mail, ce qui en fait une solution vraiment compl\u00e8te pour toutes vos n\u00e9cessit\u00e9s de cr\u00e9ation de formulaires. Par cons\u00e9quent, que votre intention soit de construire des formulaires de contact revigorants, des formulaires d&rsquo;enregistrement convaincants ou toute autre vari\u00e9t\u00e9 de forme, assurez-vous que HappyForms pour AMP est sans \u00e9quivoque le choix par excellence pour vous.<\/p>\n<ul>\n<li>Processus de cr\u00e9ation de formulaire rationalis\u00e9 pour un engagement client plus rapide<\/li>\n<li>Compatibilit\u00e9 des ampli pour des performances plus rapides et plus lisses sur les appareils mobiles<\/li>\n<li>Champs et conceptions de formulaires personnalisables pour correspondre \u00e0 votre marque<\/li>\n<li>Interface conviviale pour une construction et une gestion faciles<\/li>\n<li>Analyse avanc\u00e9e pour suivre les soumissions de formulaires et les taux d&rsquo;engagement<\/li>\n<li>Int\u00e9gration transparente avec le marketing par e-mail populaire et les outils CRM<\/li>\n<li>Conforme au RGPD pour la collecte et le stockage de donn\u00e9es s\u00e9curis\u00e9es<\/li>\n<li>\u00c9quipe de support d\u00e9di\u00e9e \u00e0 toutes les questions ou probl\u00e8mes.<\/li>\n<\/ul>\n","protected":false},"excerpt":{"rendered":"<p>HappyForms for AMP est une solution tr\u00e8s robuste et formidable m\u00e9ticuleusement con\u00e7ue pour g\u00e9n\u00e9rer des formes esth\u00e9tique et interactives qui s&rsquo;int\u00e8grent de mani\u00e8re transparente \u00e0 la technologie acc\u00e9l\u00e9r\u00e9e des pages mobiles (AMP). Ce produit de pointe et r\u00e9volutionnaire vous permet de construire sans effort des formulaires sur mesure et intuitifs qui se chargent rapidement sur les appareils mobiles, garantissant une exp\u00e9rience utilisateur in\u00e9gal\u00e9e de la plus grande qualit\u00e9. Que votre objectif soit de fabriquer un formulaire de contact, une enqu\u00eate compl\u00e8te ou toute autre variante de forme, HappyForms for AMP englobe un \u00e9ventail complet de fonctionnalit\u00e9s et de fonctionnalit\u00e9s qui am\u00e9lioreront sans aucun doute l&rsquo;attrait, la productivit\u00e9 et la convivialit\u00e9 de votre site Web.<\/p>\n","protected":false},"featured_media":144170,"comment_status":"open","ping_status":"open","template":"","meta":[],"product_brand":[2447],"product_cat":[1189,1181,1186],"product_tag":[2279],"class_list":{"0":"post-119605","1":"product","2":"type-product","3":"status-publish","4":"has-post-thumbnail","6":"product_brand-amp-wp","7":"product_cat-personnalisation","8":"product_cat-plugins","9":"product_cat-wordpress-plugins","10":"product_tag-amp-wp","11":"member-discount","12":"discount-restricted","14":"first","15":"instock","16":"sale","17":"downloadable","18":"virtual","19":"sold-individually","20":"purchasable","21":"product-type-simple"},"_links":{"self":[{"href":"https:\/\/gpl-love.com\/fr\/wp-json\/wp\/v2\/product\/119605","targetHints":{"allow":["GET"]}}],"collection":[{"href":"https:\/\/gpl-love.com\/fr\/wp-json\/wp\/v2\/product"}],"about":[{"href":"https:\/\/gpl-love.com\/fr\/wp-json\/wp\/v2\/types\/product"}],"replies":[{"embeddable":true,"href":"https:\/\/gpl-love.com\/fr\/wp-json\/wp\/v2\/comments?post=119605"}],"wp:featuredmedia":[{"embeddable":true,"href":"https:\/\/gpl-love.com\/fr\/wp-json\/wp\/v2\/media\/144170"}],"wp:attachment":[{"href":"https:\/\/gpl-love.com\/fr\/wp-json\/wp\/v2\/media?parent=119605"}],"wp:term":[{"taxonomy":"product_brand","embeddable":true,"href":"https:\/\/gpl-love.com\/fr\/wp-json\/wp\/v2\/product_brand?post=119605"},{"taxonomy":"product_cat","embeddable":true,"href":"https:\/\/gpl-love.com\/fr\/wp-json\/wp\/v2\/product_cat?post=119605"},{"taxonomy":"product_tag","embeddable":true,"href":"https:\/\/gpl-love.com\/fr\/wp-json\/wp\/v2\/product_tag?post=119605"}],"curies":[{"name":"wp","href":"https:\/\/api.w.org\/{rel}","templated":true}]}}