{"id":119604,"date":"2021-11-19T00:00:00","date_gmt":"2021-11-18T23:00:00","guid":{"rendered":"https:\/\/gpl-love.com\/fr\/produit\/ultimate-membership-pro-compatibility-pour-amp\/"},"modified":"2026-03-20T23:41:59","modified_gmt":"2026-03-20T22:41:59","slug":"ultimate-membership-pro-compatibility-pour-amp","status":"publish","type":"product","link":"https:\/\/gpl-love.com\/fr\/produit\/ultimate-membership-pro-compatibility-pour-amp\/","title":{"rendered":"Ultimate Membership Pro Compatibility pour AMP 1.0"},"content":{"rendered":"<h3>Ultimate Membership Pro Compatibility pour AMP Traits<\/h3>\n<p>La compatibilit\u00e9 de l&rsquo;adh\u00e9sion ultime pour AMP est un outil incroyablement robuste qui offre la possibilit\u00e9 d&rsquo;am\u00e9liorer l&rsquo;optimisation de votre site Web d&rsquo;adh\u00e9sion pour AMP, qui signifie Pages mobiles acc\u00e9l\u00e9r\u00e9es. Ce plugin exceptionnel a \u00e9t\u00e9 con\u00e7u de mani\u00e8re complexe pour s&rsquo;int\u00e9grer parfaitement \u00e0 votre site d&rsquo;adh\u00e9sion pr\u00e9existant propuls\u00e9 par Ultimate Adhipping Pro, simplifiant ainsi le processus de livraison des exp\u00e9riences de foudre et respectueuses de mobiles \u00e0 vos utilisateurs estim\u00e9s. En tirant parti de cet outil extr\u00eamement puissant, vous pouvez cr\u00e9er et optimiser sans effort vos pages d&rsquo;adh\u00e9sion pour AMP, offrant finalement \u00e0 vos utilisateurs une exp\u00e9rience in\u00e9gal\u00e9e quelle que soit leur emplacement. Que vous g\u00e9riez un site d&rsquo;adh\u00e9sion pour une petite entreprise modeste ou une entreprise tentaculaire, la fonctionnalit\u00e9 exquise de la compatibilit\u00e9 Ultimate Adhip pro-Pro pour AMP est vraiment la solution optimale pour optimiser votre site pour les utilisateurs mobiles. Alors, pourquoi prolonger l&rsquo;attente davantage? Agissez aujourd&rsquo;hui et lancez-vous dans le voyage de fournir des exp\u00e9riences rapides et adapt\u00e9es aux mobiles \u00e0 vos pr\u00e9cieux utilisateurs!<\/p>\n<ul>\n<li>Permet l&rsquo;int\u00e9gration transparente de l&rsquo;adh\u00e9sion ultime avec AMP (pages mobiles acc\u00e9l\u00e9r\u00e9es)<\/li>\n<li>Am\u00e9liore la vitesse de chargement du site Web et les performances globales sur les appareils mobiles<\/li>\n<li>Permet une interface utilisateur r\u00e9active mobile avec toutes les fonctionnalit\u00e9s de l&rsquo;adh\u00e9sion ultime Pro<\/li>\n<li>Fournit une exp\u00e9rience utilisateur coh\u00e9rente quel que soit l&rsquo;appareil utilis\u00e9<\/li>\n<li>Facile \u00e0 installer et \u00e0 utiliser avec une configuration minimale requise<\/li>\n<li>Prend en charge diverses passerelles de paiement et niveaux d&rsquo;adh\u00e9sion pour un site Web d&rsquo;adh\u00e9sion enti\u00e8rement personnalisable<\/li>\n<li>Compatible avec les th\u00e8mes et plugins WordPress populaires<\/li>\n<li>Mises \u00e0 jour r\u00e9guli\u00e8res et support pour tous les probl\u00e8mes techniques qui peuvent survenir<\/li>\n<\/ul>\n","protected":false},"excerpt":{"rendered":"<p>En acqu\u00e9rant une compatibilit\u00e9 in\u00e9gal\u00e9e d&rsquo;adh\u00e9sion ultime avec les pages mobiles acc\u00e9l\u00e9r\u00e9es (AMP), vous pourrez am\u00e9liorer consid\u00e9rablement la vitesse et l&rsquo;accessibilit\u00e9 de votre site Web sur divers appareils mobiles, tout en garantissant la fonctionnalit\u00e9 transparente du plugin d&rsquo;adh\u00e9sion. Avec cette fonctionnalit\u00e9 remarquable, vous pouvez g\u00e9rer sans effort les comptes d&rsquo;utilisateurs, les plans d&rsquo;abonnement et prot\u00e9ger votre contenu exclusif, tout en r\u00e9coltant les avantages suppl\u00e9mentaires de la technologie AMP. Cette offre exceptionnelle est particuli\u00e8rement bien adapt\u00e9e aux entreprises visant \u00e0 fournir \u00e0 leurs membres de pr\u00e9cieux une exp\u00e9rience mobile impeccablement optimis\u00e9e.<\/p>\n","protected":false},"featured_media":145650,"comment_status":"open","ping_status":"open","template":"","meta":[],"product_brand":[2447],"product_cat":[1189,1181,1186],"product_tag":[2279],"class_list":{"0":"post-119604","1":"product","2":"type-product","3":"status-publish","4":"has-post-thumbnail","6":"product_brand-amp-wp","7":"product_cat-personnalisation","8":"product_cat-plugins","9":"product_cat-wordpress-plugins","10":"product_tag-amp-wp","11":"member-discount","12":"discount-restricted","14":"first","15":"instock","16":"sale","17":"downloadable","18":"virtual","19":"sold-individually","20":"purchasable","21":"product-type-simple"},"_links":{"self":[{"href":"https:\/\/gpl-love.com\/fr\/wp-json\/wp\/v2\/product\/119604","targetHints":{"allow":["GET"]}}],"collection":[{"href":"https:\/\/gpl-love.com\/fr\/wp-json\/wp\/v2\/product"}],"about":[{"href":"https:\/\/gpl-love.com\/fr\/wp-json\/wp\/v2\/types\/product"}],"replies":[{"embeddable":true,"href":"https:\/\/gpl-love.com\/fr\/wp-json\/wp\/v2\/comments?post=119604"}],"wp:featuredmedia":[{"embeddable":true,"href":"https:\/\/gpl-love.com\/fr\/wp-json\/wp\/v2\/media\/145650"}],"wp:attachment":[{"href":"https:\/\/gpl-love.com\/fr\/wp-json\/wp\/v2\/media?parent=119604"}],"wp:term":[{"taxonomy":"product_brand","embeddable":true,"href":"https:\/\/gpl-love.com\/fr\/wp-json\/wp\/v2\/product_brand?post=119604"},{"taxonomy":"product_cat","embeddable":true,"href":"https:\/\/gpl-love.com\/fr\/wp-json\/wp\/v2\/product_cat?post=119604"},{"taxonomy":"product_tag","embeddable":true,"href":"https:\/\/gpl-love.com\/fr\/wp-json\/wp\/v2\/product_tag?post=119604"}],"curies":[{"name":"wp","href":"https:\/\/api.w.org\/{rel}","templated":true}]}}