{"id":119603,"date":"2021-12-25T00:00:00","date_gmt":"2021-12-24T23:00:00","guid":{"rendered":"https:\/\/gpl-love.com\/fr\/produit\/recipe-compatibility-pour-amp\/"},"modified":"2026-03-20T23:33:28","modified_gmt":"2026-03-20T22:33:28","slug":"recipe-compatibility-pour-amp","status":"publish","type":"product","link":"https:\/\/gpl-love.com\/fr\/produit\/recipe-compatibility-pour-amp\/","title":{"rendered":"Recipe Compatibility pour AMP 1.0.3"},"content":{"rendered":"<h3>Recipe Compatibility pour AMP Traits<\/h3>\n<p>La compatibilit\u00e9 des recettes pour AMP est un outil tr\u00e8s innovant et avanc\u00e9 qui offre aux propri\u00e9taires de sites Web la possibilit\u00e9 d&rsquo;optimiser le contenu de leur site Web sp\u00e9cifiquement pour AMP (pages mobiles acc\u00e9l\u00e9r\u00e9es). Cet outil incroyable garantit que votre contenu de recette est enti\u00e8rement compatible avec cette incroyable plate-forme adapt\u00e9e aux mobiles. En utilisant cet outil, vous pouvez saisir sans effort votre contenu de recette et recevoir une analyse incroyablement d\u00e9taill\u00e9e qui \u00e9value compl\u00e8tement sa compatibilit\u00e9 avec AMP. Cette analyse compl\u00e8te identifiera efficacement tous les probl\u00e8mes potentiels de votre contenu de recette qui peuvent entraver son exp\u00e9rience de visualisation optimale sur les appareils mobiles. Arm\u00e9 de ces informations pr\u00e9cieuses, vous pouvez ensuite facilement effectuer les ajustements et am\u00e9liorations n\u00e9cessaires pour vous assurer que votre contenu est impeccablement optimis\u00e9 pour la visualisation mobile transparente. En cons\u00e9quence, votre site Web se chargera \u00e0 un rythme acc\u00e9l\u00e9r\u00e9, offrant aux utilisateurs une exp\u00e9rience utilisateur parfaitement fluide et sans effort. Cette exp\u00e9rience utilisateur exceptionnelle encouragera et facilitera une augmentation de l&rsquo;engagement de votre public, ce qui entra\u00eenera finalement une augmentation substantielle du trafic vers votre site Web. Il est donc \u00e9vident que la compatibilit\u00e9 des recettes pour AMP est un outil inestimable qui devrait \u00eatre une priorit\u00e9 absolue pour tout propri\u00e9taire de site Web qui souhaite \u00e9lever son exp\u00e9rience utilisateur mobile \u00e0 des hauteurs sans pr\u00e9c\u00e9dent et am\u00e9liorer consid\u00e9rablement leur visibilit\u00e9 dans les moteurs de recherche populaires.<\/p>\n<ul>\n<li>Compatible avec les plugins de recette, tels que les blocs de carte de recette, le fabricant de recettes WP, et plus<\/li>\n<li>Permet une int\u00e9gration facile des recettes au format acc\u00e9l\u00e9r\u00e9 des pages mobiles (AMP)<\/li>\n<li>Am\u00e9liore la vitesse et les performances de chargement du site Web sur les appareils mobiles<\/li>\n<li>Ajuste automatiquement les images de recettes et le formatage pour un affichage optimal sur les pages AMP<\/li>\n<li>Prend en charge les directives Google AMP SEO pour une am\u00e9lioration de la visibilit\u00e9 des moteurs de recherche<\/li>\n<li>Fournit une exp\u00e9rience utilisateur transparente aux visiteurs qui acc\u00e9daient aux recettes sur les appareils mobiles.<\/li>\n<\/ul>\n","protected":false},"excerpt":{"rendered":"<p>En utilisant la technologie de pointe de la mise en forme et du design des recettes compatibles AMP, les cr\u00e9ateurs et les \u00e9diteurs peuvent infliger sans effort le contenu de recettes qui est sur mesure pour le monde rapide des pages mobiles. Cette fonctionnalit\u00e9 remarquable garantit que le contenu des recettes des utilisateurs est pr\u00e9sent\u00e9 de mani\u00e8re \u00e9l\u00e9gante et visuellement captivante, tout en minimisant les temps de chargement et en offrant une exp\u00e9rience utilisateur optimale.<\/p>\n","protected":false},"featured_media":145095,"comment_status":"open","ping_status":"open","template":"","meta":[],"product_brand":[2447],"product_cat":[1189,1181,1186],"product_tag":[2279],"class_list":{"0":"post-119603","1":"product","2":"type-product","3":"status-publish","4":"has-post-thumbnail","6":"product_brand-amp-wp","7":"product_cat-personnalisation","8":"product_cat-plugins","9":"product_cat-wordpress-plugins","10":"product_tag-amp-wp","11":"member-discount","12":"discount-restricted","14":"first","15":"instock","16":"sale","17":"downloadable","18":"virtual","19":"sold-individually","20":"purchasable","21":"product-type-simple"},"_links":{"self":[{"href":"https:\/\/gpl-love.com\/fr\/wp-json\/wp\/v2\/product\/119603","targetHints":{"allow":["GET"]}}],"collection":[{"href":"https:\/\/gpl-love.com\/fr\/wp-json\/wp\/v2\/product"}],"about":[{"href":"https:\/\/gpl-love.com\/fr\/wp-json\/wp\/v2\/types\/product"}],"replies":[{"embeddable":true,"href":"https:\/\/gpl-love.com\/fr\/wp-json\/wp\/v2\/comments?post=119603"}],"wp:featuredmedia":[{"embeddable":true,"href":"https:\/\/gpl-love.com\/fr\/wp-json\/wp\/v2\/media\/145095"}],"wp:attachment":[{"href":"https:\/\/gpl-love.com\/fr\/wp-json\/wp\/v2\/media?parent=119603"}],"wp:term":[{"taxonomy":"product_brand","embeddable":true,"href":"https:\/\/gpl-love.com\/fr\/wp-json\/wp\/v2\/product_brand?post=119603"},{"taxonomy":"product_cat","embeddable":true,"href":"https:\/\/gpl-love.com\/fr\/wp-json\/wp\/v2\/product_cat?post=119603"},{"taxonomy":"product_tag","embeddable":true,"href":"https:\/\/gpl-love.com\/fr\/wp-json\/wp\/v2\/product_tag?post=119603"}],"curies":[{"name":"wp","href":"https:\/\/api.w.org\/{rel}","templated":true}]}}