{"id":119602,"date":"2021-12-20T00:00:00","date_gmt":"2021-12-19T23:00:00","guid":{"rendered":"https:\/\/gpl-love.com\/fr\/produit\/forminator-pour-amp\/"},"modified":"2026-03-20T23:06:38","modified_gmt":"2026-03-20T22:06:38","slug":"forminator-pour-amp","status":"publish","type":"product","link":"https:\/\/gpl-love.com\/fr\/produit\/forminator-pour-amp\/","title":{"rendered":"Forminator pour AMP 1.0.1"},"content":{"rendered":"<h3>Forminator pour AMP Traits<\/h3>\n<p>Le Forminator for AMP est un outil extr\u00eamement puissant et formidable qui permet aux propri\u00e9taires de sites de consacrer des formulaires de mode pour leurs pages AMP qui sont non seulement conviviales mais aussi hautement personnalisables. En vertu de son interface de glisser-d\u00e9poser extr\u00eamement pratique et intuitive en conjonction avec la fourniture de mod\u00e8les pr\u00e9d\u00e9finis, le forminateur facilite de mani\u00e8re transparente la cr\u00e9ation sans effort de formes qui sont faites sur mesure pour r\u00e9pondre aux exigences sp\u00e9cifiques de ses utilisateurs. En outre, ce plugin remarquable profite \u00e0 une vaste gamme d&rsquo;options pour la personnalisation de la forme personnalis\u00e9e, passant d&rsquo;un assortiment de types de champ \u00e0 l&#8217;emploi de logique conditionnelle et d&rsquo;int\u00e9gration transparente avec une pl\u00e9thore de services tiers populaires. De plus, il convient de mentionner que le forminateur pour AMP est compl\u00e8tement r\u00e9actif, garantissant ainsi que les formes se manifestent de mani\u00e8re et fonctionnt esth\u00e9tiquement agr\u00e9able sans obstacle \u00e0 tous les dispositifs imaginables. De plus, que l&rsquo;objectif \u00e0 port\u00e9e de main implique la capture des prospects, la collecte de commentaires ou m\u00eame la conduction des enqu\u00eates, le formateur pour AMP repr\u00e9sente une ressource inestimable qui simplifie le processus de cr\u00e9ation et de gestion des formes tout en obtenant simultan\u00e9ment les r\u00e9sultats souhait\u00e9s.<\/p>\n<ul>\n<li>Formulaires d&rsquo;ampli hautement optimis\u00e9s pour un chargement plus rapide et une exp\u00e9rience utilisateur am\u00e9lior\u00e9e<\/li>\n<li>Int\u00e9gration transparente avec WordPress via le plugin Forminator<\/li>\n<li>Large gamme de champs de formulaire personnalisables et d&rsquo;options de style pour une marque am\u00e9lior\u00e9e<\/li>\n<li>Capacit\u00e9s de construction de formulaires puissantes avec interface glisser-d\u00e9poser<\/li>\n<li>Fonctionnalit\u00e9s avanc\u00e9es, y compris la logique conditionnelle, les calculs et les formulaires de plusieurs pages<\/li>\n<li>Option pour configurer des notifications et des e-mails personnalis\u00e9s pour les soumissions de formulaires<\/li>\n<li>GDPR conforme aux champs de consentement int\u00e9gr\u00e9s et aux options de confidentialit\u00e9<\/li>\n<li>Validation du formulaire en temps r\u00e9el pour \u00e9viter les erreurs et am\u00e9liorer la pr\u00e9cision<\/li>\n<li>Compatibilit\u00e9 avec tous les principaux navigateurs et appareils pour une port\u00e9e et une accessibilit\u00e9 maximales<\/li>\n<li>\u00c9quipe de support d\u00e9di\u00e9e et mises \u00e0 jour r\u00e9guli\u00e8res pour les performances optimales et la satisfaction des utilisateurs.<\/li>\n<\/ul>\n","protected":false},"excerpt":{"rendered":"<p>Forminator pour AMP est une extension de cr\u00e9ation de formulaires extr\u00eamement robuste et polyvalente qui vous permet de concevoir des formulaires visuellement attrayants pour votre site web, tout en garantissant leur compatibilit\u00e9 avec AMP. Gr\u00e2ce \u00e0 cette extension, vous pouvez cr\u00e9er facilement des formulaires de contact, des sondages, des quiz et diverses autres formes d&rsquo;interaction. Ces formulaires sont enti\u00e8rement personnalisables pour correspondre pr\u00e9cis\u00e9ment \u00e0 l&rsquo;esth\u00e9tique et aux fonctionnalit\u00e9s souhait\u00e9es. De plus, ils ont \u00e9t\u00e9 optimis\u00e9s pour garantir des temps de chargement rapides sur les appareils mobiles, vous permettant ainsi de g\u00e9n\u00e9rer efficacement des prospects et d&rsquo;interagir activement avec votre audience sans compromettre les performances. Adoptez Forminator pour AMP d\u00e8s aujourd&rsquo;hui et hissez vos formulaires \u00e0 un niveau d&rsquo;excellence in\u00e9gal\u00e9\u00a0!<\/p>\n","protected":false},"featured_media":143922,"comment_status":"open","ping_status":"open","template":"","meta":[],"product_brand":[2447],"product_cat":[1189,1181,1186],"product_tag":[2279],"class_list":{"0":"post-119602","1":"product","2":"type-product","3":"status-publish","4":"has-post-thumbnail","6":"product_brand-amp-wp","7":"product_cat-personnalisation","8":"product_cat-plugins","9":"product_cat-wordpress-plugins","10":"product_tag-amp-wp","11":"member-discount","12":"discount-restricted","14":"first","15":"instock","16":"sale","17":"downloadable","18":"virtual","19":"sold-individually","20":"purchasable","21":"product-type-simple"},"_links":{"self":[{"href":"https:\/\/gpl-love.com\/fr\/wp-json\/wp\/v2\/product\/119602","targetHints":{"allow":["GET"]}}],"collection":[{"href":"https:\/\/gpl-love.com\/fr\/wp-json\/wp\/v2\/product"}],"about":[{"href":"https:\/\/gpl-love.com\/fr\/wp-json\/wp\/v2\/types\/product"}],"replies":[{"embeddable":true,"href":"https:\/\/gpl-love.com\/fr\/wp-json\/wp\/v2\/comments?post=119602"}],"wp:featuredmedia":[{"embeddable":true,"href":"https:\/\/gpl-love.com\/fr\/wp-json\/wp\/v2\/media\/143922"}],"wp:attachment":[{"href":"https:\/\/gpl-love.com\/fr\/wp-json\/wp\/v2\/media?parent=119602"}],"wp:term":[{"taxonomy":"product_brand","embeddable":true,"href":"https:\/\/gpl-love.com\/fr\/wp-json\/wp\/v2\/product_brand?post=119602"},{"taxonomy":"product_cat","embeddable":true,"href":"https:\/\/gpl-love.com\/fr\/wp-json\/wp\/v2\/product_cat?post=119602"},{"taxonomy":"product_tag","embeddable":true,"href":"https:\/\/gpl-love.com\/fr\/wp-json\/wp\/v2\/product_tag?post=119602"}],"curies":[{"name":"wp","href":"https:\/\/api.w.org\/{rel}","templated":true}]}}