{"id":119600,"date":"2026-04-07T00:00:00","date_gmt":"2026-04-06T22:00:00","guid":{"rendered":"https:\/\/gpl-love.com\/fr\/produit\/smart-sticky-header-pour-amp\/"},"modified":"2026-04-10T18:39:55","modified_gmt":"2026-04-10T16:39:55","slug":"smart-sticky-header-pour-amp","status":"publish","type":"product","link":"https:\/\/gpl-love.com\/fr\/produit\/smart-sticky-header-pour-amp\/","title":{"rendered":"Smart Sticky Header pour AMP 1.0.4"},"content":{"rendered":"<h3>Smart Sticky Header pour AMP Traits<\/h3>\n<p>L&rsquo;en-t\u00eate Smart Sticky pour AMP est un outil extr\u00eamement puissant qui offre aux propri\u00e9taires de sites Web un moyen transparent pour incorporer un en-t\u00eate collant sur leurs pages mobiles acc\u00e9l\u00e9r\u00e9es. Con\u00e7u dans le but d&rsquo;optimiser l&rsquo;exp\u00e9rience utilisateur et d&rsquo;augmenter l&rsquo;engagement, ce plugin r\u00e9volutionnaire garantit que l&rsquo;en-t\u00eate de votre site Web reste perp\u00e9tuellement visible et facilement accessible, m\u00eame pendant les cas de d\u00e9filement des utilisateurs. Avec son \u00e9ventail de fonctionnalit\u00e9s avanc\u00e9es et d&rsquo;options personnalisables, l&rsquo;en-t\u00eate Smart Sticky pour AMP rationalise le processus de mode d&rsquo;un en-t\u00eate qui s&rsquo;aligne impeccablement sur le style et l&rsquo;esth\u00e9tique distinctifs de votre marque. Que vous cherchiez \u00e0 amplifier l&rsquo;engagement de votre site Web ou \u00e0 amplifier simplement sa convivialit\u00e9 globale, ce plugin est la solution par excellence. Ne perdez pas de temps et prenez-le pour un tour aujourd&rsquo;hui pour assister personnellement \u00e0 la diff\u00e9rence transformatrice qu&rsquo;il peut rendre sur votre site Web!<\/p>\n<ul>\n<li>R\u00e9duit le taux de rebond en fournissant une en-t\u00eate fixe pour les utilisateurs mobiles<\/li>\n<li>Compatible enti\u00e8rement compatible sans sacrifier sur le design<\/li>\n<li>Am\u00e9liore l&rsquo;exp\u00e9rience utilisateur en facilitant la navigation et toujours disponibles<\/li>\n<li>Options de logo et de couleurs personnalisables pour correspondre \u00e0 la marque de votre site Web<\/li>\n<li>Facile \u00e0 installer avec seulement quelques lignes de code<\/li>\n<li>N&rsquo;affecte pas la vitesse de chargement des pages<\/li>\n<li>Rend votre site Web plus professionnel et poli<\/li>\n<li>Compatible avec plusieurs navigateurs et appareils<\/li>\n<li>Options de tarification abordables pour chaque propri\u00e9taire de site Web<\/li>\n<\/ul>\n","protected":false},"excerpt":{"rendered":"<p>L&rsquo;en-t\u00eate Smart Sticky pour AMP est un outil incroyablement robuste et efficace qui am\u00e9liore consid\u00e9rablement l&rsquo;exp\u00e9rience utilisateur globale de votre site Web AMP. Ce plugin tr\u00e8s avanc\u00e9 propose une solution remarquablement intelligente qui maintient de mani\u00e8re transparente l&rsquo;adh\u00e9sivit\u00e9 de l&rsquo;en-t\u00eate de votre site Web lorsque les utilisateurs font d\u00e9filer, garantissant finalement qu&rsquo;ils ont toujours un acc\u00e8s pratique aux \u00e9l\u00e9ments de navigation les plus cruciaux. Notamment, ce plugin riche en fonctionnalit\u00e9s vous accorde \u00e9galement la capacit\u00e9 inestimable \u00e0 personnaliser pleinement l&rsquo;apparence esth\u00e9tique et l&rsquo;attrait sensoriel de votre en-t\u00eate, vous fournissant par cons\u00e9quent un niveau de contr\u00f4le sans pr\u00e9c\u00e9dent sur le style distinctif de votre site Web. En mettant strat\u00e9giquement \u00e0 l&rsquo;en-t\u00eate Smart Sticky pour AMP, vous augmenterez ind\u00e9niablement l&rsquo;engagement des utilisateurs et stimulerez sans effort un afflux de trafic accru vers votre site estim\u00e9, faisant de ce plugin particulier un ajout absolument indispensable et non n\u00e9gociable \u00e0 tout site Web AMP.<\/p>\n","protected":false},"featured_media":145273,"comment_status":"open","ping_status":"open","template":"","meta":[],"product_brand":[2447],"product_cat":[1189,1181,1186],"product_tag":[2279],"class_list":{"0":"post-119600","1":"product","2":"type-product","3":"status-publish","4":"has-post-thumbnail","6":"product_brand-amp-wp","7":"product_cat-personnalisation","8":"product_cat-plugins","9":"product_cat-wordpress-plugins","10":"product_tag-amp-wp","11":"member-discount","12":"discount-restricted","14":"first","15":"instock","16":"sale","17":"downloadable","18":"virtual","19":"sold-individually","20":"purchasable","21":"product-type-simple"},"_links":{"self":[{"href":"https:\/\/gpl-love.com\/fr\/wp-json\/wp\/v2\/product\/119600","targetHints":{"allow":["GET"]}}],"collection":[{"href":"https:\/\/gpl-love.com\/fr\/wp-json\/wp\/v2\/product"}],"about":[{"href":"https:\/\/gpl-love.com\/fr\/wp-json\/wp\/v2\/types\/product"}],"replies":[{"embeddable":true,"href":"https:\/\/gpl-love.com\/fr\/wp-json\/wp\/v2\/comments?post=119600"}],"wp:featuredmedia":[{"embeddable":true,"href":"https:\/\/gpl-love.com\/fr\/wp-json\/wp\/v2\/media\/145273"}],"wp:attachment":[{"href":"https:\/\/gpl-love.com\/fr\/wp-json\/wp\/v2\/media?parent=119600"}],"wp:term":[{"taxonomy":"product_brand","embeddable":true,"href":"https:\/\/gpl-love.com\/fr\/wp-json\/wp\/v2\/product_brand?post=119600"},{"taxonomy":"product_cat","embeddable":true,"href":"https:\/\/gpl-love.com\/fr\/wp-json\/wp\/v2\/product_cat?post=119600"},{"taxonomy":"product_tag","embeddable":true,"href":"https:\/\/gpl-love.com\/fr\/wp-json\/wp\/v2\/product_tag?post=119600"}],"curies":[{"name":"wp","href":"https:\/\/api.w.org\/{rel}","templated":true}]}}