{"id":119599,"date":"2025-10-02T00:00:00","date_gmt":"2025-10-01T22:00:00","guid":{"rendered":"https:\/\/gpl-love.com\/fr\/produit\/ninja-forms-amocrm\/"},"modified":"2026-04-10T18:34:00","modified_gmt":"2026-04-10T16:34:00","slug":"ninja-forms-amocrm","status":"publish","type":"product","link":"https:\/\/gpl-love.com\/fr\/produit\/ninja-forms-amocrm\/","title":{"rendered":"Ninja Forms amoCRM 3.0.0"},"content":{"rendered":"<h3>Ninja Forms amoCRM Traits<\/h3>\n<p>Ninja Forms AMOCRM sert d&rsquo;instrument tr\u00e8s puissant, facilitant la connexion transparente entre votre site Web WordPress et AMOCRM, une plate-forme de gestion de la relation client (CRM) renomm\u00e9e et bien re\u00e7ue. Gr\u00e2ce \u00e0 l&rsquo;utilisation de ce plugin exceptionnel, vous pouvez g\u00e9n\u00e9rer sans effort des formulaires personnalisables \u00e0 vos pr\u00e9f\u00e9rences et capturer avec succ\u00e8s les fils potentiels directement \u00e0 partir de votre site Web, qui seront rapidement et automatiquement incorpor\u00e9s dans votre compte AMOCRM. Cette int\u00e9gration permet effectivement de temps et d&rsquo;efforts consid\u00e9rables en \u00e9liminant la t\u00e2che ardue de transf\u00e9rer manuellement les donn\u00e9es entre diverses plateformes. En outre, le b\u00e9n\u00e9fice suppl\u00e9mentaire des fonctionnalit\u00e9s avanc\u00e9es telles que la logique conditionnelle, les formulaires de plusieurs pages et les t\u00e9l\u00e9chargements de fichiers am\u00e9liore encore votre capacit\u00e9 \u00e0 cr\u00e9er une exp\u00e9rience utilisateur ininterrompue et sans pr\u00e9c\u00e9dent tout en amassant avec succ\u00e8s des donn\u00e9es cruciales de vos prospects. Par cons\u00e9quent, il est indubitablement clair que Ninja Formes AMOCRM est un atout indispensable pour toute entreprise qui cherche \u00e0 optimiser leur processus de capture de plomb et \u00e0 am\u00e9liorer l&rsquo;efficacit\u00e9 globale de leur entonnoir de vente.<\/p>\n<ul>\n<li>Int\u00e8gre de mani\u00e8re transparente les formes ninja et l&rsquo;amocrm<\/li>\n<li>Synchronise toutes les soumissions de formulaires aux pistes et contacts AMOCRM<\/li>\n<li>Cr\u00e9e automatiquement de nouveaux pistes et contacts dans AMOCRM<\/li>\n<li>Map Form Fields to Custom Fields dans AMOCRM<\/li>\n<li>Afficher les donn\u00e9es du formulaire soumis dans le plomb AMOCRM ou l&rsquo;enregistrement de contact<\/li>\n<li>Gave le temps en \u00e9liminant le besoin de saisie manuelle de donn\u00e9es<\/li>\n<li>Am\u00e9liore la pr\u00e9cision des donn\u00e9es en garantissant que toutes les soumissions de formulaires sont enregistr\u00e9es dans AMOCRM<\/li>\n<li>Facile \u00e0 configurer et \u00e0 utiliser, sans codage requis<\/li>\n<li>Compatible avec les formes ninja -x et au-dessus<\/li>\n<li>R\u00e9guli\u00e8rement mis \u00e0 jour et soutenu par l&rsquo;\u00e9quipe Ninja Forms.<\/li>\n<\/ul>\n","protected":false},"excerpt":{"rendered":"<p>Les formulaires Ninja AMOCRM se r\u00e9v\u00e8lent comme une int\u00e9gration extr\u00eamement robuste qui \u00e9tablit sans effort un lien direct entre vos donn\u00e9es Ninja Forms et votre compte AMOCRM. Cette int\u00e9gration r\u00e9volutionnaire rend le possible de saisir sans effort les prospects et de recueillir des informations essentielles des clients directement \u00e0 partir de vos formulaires, et de r\u00e9partir par la suite lesdites informations instantan\u00e9ment \u00e0 votre compte AMOCRM convoit\u00e9, simplifiant ainsi la t\u00e2che ardue de surveiller et de superviser vos relations avec les clients. B\u00e9n\u00e9ficiant d&rsquo;une interface non seulement conviviale mais \u00e9galement remplie d&rsquo;une pl\u00e9thore de fonctionnalit\u00e9s puissantes, les formes Ninja AMOCRM apparaissent comme la solution par excellence pour tout effort commercial pour optimiser et rationaliser leurs processus de capture de plomb et de gestion de la client\u00e8le.<\/p>\n","protected":false},"featured_media":144756,"comment_status":"open","ping_status":"open","template":"","meta":[],"product_brand":[2605],"product_cat":[1207,1181,1186],"product_tag":[1313],"class_list":{"0":"post-119599","1":"product","2":"type-product","3":"status-publish","4":"has-post-thumbnail","6":"product_brand-ninja-forms","7":"product_cat-commercialisation-wordpress-plugins","8":"product_cat-plugins","9":"product_cat-wordpress-plugins","10":"product_tag-ninja-forms","11":"member-discount","12":"discount-restricted","14":"first","15":"instock","16":"sale","17":"downloadable","18":"virtual","19":"sold-individually","20":"purchasable","21":"product-type-simple"},"_links":{"self":[{"href":"https:\/\/gpl-love.com\/fr\/wp-json\/wp\/v2\/product\/119599","targetHints":{"allow":["GET"]}}],"collection":[{"href":"https:\/\/gpl-love.com\/fr\/wp-json\/wp\/v2\/product"}],"about":[{"href":"https:\/\/gpl-love.com\/fr\/wp-json\/wp\/v2\/types\/product"}],"replies":[{"embeddable":true,"href":"https:\/\/gpl-love.com\/fr\/wp-json\/wp\/v2\/comments?post=119599"}],"wp:featuredmedia":[{"embeddable":true,"href":"https:\/\/gpl-love.com\/fr\/wp-json\/wp\/v2\/media\/144756"}],"wp:attachment":[{"href":"https:\/\/gpl-love.com\/fr\/wp-json\/wp\/v2\/media?parent=119599"}],"wp:term":[{"taxonomy":"product_brand","embeddable":true,"href":"https:\/\/gpl-love.com\/fr\/wp-json\/wp\/v2\/product_brand?post=119599"},{"taxonomy":"product_cat","embeddable":true,"href":"https:\/\/gpl-love.com\/fr\/wp-json\/wp\/v2\/product_cat?post=119599"},{"taxonomy":"product_tag","embeddable":true,"href":"https:\/\/gpl-love.com\/fr\/wp-json\/wp\/v2\/product_tag?post=119599"}],"curies":[{"name":"wp","href":"https:\/\/api.w.org\/{rel}","templated":true}]}}