{"id":119598,"date":"2026-04-18T00:00:00","date_gmt":"2026-04-17T22:00:00","guid":{"rendered":"https:\/\/gpl-love.com\/fr\/produit\/ninja-forms-authorizenet\/"},"modified":"2026-04-19T00:30:48","modified_gmt":"2026-04-18T22:30:48","slug":"ninja-forms-authorizenet","status":"publish","type":"product","link":"https:\/\/gpl-love.com\/fr\/produit\/ninja-forms-authorizenet\/","title":{"rendered":"Ninja Forms Authorize.net 3.1.6"},"content":{"rendered":"<h3>Ninja Forms Authorize.net Traits<\/h3>\n<p>Les formulaires Ninja Authorize.net se pr\u00e9sentent comme une solution robuste et conviviale adapt\u00e9e aux entreprises \u00e0 la recherche d&rsquo;un moyen s\u00e9curis\u00e9 de traiter les paiements en ligne. Ce logiciel remarquable s&rsquo;int\u00e8gre parfaitement aux formulaires Ninja, vous accordant la possibilit\u00e9 de cr\u00e9er sans effort des formulaires de paiement personnalis\u00e9s, qui peuvent ensuite \u00eatre utilis\u00e9s pour recueillir les paiements de vos pr\u00e9cieux clients. L&rsquo;int\u00e9gration avec Authorize.net fournit une passerelle de paiement s\u00e9curis\u00e9e, assurant la sauvegarde des informations de paiement de vos clients. Arm\u00e9 de ce logiciel, vous aurez la capacit\u00e9 de surveiller facilement les paiements, de superviser les abonnements et d&rsquo;ex\u00e9cuter des remboursements, le tout \u00e0 partir du tableau de bord Ninja Forms Ninja. Peu importe que vous op\u00e9rez un emporium en ligne diminutif ou une entreprise de commerce \u00e9lectronique \u00e0 grande \u00e9chelle, soyez assur\u00e9 que les formulaires Ninja Authorize.net serviront de solution par excellence pour effectuer un traitement de paiement s\u00e9curis\u00e9 et efficace.<\/p>\n<ul>\n<li>Int\u00e9gration transparente avec les formulaires Ninja et Authoriser.net<\/li>\n<li>Processus de configuration facile et intuitif<\/li>\n<li>Acceptez les paiements de carte de cr\u00e9dit directement via vos formulaires Ninja<\/li>\n<li>Personnaliser les options de paiement et les champs pour r\u00e9pondre \u00e0 vos besoins<\/li>\n<li>Utiliser conjointement avec d&rsquo;autres modules compl\u00e9mentaires Ninja Forms pour encore plus de fonctionnalit\u00e9s<\/li>\n<li>Traitement de paiement s\u00e9curis\u00e9 et fiable via Authorise.net<\/li>\n<li>Afficher l&rsquo;historique des transactions et g\u00e9rer les paiements via le tableau de bord Authorize.net<\/li>\n<li>Offre aux clients une exp\u00e9rience de paiement rationalis\u00e9e et professionnelle.<\/li>\n<\/ul>\n","protected":false},"excerpt":{"rendered":"<p>Transformez les formulaires de contact de votre site Web en passerelles de paiement robustes en utilisant l&rsquo;extension Ninja Forms Authorize.net, am\u00e9liorant ainsi l&rsquo;efficacit\u00e9 de la proc\u00e9dure de paiement pour vous-m\u00eame et vos clients. Gr\u00e2ce \u00e0 cette int\u00e9gration, vous pouvez g\u00e9rer en toute confiance les transactions par carte de cr\u00e9dit directement dans vos formulaires de contact, garantissant un traitement de paiement s\u00e9curis\u00e9. Les options de configuration et de personnalisation sont conviviales, vous permettant de fournir rapidement des options de paiement s\u00e9curis\u00e9es pour les diff\u00e9rents produits et services que vous offrez. En outre, soyez assur\u00e9 que la r\u00e9putation estim\u00e9e et la fiabilit\u00e9 d&rsquo;Autorize.net assureront la plus grande s\u00e9curit\u00e9 de vos donn\u00e9es de paiement sensibles. \u00c9levez le calibre des formulaires de votre site Web en incorporant l&rsquo;extension Ninja Forms Authorize.net.<\/p>\n","protected":false},"featured_media":144757,"comment_status":"open","ping_status":"open","template":"","meta":[],"product_brand":[2605],"product_cat":[1253,1181,1186],"product_tag":[1313],"class_list":{"0":"post-119598","1":"product","2":"type-product","3":"status-publish","4":"has-post-thumbnail","6":"product_brand-ninja-forms","7":"product_cat-paiement","8":"product_cat-plugins","9":"product_cat-wordpress-plugins","10":"product_tag-ninja-forms","11":"member-discount","12":"discount-restricted","14":"first","15":"instock","16":"sale","17":"downloadable","18":"virtual","19":"sold-individually","20":"purchasable","21":"product-type-simple"},"_links":{"self":[{"href":"https:\/\/gpl-love.com\/fr\/wp-json\/wp\/v2\/product\/119598","targetHints":{"allow":["GET"]}}],"collection":[{"href":"https:\/\/gpl-love.com\/fr\/wp-json\/wp\/v2\/product"}],"about":[{"href":"https:\/\/gpl-love.com\/fr\/wp-json\/wp\/v2\/types\/product"}],"replies":[{"embeddable":true,"href":"https:\/\/gpl-love.com\/fr\/wp-json\/wp\/v2\/comments?post=119598"}],"wp:featuredmedia":[{"embeddable":true,"href":"https:\/\/gpl-love.com\/fr\/wp-json\/wp\/v2\/media\/144757"}],"wp:attachment":[{"href":"https:\/\/gpl-love.com\/fr\/wp-json\/wp\/v2\/media?parent=119598"}],"wp:term":[{"taxonomy":"product_brand","embeddable":true,"href":"https:\/\/gpl-love.com\/fr\/wp-json\/wp\/v2\/product_brand?post=119598"},{"taxonomy":"product_cat","embeddable":true,"href":"https:\/\/gpl-love.com\/fr\/wp-json\/wp\/v2\/product_cat?post=119598"},{"taxonomy":"product_tag","embeddable":true,"href":"https:\/\/gpl-love.com\/fr\/wp-json\/wp\/v2\/product_tag?post=119598"}],"curies":[{"name":"wp","href":"https:\/\/api.w.org\/{rel}","templated":true}]}}