{"id":119597,"date":"2023-07-12T00:00:00","date_gmt":"2023-07-11T22:00:00","guid":{"rendered":"https:\/\/gpl-love.com\/fr\/produit\/ninja-forms-hubspot-integration\/"},"modified":"2026-04-10T18:34:16","modified_gmt":"2026-04-10T16:34:16","slug":"ninja-forms-hubspot-integration","status":"publish","type":"product","link":"https:\/\/gpl-love.com\/fr\/produit\/ninja-forms-hubspot-integration\/","title":{"rendered":"Ninja Forms Hubspot Integration 3.0.8"},"content":{"rendered":"<h3>Ninja Forms Hubspot Integration Traits<\/h3>\n<p>L&rsquo;int\u00e9gration entre les formulaires Ninja et HubSpot sert d&rsquo;outil incroyablement puissant, permettant aux utilisateurs d&rsquo;\u00e9tablir sans effort un lien entre leurs formulaires de g\u00e9n\u00e9ration de leads et leur compte HubSpot. En tirant parti de cette int\u00e9gration, on peut capturer de mani\u00e8re transparente les maux directement \u00e0 partir de leur site Web, en les faisant ensuite int\u00e9grer automatiquement dans leur CRM HubSpot. Cette fonctionnalit\u00e9 remarquable sert non seulement \u00e0 permettre aux utilisateurs de gagner beaucoup de temps, mais sert \u00e9galement \u00e0 rationaliser leur processus de gestion du lead \u00e0 un degr\u00e9 impressionnant. De plus, les donn\u00e9es obtenues de ces formulaires peuvent \u00eatre exploit\u00e9es efficacement pour personnaliser m\u00e9ticuleusement les campagnes de marketing tout en am\u00e9liorant simultan\u00e9ment l&rsquo;engagement global des clients. Peut-\u00eatre plus particuli\u00e8rement, l&rsquo;int\u00e9gration Ninja Forms HubSpot est incroyablement conviviale, ne demande aucune expertise de codage, ce qui l&rsquo;a rendu accessible aux individus de tous niveaux.<\/p>\n<ul>\n<li>Int\u00e8gre de mani\u00e8re transparente les formulaires de ninja avec HubSpot, vous permettant de capturer sans effort les pistes et de les g\u00e9rer en un seul endroit<\/li>\n<li>La synchronisation bidirectionnelle garantit que toutes les soumissions de formulaires sont automatiquement ajout\u00e9es \u00e0 votre HubSpot CRM, et toutes les modifications apport\u00e9es dans HubSpot sont refl\u00e9t\u00e9es dans votre compte Ninja Forms<\/li>\n<li>Cr\u00e9ez des formulaires de capture de plomb personnalis\u00e9s adapt\u00e9s \u00e0 vos besoins sp\u00e9cifiques, avec l&rsquo;acc\u00e8s \u00e0 une large gamme de champs de formulaire et d&rsquo;options de conception<\/li>\n<li>Suivez les soumissions de formulaires et surveillez le succ\u00e8s de vos campagnes avec des outils avanc\u00e9s d&rsquo;analyse et de rapport<\/li>\n<li>Automatisez vos workflows de gestion des prospects en configurant des s\u00e9quences de suivi cibl\u00e9es en fonction des soumissions de formulaires ou des crit\u00e8res sp\u00e9cifiques<\/li>\n<li>Segmenter facilement vos prospects et cr\u00e9er des campagnes d&rsquo;e-mail cibl\u00e9es \u00e0 l&rsquo;aide de puissantes fonctionnalit\u00e9s d&rsquo;automatisation marketing de HubSpot<\/li>\n<li>Profitez des outils de vente avanc\u00e9s de HubSpot pour d\u00e9placer les pistes dans l&rsquo;entonnoir et conclure plus d&rsquo;offres<\/li>\n<li>Contr\u00f4lez qui a acc\u00e8s \u00e0 vos donn\u00e9es de formulaire avec les r\u00f4les et les autorisations utilisateur, assurant la s\u00e9curit\u00e9 de vos informations sensibles<\/li>\n<li>Profitez du soutien de classe mondiale des formulaires Ninja et des experts HubSpot, avec une documentation et des tutoriels compl\u00e8tes pour vous aider \u00e0 maximiser la valeur de votre int\u00e9gration.<\/li>\n<\/ul>\n","protected":false},"excerpt":{"rendered":"<p>L&rsquo;outil puissant et tr\u00e8s efficace connu sous le nom de Ninja Forms HubSpot Integration vient \u00e0 votre aide pour int\u00e9grer de mani\u00e8re transparente les formulaires Ninja sur votre site Web avec le principal CRM et le logiciel de marketing, HubSpot. En vous profitant de cette remarquable int\u00e9gration, vous vous permettez de capturer sans effort des prospects cruciaux et de pr\u00e9cieuses donn\u00e9es clients \u00e0 partir de vos formulaires, en assurant par la suite leur synchronisation automatique avec votre compte HubSpot. L&rsquo;immense avantage de cette int\u00e9gration r\u00e9side dans le fait qu&rsquo;il conserve consid\u00e9rablement votre temps tr\u00e8s recherch\u00e9 et vos ressources pr\u00e9cieuses, tout en optimisant vos processus de gestion du lead et en rationalisant vos campagnes marketing. Que vous vous trouviez dans le r\u00f4le d&rsquo;un propri\u00e9taire d&rsquo;entreprise, d&rsquo;un sp\u00e9cialiste du marketing ou d&rsquo;un d\u00e9veloppeur, l&rsquo;int\u00e9gration de HubSpot Forms Ninja Forms promet d&rsquo;\u00eatre la solution ultime pour augmenter et \u00e9lever vos efforts de g\u00e9n\u00e9ration de leads et des initiatives d&rsquo;engagement client.<\/p>\n","protected":false},"featured_media":144778,"comment_status":"open","ping_status":"open","template":"","meta":[],"product_brand":[2605],"product_cat":[1207,1181,1186],"product_tag":[1313],"class_list":{"0":"post-119597","1":"product","2":"type-product","3":"status-publish","4":"has-post-thumbnail","6":"product_brand-ninja-forms","7":"product_cat-commercialisation-wordpress-plugins","8":"product_cat-plugins","9":"product_cat-wordpress-plugins","10":"product_tag-ninja-forms","11":"member-discount","12":"discount-restricted","14":"first","15":"instock","16":"sale","17":"downloadable","18":"virtual","19":"sold-individually","20":"purchasable","21":"product-type-simple"},"_links":{"self":[{"href":"https:\/\/gpl-love.com\/fr\/wp-json\/wp\/v2\/product\/119597","targetHints":{"allow":["GET"]}}],"collection":[{"href":"https:\/\/gpl-love.com\/fr\/wp-json\/wp\/v2\/product"}],"about":[{"href":"https:\/\/gpl-love.com\/fr\/wp-json\/wp\/v2\/types\/product"}],"replies":[{"embeddable":true,"href":"https:\/\/gpl-love.com\/fr\/wp-json\/wp\/v2\/comments?post=119597"}],"wp:featuredmedia":[{"embeddable":true,"href":"https:\/\/gpl-love.com\/fr\/wp-json\/wp\/v2\/media\/144778"}],"wp:attachment":[{"href":"https:\/\/gpl-love.com\/fr\/wp-json\/wp\/v2\/media?parent=119597"}],"wp:term":[{"taxonomy":"product_brand","embeddable":true,"href":"https:\/\/gpl-love.com\/fr\/wp-json\/wp\/v2\/product_brand?post=119597"},{"taxonomy":"product_cat","embeddable":true,"href":"https:\/\/gpl-love.com\/fr\/wp-json\/wp\/v2\/product_cat?post=119597"},{"taxonomy":"product_tag","embeddable":true,"href":"https:\/\/gpl-love.com\/fr\/wp-json\/wp\/v2\/product_tag?post=119597"}],"curies":[{"name":"wp","href":"https:\/\/api.w.org\/{rel}","templated":true}]}}