{"id":119595,"date":"2026-02-26T00:00:00","date_gmt":"2026-02-25T23:00:00","guid":{"rendered":"https:\/\/gpl-love.com\/fr\/produit\/ninja-forms-advanced-datepicker\/"},"modified":"2026-04-10T18:33:59","modified_gmt":"2026-04-10T16:33:59","slug":"ninja-forms-advanced-datepicker","status":"publish","type":"product","link":"https:\/\/gpl-love.com\/fr\/produit\/ninja-forms-advanced-datepicker\/","title":{"rendered":"Ninja Forms Advanced Datepicker 3.3.4"},"content":{"rendered":"<h3>Ninja Forms Advanced Datepicker Traits<\/h3>\n<p>Les formes Ninja Advanced DatePicker poss\u00e8dent un tableau impressionnant de fonctionnalit\u00e9s qui facilitent consid\u00e9rablement la s\u00e9lection et la saisie des dates dans les formes. Sa vaste collection d&rsquo;options avanc\u00e9es pour le formatage des dattes et la s\u00e9lection de la gamme en fait un choix id\u00e9al pour une myriade d&rsquo;applications, allant des formulaires d&rsquo;enregistrement d&rsquo;\u00e9v\u00e9nements aux formulaires de r\u00e9servation. Gr\u00e2ce \u00e0 son interface conviviale et aux fonctionnalit\u00e9s facilement navigables, les formulaires Ninja Advanced DatePicker sont un outil indispensable pour tous ceux qui cherchent \u00e0 rationaliser le processus de soumission de formulaire et \u00e0 offrir une exp\u00e9rience utilisateur int\u00e9gr\u00e9e de mani\u00e8re transparente. Que vous soyez un d\u00e9veloppeur visant \u00e0 augmenter les fonctionnalit\u00e9s de vos formulaires ou un propri\u00e9taire d&rsquo;entreprise en train d&rsquo;am\u00e9liorer l&rsquo;engagement des clients, ce plugin sert de solution ultime pour toutes vos exigences d&rsquo;entr\u00e9e de date.<\/p>\n<ul>\n<li>Datepicker hautement personnalisable pour une utilisation avec des formulaires ninja<\/li>\n<li>Capacit\u00e9 \u00e0 choisir parmi divers formats de date<\/li>\n<li>Prend en charge la s\u00e9lection des dates pour une meilleure exp\u00e9rience utilisateur<\/li>\n<li>Options avanc\u00e9es pour d\u00e9sactiver des dates sp\u00e9cifiques ou des gammes de dates<\/li>\n<li>Champs de date calcul\u00e9s avec des formules et une logique personnalis\u00e9es<\/li>\n<li>Int\u00e9gration facile avec d&rsquo;autres types de champs de formulaires ninja<\/li>\n<li>Conception r\u00e9active pour une utilisation transparente sur tous les appareils<\/li>\n<li>Chargement tr\u00e8s efficace et rapide pour des performances optimales<\/li>\n<li>Option pour limiter la s\u00e9lection des dates en fonction de la saisie de l&rsquo;utilisateur<\/li>\n<li>Compatible avec une gamme de navigateurs Web populaires.<\/li>\n<\/ul>\n","protected":false},"excerpt":{"rendered":"<p>Les formes Ninja Advanced DatePicker poss\u00e8dent un niveau remarquable de puissance et d&rsquo;efficacit\u00e9 dans sa capacit\u00e9 \u00e0 am\u00e9liorer la fonctionnalit\u00e9 de vos formes. Avec l&rsquo;incorporation de ce DatePicker avanc\u00e9, vous pouvez fa\u00e7onner sans effort des formulaires qui facilitent la s\u00e9lection transparente des dates pour les utilisateurs, \u00e9vitant ainsi l&rsquo;exigence d&rsquo;une entr\u00e9e manuelle ardue. Ce plugin exceptionnellement convivial s&rsquo;av\u00e8re particuli\u00e8rement avantageux pour les entreprises qui n\u00e9cessitent l&rsquo;acquisition de dates sp\u00e9cifiques de leurs clients ou clients, telles que les dates de rendez-vous ou les d\u00e9lais de projet importants. La vaste gamme de param\u00e8tres avanc\u00e9s vous permet d&rsquo;adapter le Datepicker pr\u00e9cis\u00e9ment pour r\u00e9pondre \u00e0 vos exigences uniques, ce qui le rend un outil extraordinairement polyvalent et inestimable pour tout site Web. Ne perdez pas de temps et exp\u00e9rimentez la remarquable exp\u00e9di\u00e9t\u00e9 des formes de rendez-vous avanc\u00e9es ninja aujourd&rsquo;hui, car il r\u00e9volutionne et rationalise le processus souvent fastidieux de s\u00e9lection des dates, une fois pour toutes!<\/p>\n","protected":false},"featured_media":144755,"comment_status":"open","ping_status":"open","template":"","meta":[],"product_brand":[2605],"product_cat":[1189,1181,1186],"product_tag":[1313],"class_list":{"0":"post-119595","1":"product","2":"type-product","3":"status-publish","4":"has-post-thumbnail","6":"product_brand-ninja-forms","7":"product_cat-personnalisation","8":"product_cat-plugins","9":"product_cat-wordpress-plugins","10":"product_tag-ninja-forms","11":"member-discount","12":"discount-restricted","14":"first","15":"instock","16":"sale","17":"downloadable","18":"virtual","19":"sold-individually","20":"purchasable","21":"product-type-simple"},"_links":{"self":[{"href":"https:\/\/gpl-love.com\/fr\/wp-json\/wp\/v2\/product\/119595","targetHints":{"allow":["GET"]}}],"collection":[{"href":"https:\/\/gpl-love.com\/fr\/wp-json\/wp\/v2\/product"}],"about":[{"href":"https:\/\/gpl-love.com\/fr\/wp-json\/wp\/v2\/types\/product"}],"replies":[{"embeddable":true,"href":"https:\/\/gpl-love.com\/fr\/wp-json\/wp\/v2\/comments?post=119595"}],"wp:featuredmedia":[{"embeddable":true,"href":"https:\/\/gpl-love.com\/fr\/wp-json\/wp\/v2\/media\/144755"}],"wp:attachment":[{"href":"https:\/\/gpl-love.com\/fr\/wp-json\/wp\/v2\/media?parent=119595"}],"wp:term":[{"taxonomy":"product_brand","embeddable":true,"href":"https:\/\/gpl-love.com\/fr\/wp-json\/wp\/v2\/product_brand?post=119595"},{"taxonomy":"product_cat","embeddable":true,"href":"https:\/\/gpl-love.com\/fr\/wp-json\/wp\/v2\/product_cat?post=119595"},{"taxonomy":"product_tag","embeddable":true,"href":"https:\/\/gpl-love.com\/fr\/wp-json\/wp\/v2\/product_tag?post=119595"}],"curies":[{"name":"wp","href":"https:\/\/api.w.org\/{rel}","templated":true}]}}