{"id":119592,"date":"2025-08-08T00:00:00","date_gmt":"2025-08-07T22:00:00","guid":{"rendered":"https:\/\/gpl-love.com\/fr\/produit\/learndash-gradebook-par-real-big-plugins\/"},"modified":"2026-03-20T23:21:54","modified_gmt":"2026-03-20T22:21:54","slug":"learndash-gradebook-par-real-big-plugins","status":"publish","type":"product","link":"https:\/\/gpl-love.com\/fr\/produit\/learndash-gradebook-par-real-big-plugins\/","title":{"rendered":"LearnDash LMS Gradebook 4.3.3"},"content":{"rendered":"<h3>LearnDash LMS Gradebook Traits<\/h3>\n<p>Le livre de notes Learndash LMS, un outil tr\u00e8s efficace sp\u00e9cialement con\u00e7u pour faciliter la gestion transparente de vos cours en ligne, propose un large \u00e9ventail de fonctionnalit\u00e9s qui ne peuvent pas am\u00e9liorer votre exp\u00e9rience d&rsquo;enseignement. En utilisant cette fonctionnalit\u00e9 remarquable, vous pourrez sans effort surveiller et \u00e9valuer les progr\u00e8s de vos \u00e9l\u00e8ves, administrer et r\u00e9glementer efficacement leurs affectations et \u00e9valuations, ainsi que pour fournir des commentaires constructifs pour enrichir leur parcours d&rsquo;apprentissage. De plus, le livret est \u00e9quip\u00e9 de la capacit\u00e9 de g\u00e9n\u00e9rer des rapports, des graphiques et des graphiques complets, vous donnant ainsi des informations inestimables sur les performances de vos \u00e9l\u00e8ves. Par cons\u00e9quent, vous serez apte \u00e0 identifier rapidement les obstacles que vos \u00e9l\u00e8ves peuvent rencontrer, vous permettant de modifier rapidement votre approche p\u00e9dagogique pour mieux r\u00e9pondre \u00e0 leurs besoins. Par cons\u00e9quent, le livre de notes Learndash LMS est un outil indispensable pour tout instructeur de cours en ligne qui cherche \u00e0 rationaliser leur processus de notation et \u00e0 augmenter l&rsquo;exp\u00e9rience d&rsquo;apprentissage globale de leurs \u00e9tudiants.<\/p>\n<ul>\n<li>Fournit un moyen facile de g\u00e9rer les notes des \u00e9tudiants et de progresser dans votre cours Learndash LMS<\/li>\n<li>Permet aux instructeurs de voir les notes des \u00e9tudiants, les dates d&rsquo;ach\u00e8vement et les progr\u00e8s globaux<\/li>\n<li>Fournit des fonctionnalit\u00e9s de rapports d\u00e9taill\u00e9es et personnalisables pour suivre les progr\u00e8s des \u00e9l\u00e8ves et identifier les domaines \u00e0 am\u00e9liorer<\/li>\n<li>S&rsquo;int\u00e8gre parfaitement \u00e0 LearnDash LMS, ce qui facilite la configuration et l&rsquo;utilisation<\/li>\n<li>Permet aux instructeurs de noter les affectations, les quiz et les discussions dans le livret<\/li>\n<li>Fournit des informations en temps r\u00e9el sur les progr\u00e8s et les performances des \u00e9tudiants, aidant les instructeurs \u00e0 identifier les \u00e9tudiants en difficult\u00e9 et \u00e0 fournir un soutien cibl\u00e9<\/li>\n<li>Gave le temps et rationalise le classement et le suivi des progr\u00e8s pour les instructeurs occup\u00e9s<\/li>\n<li>Aide \u00e0 garantir une note \u00e9quitable et pr\u00e9cise en fournissant un emplacement centralis\u00e9 pour toutes les notes des \u00e9tudiants et les informations de progression<\/li>\n<li>Peut \u00eatre personnalis\u00e9 pour correspondre \u00e0 l&rsquo;\u00e9chelle et aux exigences de votre \u00e9tablissement<\/li>\n<li>Fournit un outil pr\u00e9cieux pour surveiller l&rsquo;engagement et les performances des \u00e9tudiants, contribuant \u00e0 am\u00e9liorer la r\u00e9tention et les taux de r\u00e9ussite globale des cours.<\/li>\n<\/ul>\n","protected":false},"excerpt":{"rendered":"<p>Le livret du Syst\u00e8me de gestion de l&rsquo;apprentissage Learndash (LMS) est un outil incroyablement robuste et tr\u00e8s efficace qui vous donne la possibilit\u00e9 de superviser et de surveiller sans effort l&rsquo;avancement et les r\u00e9alisations de vos \u00e9tudiants dans leurs cours en ligne respectifs. En utilisant cet outil exceptionnel, vous avez la possibilit\u00e9 de plonger dans des rapports approfondis et complets d\u00e9taillant les performances de chaque \u00e9tudiant individuel, surveiller sans effort les taux d&rsquo;ach\u00e8vement et allouer sans effort les notes et fournir des commentaires inestimables. La conception intuitive et la gamme \u00e9tendue d&rsquo;options personnalisables contribuent en outre \u00e0 la facilit\u00e9 d&rsquo;utilisation extraordinaire pour les instructeurs et les \u00e9tudiants. En int\u00e9grant le livre de notes Learndash LMS dans vos efforts \u00e9ducatifs, vous \u00eates en mesure de rationaliser et d&rsquo;acc\u00e9l\u00e9rer le processus de notation, en fin de temps pr\u00e9cieux et de fournir \u00e0 vos \u00e9l\u00e8ves des id\u00e9es indispensables pour faciliter leur succ\u00e8s global.<\/p>\n","protected":false},"featured_media":144338,"comment_status":"open","ping_status":"open","template":"","meta":[],"product_brand":[2580],"product_cat":[1189,1181,1186],"product_tag":[2278],"class_list":{"0":"post-119592","1":"product","2":"type-product","3":"status-publish","4":"has-post-thumbnail","6":"product_brand-real-big-plugins","7":"product_cat-personnalisation","8":"product_cat-plugins","9":"product_cat-wordpress-plugins","10":"product_tag-real-big-plugins","11":"member-discount","12":"discount-restricted","14":"first","15":"instock","16":"sale","17":"downloadable","18":"virtual","19":"sold-individually","20":"purchasable","21":"product-type-simple"},"_links":{"self":[{"href":"https:\/\/gpl-love.com\/fr\/wp-json\/wp\/v2\/product\/119592","targetHints":{"allow":["GET"]}}],"collection":[{"href":"https:\/\/gpl-love.com\/fr\/wp-json\/wp\/v2\/product"}],"about":[{"href":"https:\/\/gpl-love.com\/fr\/wp-json\/wp\/v2\/types\/product"}],"replies":[{"embeddable":true,"href":"https:\/\/gpl-love.com\/fr\/wp-json\/wp\/v2\/comments?post=119592"}],"wp:featuredmedia":[{"embeddable":true,"href":"https:\/\/gpl-love.com\/fr\/wp-json\/wp\/v2\/media\/144338"}],"wp:attachment":[{"href":"https:\/\/gpl-love.com\/fr\/wp-json\/wp\/v2\/media?parent=119592"}],"wp:term":[{"taxonomy":"product_brand","embeddable":true,"href":"https:\/\/gpl-love.com\/fr\/wp-json\/wp\/v2\/product_brand?post=119592"},{"taxonomy":"product_cat","embeddable":true,"href":"https:\/\/gpl-love.com\/fr\/wp-json\/wp\/v2\/product_cat?post=119592"},{"taxonomy":"product_tag","embeddable":true,"href":"https:\/\/gpl-love.com\/fr\/wp-json\/wp\/v2\/product_tag?post=119592"}],"curies":[{"name":"wp","href":"https:\/\/api.w.org\/{rel}","templated":true}]}}