{"id":119590,"date":"2021-11-19T00:00:00","date_gmt":"2021-11-18T23:00:00","guid":{"rendered":"https:\/\/gpl-love.com\/fr\/produit\/ninja-forms-twilio-sms\/"},"modified":"2026-03-20T23:28:55","modified_gmt":"2026-03-20T22:28:55","slug":"ninja-forms-twilio-sms","status":"publish","type":"product","link":"https:\/\/gpl-love.com\/fr\/produit\/ninja-forms-twilio-sms\/","title":{"rendered":"Ninja Forms Twilio SMS 3.0.1"},"content":{"rendered":"<h3>Ninja Forms Twilio SMS Traits<\/h3>\n<p>Les formulaires Ninja Twilio SMS sont un compl\u00e9ment de puissance consid\u00e9rable qui donne aux utilisateurs la capacit\u00e9 de d\u00e9p\u00eacher sans effort des messages SMS d\u00e9riv\u00e9s de leurs soumissions Ninja Forms. Ce plugin particulier fabrique une interface conviviale qui fait que les utilisateurs permettent aux utilisateurs de personnaliser les messages SMS qu&rsquo;ils souhaitent transmettre, ainsi que la capacit\u00e9 de sp\u00e9cifier quelles soumissions Ninja Forms doivent provoquer la transmission desdits messages. De plus, le plugin s&rsquo;int\u00e8gre parfaitement \u00e0 l&rsquo;API SMS de Twilio, inculquant ainsi les utilisateurs ayant une confiance in\u00e9branlable dans la livraison rapide et fiable de leurs messages pr\u00e9vus. \u00c0 la lumi\u00e8re de son interface simple et instinctive, il devient sans \u00e9quivoque \u00e9vident que Ninja Formes Twilio SMS constitue un outil indispensable pour toute entreprise qui s&rsquo;efforce d&rsquo;am\u00e9liorer leurs canaux de communication avec leur client\u00e8le estim\u00e9e.<\/p>\n<ul>\n<li>Permet aux utilisateurs d&rsquo;envoyer des notifications SMS \u00e0 partir de leurs soumissions de formulaires Ninja<\/li>\n<li>Int\u00e9gre parfaitement avec l&rsquo;API Twilio<\/li>\n<li>Compatible avec les formulaires Ninja version 3 ou sup\u00e9rieure<\/li>\n<li>Fournit des notifications en temps r\u00e9el pour des soumissions de formulaires importantes<\/li>\n<li>Offre des mod\u00e8les de messages personnalisables pour les notifications SMS<\/li>\n<li>Fournit des capacit\u00e9s de rapport d&rsquo;erreur et de d\u00e9pannage<\/li>\n<li>Facile \u00e0 installer et \u00e0 utiliser sans codage requis<\/li>\n<li>Solution rentable pour les propri\u00e9taires d&rsquo;entreprise qui cherchent \u00e0 rationaliser leur processus de communication<\/li>\n<\/ul>\n","protected":false},"excerpt":{"rendered":"<p>Ninja Forms Twilio SMS est un add-on incroyablement robuste et puissant qui s&rsquo;int\u00e8gre de mani\u00e8re transparente au plugin Ninja Forms, vous offrant la capacit\u00e9 in\u00e9gal\u00e9e de renvoyer sans effort les messages SMS directement \u00e0 partir de votre site Web WordPress. Cette int\u00e9gration r\u00e9volutionnaire vous permet de diffuser sans effort des notifications vitales, des alertes critiques et une myriade d&rsquo;autres messages indispensables \u00e0 votre client\u00e8le estim\u00e9e ou aux membres de l&rsquo;\u00e9quipe estim\u00e9s par le biais du moyen de SMS. En exploitant les prouesses de pointe de l&rsquo;API Twilio, ce module compl\u00e9mentaire garantit la livraison sans faille et rapidement de vos messages m\u00e9ticuleusement con\u00e7us. Peu importe que votre domaine d&rsquo;influence soit un emporium de commerce \u00e9lectronique, une entreprise philanthropique ou une entreprise minuscule mais dynamique, les formes Ninja Twilio SMS ont \u00e9t\u00e9 m\u00e9ticuleusement con\u00e7ues pour vous permettre de forger des liaisons incassables et de favoriser des connexions in\u00e9branlables avec votre public ch\u00e9ri, tous tout en rationalisant simultan\u00e9ment vos processus de communication complexes. Ne perdez plus de temps; Embarquez dans ce voyage impressionnant aujourd&rsquo;hui et se pr\u00e9lassez dans la facilit\u00e9 in\u00e9gal\u00e9e avec laquelle vous pouvez commencer \u00e0 diffuser des SMS!<\/p>\n","protected":false},"featured_media":144801,"comment_status":"open","ping_status":"open","template":"","meta":[],"product_brand":[2605],"product_cat":[1207,1181,1186],"product_tag":[1313],"class_list":{"0":"post-119590","1":"product","2":"type-product","3":"status-publish","4":"has-post-thumbnail","6":"product_brand-ninja-forms","7":"product_cat-commercialisation-wordpress-plugins","8":"product_cat-plugins","9":"product_cat-wordpress-plugins","10":"product_tag-ninja-forms","11":"member-discount","12":"discount-restricted","14":"first","15":"instock","16":"sale","17":"downloadable","18":"virtual","19":"sold-individually","20":"purchasable","21":"product-type-simple"},"_links":{"self":[{"href":"https:\/\/gpl-love.com\/fr\/wp-json\/wp\/v2\/product\/119590","targetHints":{"allow":["GET"]}}],"collection":[{"href":"https:\/\/gpl-love.com\/fr\/wp-json\/wp\/v2\/product"}],"about":[{"href":"https:\/\/gpl-love.com\/fr\/wp-json\/wp\/v2\/types\/product"}],"replies":[{"embeddable":true,"href":"https:\/\/gpl-love.com\/fr\/wp-json\/wp\/v2\/comments?post=119590"}],"wp:featuredmedia":[{"embeddable":true,"href":"https:\/\/gpl-love.com\/fr\/wp-json\/wp\/v2\/media\/144801"}],"wp:attachment":[{"href":"https:\/\/gpl-love.com\/fr\/wp-json\/wp\/v2\/media?parent=119590"}],"wp:term":[{"taxonomy":"product_brand","embeddable":true,"href":"https:\/\/gpl-love.com\/fr\/wp-json\/wp\/v2\/product_brand?post=119590"},{"taxonomy":"product_cat","embeddable":true,"href":"https:\/\/gpl-love.com\/fr\/wp-json\/wp\/v2\/product_cat?post=119590"},{"taxonomy":"product_tag","embeddable":true,"href":"https:\/\/gpl-love.com\/fr\/wp-json\/wp\/v2\/product_tag?post=119590"}],"curies":[{"name":"wp","href":"https:\/\/api.w.org\/{rel}","templated":true}]}}