{"id":119588,"date":"2022-04-08T00:00:00","date_gmt":"2022-04-07T22:00:00","guid":{"rendered":"https:\/\/gpl-love.com\/fr\/produit\/learndash-lms-stripe-integration-add-on\/"},"modified":"2026-03-20T23:22:01","modified_gmt":"2026-03-20T22:22:01","slug":"learndash-lms-stripe-integration-add-on","status":"publish","type":"product","link":"https:\/\/gpl-love.com\/fr\/produit\/learndash-lms-stripe-integration-add-on\/","title":{"rendered":"LearnDash LMS Stripe Integration Add-On 1.9.3"},"content":{"rendered":"<h3>LearnDash LMS Stripe Integration Add-On Traits<\/h3>\n<p>Le module compl\u00e9mentaire de Learndash LMS Stripe Integration, un outil tr\u00e8s robuste, facilite l&rsquo;int\u00e9gration transparente de Learndash LMS avec la c\u00e9l\u00e8bre passerelle de paiement Stripe. Gr\u00e2ce \u00e0 ce module compl\u00e9mentaire, les utilisateurs sont autoris\u00e9s \u00e0 vendre et \u00e0 g\u00e9rer efficacement leurs cours en ligne, tout cela gr\u00e2ce \u00e0 la fourniture d&rsquo;une solution de traitement de paiement s\u00e9curis\u00e9e et fiable. En tirant parti du module compl\u00e9mentaire Learndash LMS Stripe Integration, les utilisateurs peuvent facilement accepter les paiements \u00e0 partir d&rsquo;un large \u00e9ventail de cartes de cr\u00e9dit majeures, garantissant ainsi une exp\u00e9rience de paiement extr\u00eamement fluide pour leurs apprenants passionn\u00e9s. De plus, cette int\u00e9gration permet en outre les utilisateurs \u00e0 \u00e9tablir des paiements r\u00e9currents, \u00e0 g\u00e9rer avec adroitement les abonnements et \u00e0 g\u00e9rer habilement des remboursements et des r\u00e9trofacturation sans accroc. En substance, le module compl\u00e9mentaire Learndash LMS Stripe Int\u00e9gration est un instrument indispensable pour les personnes cherchant \u00e0 mon\u00e9tiser leurs cours d&rsquo;apprentissage en ligne tout en rationalisant simultan\u00e9ment leurs proc\u00e9dures de paiement en ligne.<\/p>\n<ul>\n<li>Int\u00e9grez de mani\u00e8re transparente votre LMS LearnDash au traitement des paiements Stripe<\/li>\n<li>Acceptez les paiements en ligne des participants au cours en utilisant leurs cartes de cr\u00e9dit ou de d\u00e9bit<\/li>\n<li>Options de paiement personnalisables pour r\u00e9pondre aux besoins de votre entreprise<\/li>\n<li>Inscription automatique des \u00e9tudiants sur un paiement r\u00e9ussi<\/li>\n<li>Acc\u00e8s \u00e0 des rapports de paiement d\u00e9taill\u00e9s \u00e0 des fins de suivi et de comptabilit\u00e9 faciles<\/li>\n<li>Installation et configuration faciles avec des instructions et une documentation claires fournies<\/li>\n<li>Traitement de paiement s\u00e9curis\u00e9 et fiable avec les mesures de s\u00e9curit\u00e9 de Stripe industrie<\/li>\n<li>Assistance client 24\/7 disponible si vous avez des questions ou rencontrez des probl\u00e8mes avec le module compl\u00e9mentaire.<\/li>\n<\/ul>\n","protected":false},"excerpt":{"rendered":"<p>Le module compl\u00e9mentaire Learndash LMS Stripe Integration propose une solution compl\u00e8te et robuste qui int\u00e8gre de mani\u00e8re transparente la plate-forme de traitement des paiements de Stripe estim\u00e9e dans votre syst\u00e8me de gestion de l&rsquo;apprentissage Learndash existant. Ce module compl\u00e9mentaire innovant vous permet d&rsquo;accepter sans effort les paiements pour votre gamme diversifi\u00e9e de cours et autres produits num\u00e9riques, tout en conservant une exp\u00e9rience utilisateur transparente sans jamais rediriger vos clients loin de votre propre site Web. En rationalisant le processus de paiement, ce module compl\u00e9mentaire exceptionnel garantit une exp\u00e9rience de paiement plus rapide et plus pratique pour vos pr\u00e9cieux clients.<\/p>\n","protected":false},"featured_media":144345,"comment_status":"open","ping_status":"open","template":"","meta":[],"product_brand":[2579],"product_cat":[1253,1181,1186],"product_tag":[1295],"class_list":{"0":"post-119588","1":"product","2":"type-product","3":"status-publish","4":"has-post-thumbnail","6":"product_brand-learndash","7":"product_cat-paiement","8":"product_cat-plugins","9":"product_cat-wordpress-plugins","10":"product_tag-learndash","11":"member-discount","12":"discount-restricted","14":"first","15":"instock","16":"sale","17":"downloadable","18":"virtual","19":"sold-individually","20":"purchasable","21":"product-type-simple"},"_links":{"self":[{"href":"https:\/\/gpl-love.com\/fr\/wp-json\/wp\/v2\/product\/119588","targetHints":{"allow":["GET"]}}],"collection":[{"href":"https:\/\/gpl-love.com\/fr\/wp-json\/wp\/v2\/product"}],"about":[{"href":"https:\/\/gpl-love.com\/fr\/wp-json\/wp\/v2\/types\/product"}],"replies":[{"embeddable":true,"href":"https:\/\/gpl-love.com\/fr\/wp-json\/wp\/v2\/comments?post=119588"}],"wp:featuredmedia":[{"embeddable":true,"href":"https:\/\/gpl-love.com\/fr\/wp-json\/wp\/v2\/media\/144345"}],"wp:attachment":[{"href":"https:\/\/gpl-love.com\/fr\/wp-json\/wp\/v2\/media?parent=119588"}],"wp:term":[{"taxonomy":"product_brand","embeddable":true,"href":"https:\/\/gpl-love.com\/fr\/wp-json\/wp\/v2\/product_brand?post=119588"},{"taxonomy":"product_cat","embeddable":true,"href":"https:\/\/gpl-love.com\/fr\/wp-json\/wp\/v2\/product_cat?post=119588"},{"taxonomy":"product_tag","embeddable":true,"href":"https:\/\/gpl-love.com\/fr\/wp-json\/wp\/v2\/product_tag?post=119588"}],"curies":[{"name":"wp","href":"https:\/\/api.w.org\/{rel}","templated":true}]}}