{"id":119582,"date":"2026-04-18T00:00:00","date_gmt":"2026-04-17T22:00:00","guid":{"rendered":"https:\/\/gpl-love.com\/fr\/produit\/themify-post-type-builder\/"},"modified":"2026-04-19T00:31:01","modified_gmt":"2026-04-18T22:31:01","slug":"themify-post-type-builder","status":"publish","type":"product","link":"https:\/\/gpl-love.com\/fr\/produit\/themify-post-type-builder\/","title":{"rendered":"Themify Post Type Builder 2.2.8"},"content":{"rendered":"<h3>Themify Post Type Builder Traits<\/h3>\n<p>Le constructeur de types de messagerie TheThify est un plugin WordPress premium extr\u00eamement robuste et riche en fonctionnalit\u00e9s qui offre aux utilisateurs la capacit\u00e9 in\u00e9gal\u00e9e de g\u00e9n\u00e9rer sans effort des types de messages personnalis\u00e9s, des taxonomies personnalis\u00e9es et des champs personnalis\u00e9s. Gr\u00e2ce \u00e0 son interface intuitive de glisser-d\u00e9poser, les utilisateurs sont autoris\u00e9s \u00e0 \u00e9laborer et \u00e0 personnaliser de mani\u00e8re complexe chaque facette de leurs types de poste, englobant les arrangements de mise en page, les champs et les taxonomies. De plus, ce plugin s&rsquo;int\u00e8gre de mani\u00e8re transparente avec le backend WordPress, donnant aux utilisateurs une autorit\u00e9 absolue sur leur contenu. Ind\u00e9pendamment de savoir si un individu s&rsquo;identifie comme un blogueur, un marketing ou un propri\u00e9taire de site Web, le constructeur de types de publication THEFIFY appara\u00eet ind\u00e9niablement comme un outil indispensable pour fa\u00e7onner le contenu captivant et distinctif qui transcende la norme.<\/p>\n<ul>\n<li>Permet aux utilisateurs de cr\u00e9er des types de publication et des champs personnalis\u00e9s personnalis\u00e9s rapidement et facilement<\/li>\n<li>Permet aux utilisateurs de configurer des dispositions uniques pour leurs types de publication personnalis\u00e9s sans aucune connaissance de codage<\/li>\n<li>Fournit plus de 25 types de champ personnalis\u00e9s, y compris des zones de texte, des cases \u00e0 cocher, des menus d\u00e9roulants, et plus encore<\/li>\n<li>Livr\u00e9 avec des mod\u00e8les pr\u00e9-construits pour les types de poste communs, tels que les t\u00e9moignages, les portefeuilles et les membres du personnel<\/li>\n<li>Permet aux utilisateurs d&rsquo;importer et d&rsquo;exporter leurs types et champs de publication personnalis\u00e9s pour les d\u00e9placer facilement vers d&rsquo;autres sites<\/li>\n<li>Interface de glisser-d\u00e9poser intuitive pour construire visuellement les types de postes et les champs personnalis\u00e9s<\/li>\n<li>S&rsquo;int\u00e8gre au th\u00e8me ultra populaire de The Thefy et \u00e0 d&rsquo;autres th\u00e8mes WordPress<\/li>\n<li>Comprend une prise en charge int\u00e9gr\u00e9e pour les taxonomies personnalis\u00e9es et les pages d&rsquo;archives de type de poste personnalis\u00e9es<\/li>\n<li>Fournit un contr\u00f4le granulaire sur les autorisations des utilisateurs, permettant aux propri\u00e9taires de sites de dicter qui peut acc\u00e9der et g\u00e9rer les types de publication et les champs personnalis\u00e9s<\/li>\n<li>Offre une documentation approfondie et un support client pour aider les utilisateurs \u00e0 tirer le meilleur parti du plugin.<\/li>\n<\/ul>\n","protected":false},"excerpt":{"rendered":"<p>Le constructeur de types de publication Th\u00e9ify est un plugin WordPress incroyablement polyvalent et tr\u00e8s efficace qui offre aux utilisateurs la possibilit\u00e9 de g\u00e9n\u00e9rer et de personnaliser sans effort des types de publiques personnalis\u00e9es, des taxonomies personnalis\u00e9es, ainsi que des champs personnalis\u00e9s. Que vous soyez en train de cr\u00e9er un blog ou un site Web \u00e9tendu et enti\u00e8rement fonctionnel, cet outil exceptionnel est con\u00e7u pour garantir que votre contenu se d\u00e9marque de la foule en ligne souvent \u00e9crasante. B\u00e9n\u00e9ficiant d&rsquo;une interface de glisser-d\u00e9poser exceptionnellement intuitive, ce plugin ing\u00e9nieux permet aux utilisateurs de g\u00e9n\u00e9rer rapidement et de mani\u00e8re transparente des types de messages personnalis\u00e9s, le tout sans n\u00e9cessiter de connaissances ou d&rsquo;exp\u00e9rience de codage pr\u00e9alables. De plus, cet outil exceptionnel s&rsquo;int\u00e8gre sans effort avec votre site WordPress existant, en vous assurant que vous pouvez commencer instantan\u00e9ment \u00e0 utiliser vos types de publication et taxonomies personnalis\u00e9s nouvellement cr\u00e9\u00e9s. Que vous soyez un d\u00e9veloppeur chevronn\u00e9 ou un cr\u00e9ateur de contenu d\u00e9di\u00e9, le constructeur de types de post Themey est une ressource indispensable qui am\u00e9liorera sans aucun doute la personnalisation globale de votre site WordPress \u00e0 de nouveaux sommets impressionnants.<\/p>\n","protected":false},"featured_media":145545,"comment_status":"open","ping_status":"open","template":"","meta":[],"product_brand":[2674],"product_cat":[1189,1181,1186],"product_tag":[1375],"class_list":{"0":"post-119582","1":"product","2":"type-product","3":"status-publish","4":"has-post-thumbnail","6":"product_brand-themify","7":"product_cat-personnalisation","8":"product_cat-plugins","9":"product_cat-wordpress-plugins","10":"product_tag-themify","11":"member-discount","12":"discount-restricted","14":"first","15":"instock","16":"sale","17":"downloadable","18":"virtual","19":"sold-individually","20":"purchasable","21":"product-type-simple"},"_links":{"self":[{"href":"https:\/\/gpl-love.com\/fr\/wp-json\/wp\/v2\/product\/119582","targetHints":{"allow":["GET"]}}],"collection":[{"href":"https:\/\/gpl-love.com\/fr\/wp-json\/wp\/v2\/product"}],"about":[{"href":"https:\/\/gpl-love.com\/fr\/wp-json\/wp\/v2\/types\/product"}],"replies":[{"embeddable":true,"href":"https:\/\/gpl-love.com\/fr\/wp-json\/wp\/v2\/comments?post=119582"}],"wp:featuredmedia":[{"embeddable":true,"href":"https:\/\/gpl-love.com\/fr\/wp-json\/wp\/v2\/media\/145545"}],"wp:attachment":[{"href":"https:\/\/gpl-love.com\/fr\/wp-json\/wp\/v2\/media?parent=119582"}],"wp:term":[{"taxonomy":"product_brand","embeddable":true,"href":"https:\/\/gpl-love.com\/fr\/wp-json\/wp\/v2\/product_brand?post=119582"},{"taxonomy":"product_cat","embeddable":true,"href":"https:\/\/gpl-love.com\/fr\/wp-json\/wp\/v2\/product_cat?post=119582"},{"taxonomy":"product_tag","embeddable":true,"href":"https:\/\/gpl-love.com\/fr\/wp-json\/wp\/v2\/product_tag?post=119582"}],"curies":[{"name":"wp","href":"https:\/\/api.w.org\/{rel}","templated":true}]}}