{"id":119571,"date":"2021-11-18T00:00:00","date_gmt":"2021-11-17T23:00:00","guid":{"rendered":"https:\/\/gpl-love.com\/fr\/produit\/mcgill-law-firm-wordpress-theme\/"},"modified":"2026-03-20T23:24:01","modified_gmt":"2026-03-20T22:24:01","slug":"mcgill-law-firm-wordpress-theme","status":"publish","type":"product","link":"https:\/\/gpl-love.com\/fr\/produit\/mcgill-law-firm-wordpress-theme\/","title":{"rendered":"Mcgill Law Firm WordPress Theme 1.0"},"content":{"rendered":"<h3>Mcgill Law Firm WordPress Theme Traits<\/h3>\n<p>Le th\u00e8me WordPress du cabinet d&rsquo;avocats McGill est un mod\u00e8le extr\u00eamement con\u00e7u et contemporain qui a \u00e9t\u00e9 m\u00e9ticuleusement con\u00e7u exclusivement pour les cabinets d&rsquo;avocats et les professionnels du droit. B\u00e9n\u00e9ficiant d&rsquo;une esth\u00e9tique \u00e9l\u00e9gante et polie, ce th\u00e8me s&rsquo;av\u00e8re \u00eatre un choix impeccable pour pr\u00e9senter efficacement les services juridiques et les informations d&rsquo;une mani\u00e8re qui est \u00e0 la fois succincte et compr\u00e9hensible. Notamment, il est enti\u00e8rement r\u00e9actif et peut \u00eatre personnalis\u00e9 sans effort, garantissant une couture transparente en fonction de vos exigences sp\u00e9cifiques et de vos pr\u00e9f\u00e9rences de marque. Remarquablement, ce th\u00e8me englobe une pl\u00e9thore de fonctionnalit\u00e9s impressionnantes, y compris, mais sans s&rsquo;y limiter, la possibilit\u00e9 de personnaliser les en-t\u00eates, les pieds de page et les menus, ainsi que d&rsquo;offrir une s\u00e9lection diversifi\u00e9e de mod\u00e8les de pages qui s&rsquo;adressent aux services, aux membres de l&rsquo;\u00e9quipe et aux t\u00e9moignages. De plus, il a \u00e9t\u00e9 optimis\u00e9 \u00e0 des fins d&rsquo;optimisation des moteurs de recherche (SEO), optimisant ainsi la visibilit\u00e9 de votre site Web, et en outre, il int\u00e8gre des formulaires de contact int\u00e9gr\u00e9s qui servent \u00e0 augmenter l&rsquo;engagement des utilisateurs. En utilisant le th\u00e8me WordPress du cabinet d&rsquo;avocats McGill, vous pourrez \u00e9tablir une pr\u00e9sence en ligne formidable et faisant autorit\u00e9 pour votre cabinet d&rsquo;avocats, pour attirer et retenir avec succ\u00e8s des clients.<\/p>\n<ul>\n<li>Th\u00e8me WordPress con\u00e7u par des professionnels pour les cabinets d&rsquo;avocats<\/li>\n<li>Disposition propre et moderne avec des sch\u00e9mas de couleurs personnalisables<\/li>\n<li>La conception sensible aux mobiles garantit la compatibilit\u00e9 avec tous les appareils<\/li>\n<li>Int\u00e9gration transparente avec des plugins populaires tels que le formulaire de contact 7 et Yoast SEO<\/li>\n<li>Syst\u00e8me de navigation robuste avec plusieurs options de menu<\/li>\n<li>Fonction de r\u00e9servation de rendez-vous int\u00e9gr\u00e9e pour les clients afin de planifier des consultations<\/li>\n<li>Facile \u00e0 g\u00e9rer et \u00e0 mettre \u00e0 jour avec l&rsquo;interface backend intuitive de WordPress<\/li>\n<li>\u00c9quipe d&rsquo;assistance d\u00e9di\u00e9e disponible pour les demandes d&rsquo;assistance technique et de personnalisation<\/li>\n<li>Compatible avec tous les principaux navigateurs Web pour une port\u00e9e et une accessibilit\u00e9 maximales<\/li>\n<\/ul>\n","protected":false},"excerpt":{"rendered":"<p>Le th\u00e8me WordPress du cabinet d&rsquo;avocats McGill, un mod\u00e8le de site Web m\u00e9ticuleusement con\u00e7u et exquis, r\u00e9pond exclusivement aux besoins exigeants des entreprises juridiques. Son design r\u00e9actif de pointe s&rsquo;adapte parfaitement \u00e0 divers appareils, tandis que son jeu de couleurs personnalisable ajoute une touche de sophistication et de personnalisation. Avec des dispositions pr\u00e9-con\u00e7ues m\u00e9ticuleusement adapt\u00e9es aux profils d&rsquo;avocat, aux zones de pratique et aux t\u00e9moignages, ce th\u00e8me est un choix id\u00e9al pour les cabinets d&rsquo;avocats aspirant \u00e0 la taille d&rsquo;une pr\u00e9sence en ligne distinctive. De plus, le th\u00e8me poss\u00e8de un syst\u00e8me de gestion de contenu incroyablement convivial, permettant des mises \u00e0 jour et des modifications sans effort. En outre, son optimisation des moteurs de recherche garantit que votre site Web attire non seulement l&rsquo;attention mais conserve \u00e9galement les clients en masse.<\/p>\n","protected":false},"featured_media":144474,"comment_status":"open","ping_status":"open","template":"","meta":[],"product_brand":[2433],"product_cat":[1516,1212,1213],"product_tag":[1366],"class_list":{"0":"post-119571","1":"product","2":"type-product","3":"status-publish","4":"has-post-thumbnail","6":"product_brand-themeforest","7":"product_cat-entreprise","8":"product_cat-themes","9":"product_cat-wordpress-themes","10":"product_tag-themeforest","11":"member-discount","12":"discount-restricted","14":"first","15":"instock","16":"sale","17":"downloadable","18":"virtual","19":"sold-individually","20":"purchasable","21":"product-type-simple"},"_links":{"self":[{"href":"https:\/\/gpl-love.com\/fr\/wp-json\/wp\/v2\/product\/119571","targetHints":{"allow":["GET"]}}],"collection":[{"href":"https:\/\/gpl-love.com\/fr\/wp-json\/wp\/v2\/product"}],"about":[{"href":"https:\/\/gpl-love.com\/fr\/wp-json\/wp\/v2\/types\/product"}],"replies":[{"embeddable":true,"href":"https:\/\/gpl-love.com\/fr\/wp-json\/wp\/v2\/comments?post=119571"}],"wp:featuredmedia":[{"embeddable":true,"href":"https:\/\/gpl-love.com\/fr\/wp-json\/wp\/v2\/media\/144474"}],"wp:attachment":[{"href":"https:\/\/gpl-love.com\/fr\/wp-json\/wp\/v2\/media?parent=119571"}],"wp:term":[{"taxonomy":"product_brand","embeddable":true,"href":"https:\/\/gpl-love.com\/fr\/wp-json\/wp\/v2\/product_brand?post=119571"},{"taxonomy":"product_cat","embeddable":true,"href":"https:\/\/gpl-love.com\/fr\/wp-json\/wp\/v2\/product_cat?post=119571"},{"taxonomy":"product_tag","embeddable":true,"href":"https:\/\/gpl-love.com\/fr\/wp-json\/wp\/v2\/product_tag?post=119571"}],"curies":[{"name":"wp","href":"https:\/\/api.w.org\/{rel}","templated":true}]}}