{"id":119569,"date":"2025-10-23T00:00:00","date_gmt":"2025-10-22T22:00:00","guid":{"rendered":"https:\/\/gpl-love.com\/fr\/produit\/fototag-photography-wordpress-theme\/"},"modified":"2026-03-20T23:06:41","modified_gmt":"2026-03-20T22:06:41","slug":"fototag-photography-wordpress-theme","status":"publish","type":"product","link":"https:\/\/gpl-love.com\/fr\/produit\/fototag-photography-wordpress-theme\/","title":{"rendered":"Fototag Photography WordPress Theme 1.3.11"},"content":{"rendered":"<h3>Fototag Photography WordPress Theme Traits<\/h3>\n<p>Le th\u00e8me WordPress de la photographie Fototag est un th\u00e8me tr\u00e8s sophistiqu\u00e9 et m\u00e9ticuleusement con\u00e7u sp\u00e9cialement con\u00e7u pour r\u00e9pondre aux besoins exigeants des photographes, des artistes et d&rsquo;autres professionnels cr\u00e9atifs qui sont impatients de montrer leur travail exemplaire dans un domaine en ligne. Ce th\u00e8me extraordinaire englobe une pl\u00e9thore d&rsquo;attributs extraordinaires, comme une multitude de dispositions de page d&rsquo;accueil distinctes et captivantes, des galeries qui peuvent \u00eatre personnalis\u00e9es pour s&rsquo;adapter \u00e0 votre vision artistique, ainsi que des curseurs pleine page qui ont le potentiel de captiver et de d\u00e9ranger votre public, Vous permettant de pr\u00e9senter vos efforts artistiques de la mani\u00e8re la plus frappante et la plus attrayante imaginable. En plus de ces fonctionnalit\u00e9s exceptionnelles, le th\u00e8me WordPress de la photographie Fototag est \u00e9quip\u00e9 d&rsquo;une fonctionnalit\u00e9 d&rsquo;importation de d\u00e9monstration en un clic incroyablement pratique et qui permet de faire du temps, vous permettant d&rsquo;\u00e9tablir sans effort votre site Web et de commencer rapidement le processus de personnalisation, en vous assurant qu&rsquo;il s&rsquo;aligne parfaitement avec un effort avec un probl\u00e8me avec un fail Votre identit\u00e9 de marque distinctive. En outre, ce th\u00e8me remarquable a \u00e9t\u00e9 impeccablement optimis\u00e9 pour la fonctionnalit\u00e9 de vitesse et de moteur de recherche, garantissant ainsi l&rsquo;accessibilit\u00e9 et la navigation sans effort pour votre public cibl\u00e9, qui gravitera sans aucun doute vers votre portefeuille \u00e9tonnant et se plongera dans le monde captivant que vous avez si habilement cr\u00e9\u00e9. Tout bien consid\u00e9r\u00e9, si vous recherchez un th\u00e8me WordPress de pointe, sophistiqu\u00e9 et incroyablement convivial qui am\u00e9liorera sans aucun doute votre entreprise de photographie \u00e0 des sommets sans pr\u00e9c\u00e9dent, il est sans \u00e9quivoque de contempler s\u00e9rieusement le th\u00e8me WordPress de photographie Fototag de Fototag.<\/p>\n<ul>\n<li>Design personnalisable et moderne pour pr\u00e9senter un travail de photographie<\/li>\n<li>Disposition r\u00e9active pour une visualisation optimale sur tous les appareils<\/li>\n<li>Int\u00e9gration compl\u00e8te avec WordPress pour une gestion facile du contenu<\/li>\n<li>Mod\u00e8les pr\u00e9d\u00e9finis pour les galeries, les portefeuilles et les pages de blog<\/li>\n<li>Fonctionnalit\u00e9 de recherche avanc\u00e9e et filtres pour une navigation facile<\/li>\n<li>Int\u00e9gration avec des plugins populaires tels que WooCommerce et Formulaire de contact 7<\/li>\n<li>Lightbox int\u00e9gr\u00e9 pour une visualisation facile des images<\/li>\n<li>Plusieurs options de couleurs et de polices pour correspondre \u00e0 l&rsquo;identit\u00e9 de la marque<\/li>\n<li>Int\u00e9gration des m\u00e9dias sociaux pour partager et promouvoir le travail<\/li>\n<li>Support professionnel des d\u00e9veloppeurs de th\u00e8mes.<\/li>\n<\/ul>\n","protected":false},"excerpt":{"rendered":"<p>Passez \u00e0 la vitesse sup\u00e9rieure avec le th\u00e8me WordPress Fototag Photography, une solution robuste et polyvalente qui capture l&rsquo;essence m\u00eame de votre art. Dot\u00e9 d&rsquo;un design \u00e9l\u00e9gant et moderne, ce th\u00e8me remarquable offre une vaste gamme de fonctionnalit\u00e9s et d&rsquo;outils con\u00e7us avec soin pour r\u00e9pondre \u00e0 tous vos besoins, vous permettant de pr\u00e9senter vos photos exceptionnelles de la mani\u00e8re la plus captivante et envo\u00fbtante qui soit. Que vous soyez un professionnel chevronn\u00e9, un passionn\u00e9 de photographie ou un blogueur cr\u00e9atif, Fototag est le compagnon id\u00e9al. Naviguez en toute fluidit\u00e9 gr\u00e2ce \u00e0 son interface intuitive et d\u00e9couvrez la multitude de mises en page et d&rsquo;options de personnalisation \u00e0 votre disposition. Cr\u00e9ez un portfolio en ligne visuellement saisissant qui refl\u00e8te parfaitement votre style unique et votre vision artistique. De plus, gr\u00e2ce \u00e0 sa conception responsive et son optimisation SEO, Fototag garantit un site web captivant sur tous les appareils, offrant une exp\u00e9rience utilisateur in\u00e9gal\u00e9e qui attirera sans aucun doute un public encore plus large. Ne perdez pas de temps pour d\u00e9velopper votre pr\u00e9sence en ligne et propulser vos projets photographiques vers des sommets in\u00e9gal\u00e9s \u2013 adoptez d\u00e8s aujourd&rsquo;hui le pouvoir transformateur du th\u00e8me WordPress Fototag Photography.<\/p>\n","protected":false},"featured_media":143924,"comment_status":"open","ping_status":"open","template":"","meta":[],"product_brand":[2433],"product_cat":[1242,1212,1213],"product_tag":[1366],"class_list":{"0":"post-119569","1":"product","2":"type-product","3":"status-publish","4":"has-post-thumbnail","6":"product_brand-themeforest","7":"product_cat-creatif","8":"product_cat-themes","9":"product_cat-wordpress-themes","10":"product_tag-themeforest","11":"member-discount","12":"discount-restricted","14":"first","15":"instock","16":"sale","17":"downloadable","18":"virtual","19":"sold-individually","20":"purchasable","21":"product-type-simple"},"_links":{"self":[{"href":"https:\/\/gpl-love.com\/fr\/wp-json\/wp\/v2\/product\/119569","targetHints":{"allow":["GET"]}}],"collection":[{"href":"https:\/\/gpl-love.com\/fr\/wp-json\/wp\/v2\/product"}],"about":[{"href":"https:\/\/gpl-love.com\/fr\/wp-json\/wp\/v2\/types\/product"}],"replies":[{"embeddable":true,"href":"https:\/\/gpl-love.com\/fr\/wp-json\/wp\/v2\/comments?post=119569"}],"wp:featuredmedia":[{"embeddable":true,"href":"https:\/\/gpl-love.com\/fr\/wp-json\/wp\/v2\/media\/143924"}],"wp:attachment":[{"href":"https:\/\/gpl-love.com\/fr\/wp-json\/wp\/v2\/media?parent=119569"}],"wp:term":[{"taxonomy":"product_brand","embeddable":true,"href":"https:\/\/gpl-love.com\/fr\/wp-json\/wp\/v2\/product_brand?post=119569"},{"taxonomy":"product_cat","embeddable":true,"href":"https:\/\/gpl-love.com\/fr\/wp-json\/wp\/v2\/product_cat?post=119569"},{"taxonomy":"product_tag","embeddable":true,"href":"https:\/\/gpl-love.com\/fr\/wp-json\/wp\/v2\/product_tag?post=119569"}],"curies":[{"name":"wp","href":"https:\/\/api.w.org\/{rel}","templated":true}]}}