{"id":119567,"date":"2023-12-17T00:00:00","date_gmt":"2023-12-16T23:00:00","guid":{"rendered":"https:\/\/gpl-love.com\/fr\/produit\/woo-infinite-options\/"},"modified":"2026-03-20T23:44:03","modified_gmt":"2026-03-20T22:44:03","slug":"woo-infinite-options","status":"publish","type":"product","link":"https:\/\/gpl-love.com\/fr\/produit\/woo-infinite-options\/","title":{"rendered":"Woo Infinite Options 1.116"},"content":{"rendered":"<h3>Woo Infinite Options Traits<\/h3>\n<p>Le plugin Woo Infinite Options est un outil incroyablement robuste et polyvalent qui donne aux utilisateurs la possibilit\u00e9 d&rsquo;incorporer une quantit\u00e9 illimit\u00e9e d&rsquo;options dans leurs produits WooCommerce. \u00c9largissant les capacit\u00e9s de ce plugin, les utilisateurs peuvent g\u00e9n\u00e9rer sans effort des options personnalis\u00e9es qui se manifestent sous diverses formes, y compris, mais sans s&rsquo;y limiter, les menus d\u00e9roulants, les champs de texte et m\u00eame les images. De plus, le plugin permet l&rsquo;\u00e9tablissement de prix distincts pour chaque option individuelle, offrant ainsi aux utilisateurs la possibilit\u00e9 de mettre en \u0153uvre une structure de prix qui s&rsquo;aligne sur leurs besoins sp\u00e9cifiques. De plus, le plugin offre aux utilisateurs la possibilit\u00e9 d&rsquo;incorporer de mani\u00e8re transparente la logique conditionnelle, ce qui donne la capacit\u00e9 d&rsquo;afficher ou de cacher s\u00e9lectivement les options pr\u00e9dict\u00e9es sur les pr\u00e9f\u00e9rences de l&rsquo;utilisateur. \u00c0 la lumi\u00e8re de ces fonctionnalit\u00e9s, il devient \u00e9vident que ce plugin est parfaitement adapt\u00e9 aux entreprises sp\u00e9cialis\u00e9es dans l&rsquo;offre de produits personnalisables, tels que la mode, les accessoires et les meubles. En incorporant des options Infinite Woo, les commer\u00e7ants peuvent sans effort \u00e9lever leurs offres de produits en les impr\u00e9gnant de fonctionnalit\u00e9s am\u00e9lior\u00e9es et du potentiel de cr\u00e9er des exp\u00e9riences vraiment uniques et personnalis\u00e9es pour leur pr\u00e9cieux client\u00e8le. Par cons\u00e9quent, il est clair sans \u00e9quivoque que Woo Infinite Options est un plugin indispensable indispensable pour tout fournisseur en ligne cherchant \u00e0 augmenter les choix et les exp\u00e9riences de leurs clients.<\/p>\n<ul>\n<li>Offre des options illimit\u00e9es pour la personnalisation des produits<\/li>\n<li>Permet aux clients de personnaliser leurs produits avec une vari\u00e9t\u00e9 de choix<\/li>\n<li>Interface facile \u00e0 utiliser pour les propri\u00e9taires de magasins et les clients<\/li>\n<li>Compatible avec tous les th\u00e8mes WordPress<\/li>\n<li>Offre diff\u00e9rentes options \u00e0 des prix diff\u00e9rents<\/li>\n<li>Assure une installation rapide et sans tracas<\/li>\n<li>Fournit des prix en temps r\u00e9el en fonction des options s\u00e9lectionn\u00e9es<\/li>\n<li>Compatible avec des langues autres que l&rsquo;anglais<\/li>\n<li>Fournit aux clients un processus de personnalisation fluide et enti\u00e8rement int\u00e9gr\u00e9<\/li>\n<li>Permet aux propri\u00e9taires de magasins de vendre des produits plus personnalis\u00e9s<\/li>\n<li>Aide les propri\u00e9taires de magasins \u00e0 \u00e9tablir leur identit\u00e9 de marque gr\u00e2ce \u00e0 des produits personnalis\u00e9s<\/li>\n<\/ul>\n","protected":false},"excerpt":{"rendered":"<p>Woo Infinite Options, un plugin incroyablement puissant m\u00e9ticuleusement con\u00e7u pour augmenter la fonctionnalit\u00e9 de votre magasin WooCommerce, appara\u00eet comme un atout indispensable. Cet outil ing\u00e9nieux vous permet de g\u00e9n\u00e9rer sans effort une gamme infinie d&rsquo;options de produits, de champs sur mesure et de variations polyvalentes. En exploitant la puissance des options Infinite Woo, vous pouvez forger sans effort des pages de produits dynamiques qui incarnent une exp\u00e9rience d&rsquo;achat in\u00e9gal\u00e9e pour vos clients estim\u00e9s. Que votre objectif soit de compl\u00e9ter votre marchandise avec des informations vitales suppl\u00e9mentaires ou de construire des alternatives de tarification personnalis\u00e9es, l&rsquo;interface conviviale et intuitive des options Infinite vous accorde un processus sans effort et rationalis\u00e9. Assistez \u00e0 une augmentation sans pr\u00e9c\u00e9dent des conversions, \u00e0 une baisse remarquable des taux de rebond et \u00e0 la facilitation d&rsquo;un parcours de magasinage harmonieux et ininterrompu, tout cela gr\u00e2ce \u00e0 l&rsquo;assistance inestimable apport\u00e9e par Woo Infinite Options.<\/p>\n","protected":false},"featured_media":145780,"comment_status":"open","ping_status":"open","template":"","meta":[],"product_brand":[2435],"product_cat":[1182,1223,1181],"product_tag":[1231],"class_list":{"0":"post-119567","1":"product","2":"type-product","3":"status-publish","4":"has-post-thumbnail","6":"product_brand-codecanyon","7":"product_cat-commerce-electronique-plugins","8":"product_cat-personnalisation-commerce-electronique-plugins","9":"product_cat-plugins","10":"product_tag-codecanyon","11":"member-discount","12":"discount-restricted","14":"first","15":"instock","16":"sale","17":"downloadable","18":"virtual","19":"sold-individually","20":"purchasable","21":"product-type-simple"},"_links":{"self":[{"href":"https:\/\/gpl-love.com\/fr\/wp-json\/wp\/v2\/product\/119567","targetHints":{"allow":["GET"]}}],"collection":[{"href":"https:\/\/gpl-love.com\/fr\/wp-json\/wp\/v2\/product"}],"about":[{"href":"https:\/\/gpl-love.com\/fr\/wp-json\/wp\/v2\/types\/product"}],"replies":[{"embeddable":true,"href":"https:\/\/gpl-love.com\/fr\/wp-json\/wp\/v2\/comments?post=119567"}],"wp:featuredmedia":[{"embeddable":true,"href":"https:\/\/gpl-love.com\/fr\/wp-json\/wp\/v2\/media\/145780"}],"wp:attachment":[{"href":"https:\/\/gpl-love.com\/fr\/wp-json\/wp\/v2\/media?parent=119567"}],"wp:term":[{"taxonomy":"product_brand","embeddable":true,"href":"https:\/\/gpl-love.com\/fr\/wp-json\/wp\/v2\/product_brand?post=119567"},{"taxonomy":"product_cat","embeddable":true,"href":"https:\/\/gpl-love.com\/fr\/wp-json\/wp\/v2\/product_cat?post=119567"},{"taxonomy":"product_tag","embeddable":true,"href":"https:\/\/gpl-love.com\/fr\/wp-json\/wp\/v2\/product_tag?post=119567"}],"curies":[{"name":"wp","href":"https:\/\/api.w.org\/{rel}","templated":true}]}}