{"id":119565,"date":"2022-02-21T00:00:00","date_gmt":"2022-02-20T23:00:00","guid":{"rendered":"https:\/\/gpl-love.com\/fr\/produit\/woocommerce-ultimate-pricing\/"},"modified":"2026-03-20T23:48:17","modified_gmt":"2026-03-20T22:48:17","slug":"woocommerce-ultimate-pricing","status":"publish","type":"product","link":"https:\/\/gpl-love.com\/fr\/produit\/woocommerce-ultimate-pricing\/","title":{"rendered":"WooCommerce Ultimate Pricing 1.1.3"},"content":{"rendered":"<h3>WooCommerce Ultimate Pricing Traits<\/h3>\n<p>Le plugin WooCommerce Ultimate Pricing est un outil inestimable pour les propri\u00e9taires de magasins en ligne car il leur permet d&rsquo;\u00e9tablir et de mettre en \u0153uvre des options de prix flexibles pour leur large gamme de produits. En fournissant une interface conviviale, ce plugin offre aux propri\u00e9taires de magasins la possibilit\u00e9 de g\u00e9n\u00e9rer sans effort des r\u00e8gles de prix personnalis\u00e9es qui d\u00e9pendent de divers facteurs, tels que l&rsquo;heure sp\u00e9cifique de la journ\u00e9e, les groupes de clients exclusifs et la quantit\u00e9 de produits achet\u00e9s. De plus, ce plugin exceptionnel accorde aux propri\u00e9taires de magasins la possibilit\u00e9 de proposer des remises et des promotions attrayantes, qui servent sans aucun doute de moyen efficace de captiver une client\u00e8le plus grande pour leurs entreprises en ligne florissantes. Par cons\u00e9quent, WooCommerce Ultimate Pricing facilite la cr\u00e9ation d&rsquo;exp\u00e9riences d&rsquo;achat sur mesure pour les clients, permettant ainsi aux propri\u00e9taires de magasins d&rsquo;\u00e9l\u00e9menter avec succ\u00e8s leurs revenus de vente et leur rentabilit\u00e9 globale. Il est donc clairement clair que ce plugin est un atout indispensable pour n&rsquo;importe quelle boutique en ligne qui cherche \u00e0 \u00e9tablir une pr\u00e9sence pro\u00e9minente et \u00e0 obtenir un avantage concurrentiel dans un march\u00e9 de plus en plus satur\u00e9.<\/p>\n<ul>\n<li>Un plugin de prix avanc\u00e9 pour WooCommerce qui offre une gamme de fonctionnalit\u00e9s puissantes<\/li>\n<li>Permet aux propri\u00e9taires de magasins de cr\u00e9er des r\u00e8gles de prix personnalis\u00e9es en fonction de divers crit\u00e8res tels que la quantit\u00e9 de produit, le r\u00f4le utilisateur, et plus<\/li>\n<li>Id\u00e9al pour les magasins avec de grands catalogues de produits ou des structures de tarification complexes<\/li>\n<li>Capacit\u00e9 \u00e0 cr\u00e9er des r\u00e8gles de tarification dynamiques qui s&rsquo;ajustent en fonction de conditions sp\u00e9cifiques telles que l&rsquo;heure de la journ\u00e9e ou la disponibilit\u00e9 des stocks<\/li>\n<li>Prend en charge plusieurs niveaux de prix pour diff\u00e9rents r\u00f4les d&rsquo;utilisateurs ou groupes de clients<\/li>\n<li>Mises \u00e0 jour des prix automatis\u00e9es lorsque les prix des produits changent ou lorsque de nouvelles r\u00e8gles sont cr\u00e9\u00e9es<\/li>\n<li>Interface facile \u00e0 utiliser avec des contr\u00f4les intuitifs et une documentation utile<\/li>\n<li>Compatible avec les passerelles de paiement populaires et les extensions WooCommerce<\/li>\n<li>Plusieurs options de personnalisation pour adapter les r\u00e8gles de tarification \u00e0 vos besoins sp\u00e9cifiques<\/li>\n<li>Mises \u00e0 jour r\u00e9guli\u00e8res et excellent support des d\u00e9veloppeurs de plugins.<\/li>\n<\/ul>\n","protected":false},"excerpt":{"rendered":"<p>WooCommerce Ultimate Pricing se pr\u00e9sente comme un instrument extr\u00eamement puissant pour les propri\u00e9taires de magasins en ligne qui cherchent \u00e0 adapter leurs strat\u00e9gies de tarification en fonction de leurs pr\u00e9f\u00e9rences. Ce plugin remarquable permet aux utilisateurs d&rsquo;\u00e9tablir sans effort des r\u00e9glementations de tarification complexes, qui prennent en compte un \u00e9ventail diversifi\u00e9 de facteurs, y compris, mais sans s&rsquo;y limiter, la quantit\u00e9, les attributs de produits, les r\u00f4les des utilisateurs, etc. Que l&rsquo;objectif \u00e0 accomplir soit de prolonger les remises aux clients fid\u00e8les, d&rsquo;orchestrer un \u00e9v\u00e9nement de vente rapidement \u00e9ph\u00e9m\u00e8re ou m\u00eame de motiver des achats substantiels, WooCommerce Ultimate Pricing offre une solution globale. En outre, son interface remarquablement conviviale et ses fonctionnalit\u00e9s manovables sans effort rendent le processus de configuration et de gestion de ce plugin une entreprise vraiment transparente. En adoptant les capacit\u00e9s formidables fournies par Ultimate Pricing, on peut entra\u00eener leur magasin WooCommerce dans un domaine de succ\u00e8s accru, augmentant efficacement les ventes et renfor\u00e7ant les sources de revenus.<\/p>\n","protected":false},"featured_media":146056,"comment_status":"open","ping_status":"open","template":"","meta":[],"product_brand":[2435],"product_cat":[1182,1223,1181],"product_tag":[1231],"class_list":{"0":"post-119565","1":"product","2":"type-product","3":"status-publish","4":"has-post-thumbnail","6":"product_brand-codecanyon","7":"product_cat-commerce-electronique-plugins","8":"product_cat-personnalisation-commerce-electronique-plugins","9":"product_cat-plugins","10":"product_tag-codecanyon","11":"member-discount","12":"discount-restricted","14":"first","15":"instock","16":"sale","17":"downloadable","18":"virtual","19":"sold-individually","20":"purchasable","21":"product-type-simple"},"_links":{"self":[{"href":"https:\/\/gpl-love.com\/fr\/wp-json\/wp\/v2\/product\/119565","targetHints":{"allow":["GET"]}}],"collection":[{"href":"https:\/\/gpl-love.com\/fr\/wp-json\/wp\/v2\/product"}],"about":[{"href":"https:\/\/gpl-love.com\/fr\/wp-json\/wp\/v2\/types\/product"}],"replies":[{"embeddable":true,"href":"https:\/\/gpl-love.com\/fr\/wp-json\/wp\/v2\/comments?post=119565"}],"wp:featuredmedia":[{"embeddable":true,"href":"https:\/\/gpl-love.com\/fr\/wp-json\/wp\/v2\/media\/146056"}],"wp:attachment":[{"href":"https:\/\/gpl-love.com\/fr\/wp-json\/wp\/v2\/media?parent=119565"}],"wp:term":[{"taxonomy":"product_brand","embeddable":true,"href":"https:\/\/gpl-love.com\/fr\/wp-json\/wp\/v2\/product_brand?post=119565"},{"taxonomy":"product_cat","embeddable":true,"href":"https:\/\/gpl-love.com\/fr\/wp-json\/wp\/v2\/product_cat?post=119565"},{"taxonomy":"product_tag","embeddable":true,"href":"https:\/\/gpl-love.com\/fr\/wp-json\/wp\/v2\/product_tag?post=119565"}],"curies":[{"name":"wp","href":"https:\/\/api.w.org\/{rel}","templated":true}]}}