{"id":119563,"date":"2024-10-06T00:00:00","date_gmt":"2024-10-05T22:00:00","guid":{"rendered":"https:\/\/gpl-love.com\/fr\/produit\/woocommerce-segmentio-integration\/"},"modified":"2026-03-20T23:47:40","modified_gmt":"2026-03-20T22:47:40","slug":"woocommerce-segmentio-integration","status":"publish","type":"product","link":"https:\/\/gpl-love.com\/fr\/produit\/woocommerce-segmentio-integration\/","title":{"rendered":"WooCommerce Segment.io Integration 2.2.0"},"content":{"rendered":"<h3>WooCommerce Segment.io Integration Traits<\/h3>\n<p>The WooCommerce segment.io Integration, un outil incroyablement robuste et efficace, permet aux entreprises d&rsquo;\u00e9tablir sans effort un lien transparent entre leur magasin WooCommerce et la plate-forme Segment.io tr\u00e8s acclam\u00e9e. Cette int\u00e9gration offre la capacit\u00e9 remarquable pour surveiller avec diligence et examiner m\u00e9ticuleusement le comportement et les interactions des clients sur une vaste gamme de canaux et d&rsquo;appareils, englobant non seulement les applications et les sites Web mobiles, mais aussi diverses plateformes de m\u00e9dias sociaux. Avec la mise en \u0153uvre de cette int\u00e9gration inestimable, les entreprises peuvent en outre atteindre des donn\u00e9es remarquablement perspicaces concernant les pr\u00e9f\u00e9rences des clients, l&rsquo;historique des achats et un \u00e9ventail d&rsquo;autres mesures pivots qui servent d&rsquo;aides indispensables \u00e0 am\u00e9liorer leurs strat\u00e9gies de marketing et de vente. Par cons\u00e9quent, il est sans \u00e9quivoque \u00e9vident que le segment WooCommerce. L&rsquo;int\u00e9gration IO incarne une solution essentielle et indispensable pour toute entreprise aspirant \u00e0 optimiser leur gestion des donn\u00e9es client et \u00e0 obtenir un avantage concurrentiel in\u00e9gal\u00e9 dans le paysage num\u00e9rique contemporain.<\/p>\n<ul>\n<li>Int\u00e9grez de mani\u00e8re transparente votre boutique WooCommerce avec segment.io<\/li>\n<li>Suivre facilement le comportement des clients et recueillir des informations pr\u00e9cieuses sur leurs habitudes d&rsquo;achat<\/li>\n<li>La puissante plate-forme d&rsquo;analyse de segment.io vous permet de cr\u00e9er des campagnes de marketing plus cibl\u00e9es<\/li>\n<li>Connectez-vous avec un large \u00e9ventail d&rsquo;outils et de plateformes marketing via segment.io, y compris Google Analytics, Facebook Ads, et plus<\/li>\n<li>Rationalisez vos workflows marketing et analytique en automatisant la collecte et l&rsquo;analyse des donn\u00e9es<\/li>\n<li>Suivre et analyser le comportement d&rsquo;achat des clients, y compris les produits qu&rsquo;ils ach\u00e8tent, lorsqu&rsquo;ils ach\u00e8tent et combien ils d\u00e9pensent<\/li>\n<li>Utilisez ces donn\u00e9es pour cr\u00e9er des campagnes de marketing plus efficaces, am\u00e9liorer les strat\u00e9gies de r\u00e9tention de la client\u00e8le et g\u00e9n\u00e9rer plus de ventes dans votre magasin.<\/li>\n<\/ul>\n","protected":false},"excerpt":{"rendered":"<p>L&rsquo;int\u00e9gration WooCommerce segment.io est un outil incroyablement robuste et influent qui \u00e9tablit sans effort une connexion transparente entre votre boutique en ligne WooCommerce et la plate-forme Segment.io tr\u00e8s puissante. Au moyen de cette int\u00e9gration, vous \u00eates autoris\u00e9 \u00e0 capturer, analyser et exploiter les donn\u00e9es clients pr\u00e9cieuses de votre magasin, offrant ainsi des informations profondes sur les subtilit\u00e9s complexes du comportement et des pr\u00e9f\u00e9rences des clients. \u00c0 l&rsquo;aide de l&rsquo;int\u00e9gration WooCommerce segment.io, vous poss\u00e9dez la capacit\u00e9 d&rsquo;optimiser vos strat\u00e9gies de marketing et de vente, d&rsquo;am\u00e9liorer consid\u00e9rablement l&rsquo;engagement des clients et l&rsquo;exp\u00e9rience globale, et propulser sans effort la croissance de vos revenus. Cette solution convient \u00e0 la fois aux marchands en ligne chevronn\u00e9s qui ont acquis une riche exp\u00e9rience, ainsi que ceux qui se lancent simplement dans leur voyage, car il vous fournit les id\u00e9es et analyses indispensables qui sont essentielles pour atteindre la prosp\u00e9rit\u00e9 dans le E farouchement comp\u00e9titif d&rsquo;aujourd&rsquo;hui -Resimmerce royaume.<\/p>\n","protected":false},"featured_media":146017,"comment_status":"open","ping_status":"open","template":"","meta":[],"product_brand":[2440],"product_cat":[1200,1182,1181],"product_tag":[1398],"class_list":{"0":"post-119563","1":"product","2":"type-product","3":"status-publish","4":"has-post-thumbnail","6":"product_brand-woocommerce","7":"product_cat-commercialisation","8":"product_cat-commerce-electronique-plugins","9":"product_cat-plugins","10":"product_tag-woocommerce","11":"member-discount","12":"discount-restricted","14":"first","15":"instock","16":"sale","17":"downloadable","18":"virtual","19":"sold-individually","20":"purchasable","21":"product-type-simple"},"_links":{"self":[{"href":"https:\/\/gpl-love.com\/fr\/wp-json\/wp\/v2\/product\/119563","targetHints":{"allow":["GET"]}}],"collection":[{"href":"https:\/\/gpl-love.com\/fr\/wp-json\/wp\/v2\/product"}],"about":[{"href":"https:\/\/gpl-love.com\/fr\/wp-json\/wp\/v2\/types\/product"}],"replies":[{"embeddable":true,"href":"https:\/\/gpl-love.com\/fr\/wp-json\/wp\/v2\/comments?post=119563"}],"wp:featuredmedia":[{"embeddable":true,"href":"https:\/\/gpl-love.com\/fr\/wp-json\/wp\/v2\/media\/146017"}],"wp:attachment":[{"href":"https:\/\/gpl-love.com\/fr\/wp-json\/wp\/v2\/media?parent=119563"}],"wp:term":[{"taxonomy":"product_brand","embeddable":true,"href":"https:\/\/gpl-love.com\/fr\/wp-json\/wp\/v2\/product_brand?post=119563"},{"taxonomy":"product_cat","embeddable":true,"href":"https:\/\/gpl-love.com\/fr\/wp-json\/wp\/v2\/product_cat?post=119563"},{"taxonomy":"product_tag","embeddable":true,"href":"https:\/\/gpl-love.com\/fr\/wp-json\/wp\/v2\/product_tag?post=119563"}],"curies":[{"name":"wp","href":"https:\/\/api.w.org\/{rel}","templated":true}]}}