{"id":119561,"date":"2026-03-13T00:00:00","date_gmt":"2026-03-12T23:00:00","guid":{"rendered":"https:\/\/gpl-love.com\/fr\/produit\/yaymail-woocommerce-email-customizer\/"},"modified":"2026-03-20T23:52:33","modified_gmt":"2026-03-20T22:52:33","slug":"yaymail-woocommerce-email-customizer","status":"publish","type":"product","link":"https:\/\/gpl-love.com\/fr\/produit\/yaymail-woocommerce-email-customizer\/","title":{"rendered":"YayMail Pro WooCommerce Email Customizer 4.3.4"},"content":{"rendered":"<h3>YayMail Pro WooCommerce Email Customizer Traits<\/h3>\n<p>Yaymail WooCommerce Email Customizer est un outil tr\u00e8s louable qui vous accorde la possibilit\u00e9 de concevoir de mani\u00e8re complexe des e-mails esth\u00e9tiquement agr\u00e9ables et extr\u00eamement professionnels pour votre boutique WooCommerce. Ce plugin remarquable vous accorde la merveilleuse opportunit\u00e9 de personnaliser et d&rsquo;adapter les mod\u00e8les de messagerie qui sont diffus\u00e9s \u00e0 vos clients estim\u00e9s, englobant une gamme de notifications telles que les confirmations de commande, les confirmations d&rsquo;exp\u00e9dition et bien plus encore. L&rsquo;interface utilisateur, que cet outil offre, est indubitablement conviviale et navigue dans l&rsquo;opulent assortiment d&rsquo;options de personnalisation est une brise absolue. La port\u00e9e de la personnalisation est illimit\u00e9e, car vous pouvez modifier sans effort les polices, les couleurs, les images et m\u00eame incorporer votre propre logo, conf\u00e9rant ainsi \u00e0 vos e-mails un caract\u00e8re unique in\u00e9gal\u00e9 qui est align\u00e9 avec votre marque. De plus, il convient de noter que Yaymail WooCommerce Customizer est incroyablement r\u00e9actif, garantissant que vos e-mails m\u00e9ticuleusement con\u00e7us semblent resplendissants et immacul\u00e9s sur n&rsquo;importe quel appareil. Ind\u00e9niablement, investir dans ce plugin est une d\u00e9cision extr\u00eamement sage pour quiconque aspire \u00e0 am\u00e9liorer l&rsquo;exp\u00e9rience client et \u00e0 favoriser l&rsquo;engagement accru avec son magasin WooCommerce.<\/p>\n<ul>\n<li>Yaymail est un personnalisateur de courrier \u00e9lectronique WooCommerce<\/li>\n<li>Il vous permet de personnaliser enti\u00e8rement les e-mails envoy\u00e9s aux clients apr\u00e8s chaque achat.<\/li>\n<li>Choisissez parmi plusieurs mod\u00e8les pr\u00e9-con\u00e7us ou cr\u00e9ez le v\u00f4tre \u00e0 partir de z\u00e9ro.<\/li>\n<li>Personnalisez tout, de l&rsquo;en-t\u00eate et du pied de page au texte et aux images du corps.<\/li>\n<li>Ajoutez un contenu dynamique tel que les d\u00e9tails de la commande et les informations clients.<\/li>\n<li>Aper\u00e7u de vos e-mails personnalis\u00e9s avant de les envoyer.<\/li>\n<li>Impressionnez vos clients avec des e-mails personnalis\u00e9s et professionnels.<\/li>\n<li>Cr\u00e9ez la fid\u00e9lit\u00e9 \u00e0 la marque et augmentez l&rsquo;engagement des clients.<\/li>\n<li>Facile \u00e0 utiliser et \u00e0 installer avec un minimum de connaissances de codage requises.<\/li>\n<li>Compatible avec tous les th\u00e8mes WordPress et les versions WooCommerce.<\/li>\n<\/ul>\n","protected":false},"excerpt":{"rendered":"<p>Yaymail, un personnalisateur de messagerie WooCommerce remarquable, est un outil exceptionnel qui facilite la cr\u00e9ation de mod\u00e8les de messagerie d\u00e9lib\u00e9r\u00e9ment con\u00e7us et captivants pour votre boutique en ligne estim\u00e9e. Gr\u00e2ce \u00e0 l&rsquo;utilisation de Yaymail, vous avez la possibilit\u00e9 d&rsquo;adapter sans effort votre confirmation de commande, votre confirmation d&rsquo;exp\u00e9dition et divers autres e-mails transactionnels en fonction de votre marque, augmentant finalement l&rsquo;engagement des clients. L&rsquo;incorporation de Yaymail introduit une interface de glisser-d\u00e9poser conviviale, aux c\u00f4t\u00e9s d&rsquo;une pl\u00e9thore de mod\u00e8les \u00e9tonnants, \u00e9levant le processus de personnalisation. De plus, cet outil exceptionnel poss\u00e8de des capacit\u00e9s avanc\u00e9es telles que le contenu conditionnel, les variables dynamiques et l&rsquo;analyse des e-mails, \u00e9tablissant ainsi un niveau de sophistication in\u00e9gal\u00e9. En exploitant la puissance de Yaymail, vous pouvez affiner sans effort votre strat\u00e9gie de marketing par e-mail, en favorisant par cons\u00e9quent un sentiment accru de fid\u00e9lit\u00e9 des clients et augmenter consid\u00e9rablement la valeur de la vie.<\/p>\n","protected":false},"featured_media":146334,"comment_status":"open","ping_status":"open","template":"","meta":[],"product_brand":[2747],"product_cat":[1182,1223,1181],"product_tag":[2331],"class_list":{"0":"post-119561","1":"product","2":"type-product","3":"status-publish","4":"has-post-thumbnail","6":"product_brand-yaycommerce","7":"product_cat-commerce-electronique-plugins","8":"product_cat-personnalisation-commerce-electronique-plugins","9":"product_cat-plugins","10":"product_tag-yaycommerce","11":"member-discount","12":"discount-restricted","14":"first","15":"instock","16":"sale","17":"downloadable","18":"virtual","19":"sold-individually","20":"purchasable","21":"product-type-simple"},"_links":{"self":[{"href":"https:\/\/gpl-love.com\/fr\/wp-json\/wp\/v2\/product\/119561","targetHints":{"allow":["GET"]}}],"collection":[{"href":"https:\/\/gpl-love.com\/fr\/wp-json\/wp\/v2\/product"}],"about":[{"href":"https:\/\/gpl-love.com\/fr\/wp-json\/wp\/v2\/types\/product"}],"replies":[{"embeddable":true,"href":"https:\/\/gpl-love.com\/fr\/wp-json\/wp\/v2\/comments?post=119561"}],"wp:featuredmedia":[{"embeddable":true,"href":"https:\/\/gpl-love.com\/fr\/wp-json\/wp\/v2\/media\/146334"}],"wp:attachment":[{"href":"https:\/\/gpl-love.com\/fr\/wp-json\/wp\/v2\/media?parent=119561"}],"wp:term":[{"taxonomy":"product_brand","embeddable":true,"href":"https:\/\/gpl-love.com\/fr\/wp-json\/wp\/v2\/product_brand?post=119561"},{"taxonomy":"product_cat","embeddable":true,"href":"https:\/\/gpl-love.com\/fr\/wp-json\/wp\/v2\/product_cat?post=119561"},{"taxonomy":"product_tag","embeddable":true,"href":"https:\/\/gpl-love.com\/fr\/wp-json\/wp\/v2\/product_tag?post=119561"}],"curies":[{"name":"wp","href":"https:\/\/api.w.org\/{rel}","templated":true}]}}