{"id":119559,"date":"2022-01-30T00:00:00","date_gmt":"2022-01-29T23:00:00","guid":{"rendered":"https:\/\/gpl-love.com\/fr\/produit\/mythemeshop-designer-wordpress-theme\/"},"modified":"2026-04-10T18:32:50","modified_gmt":"2026-04-10T16:32:50","slug":"mythemeshop-designer-wordpress-theme","status":"publish","type":"product","link":"https:\/\/gpl-love.com\/fr\/produit\/mythemeshop-designer-wordpress-theme\/","title":{"rendered":"MyThemeShop Designer WordPress Theme 1.0.14"},"content":{"rendered":"<h3>MyThemeShop Designer WordPress Theme Traits<\/h3>\n<p>Le th\u00e8me WordPress de MyTheMeshop Designer, avec sa myriade d&rsquo;options de conception personnalisables et d&rsquo;interface utilisateur \u00e9l\u00e9gante, se pr\u00e9sente comme un th\u00e8me exceptionnellement puissant et polyvalent qui s&rsquo;adresse \u00e0 tout type de site Web. B\u00e9n\u00e9ficiant d&rsquo;une apparence distinctive et professionnelle, ce th\u00e8me \u00e9tend une esth\u00e9tique unique et raffin\u00e9e \u00e0 votre domaine en ligne. \u00c9quip\u00e9e d&rsquo;une gamme de fonctionnalit\u00e9s, telles que la r\u00e9activit\u00e9, les widgets personnalis\u00e9s et les shortcodes, ce th\u00e8me facilite la cr\u00e9ation transparente et sans effort de pages et de publications visuellement frappants. De plus, son inclusion d&rsquo;un panel d&rsquo;options robustes vous permet de personnaliser chaque facette de votre site Web, englobant des sch\u00e9mas de couleurs, la typographie, les dispositions, etc. Que vous vous identifiiez en tant que blogueur, propri\u00e9taire d&rsquo;entreprise ou pigiste, le th\u00e8me WordPress de MyTheMeshop Designer est un choix id\u00e9al pour quiconque visant \u00e0 forger une pr\u00e9sence en ligne captivante et polie.<\/p>\n<ul>\n<li>Design personnalisable et esth\u00e9tique sp\u00e9cialement pour les sites Web WordPress<\/li>\n<li>La conception \u00e0 100% r\u00e9active garantit la compatibilit\u00e9 avec tous les appareils et tailles d&rsquo;\u00e9cran<\/li>\n<li>Comprend une vari\u00e9t\u00e9 de mod\u00e8les pr\u00e9fabriqu\u00e9s pour divers types de contenu, y compris des articles de blog, des portefeuilles et des pages de destination<\/li>\n<li>Int\u00e9gration int\u00e9gr\u00e9e des m\u00e9dias sociaux pour accro\u00eetre l&rsquo;engagement et la part de la partage du contenu<\/li>\n<li>SEO optimis\u00e9 pour am\u00e9liorer le classement des moteurs de recherche et augmenter le trafic organique<\/li>\n<li>Interface de glissement et de d\u00e9pression facile \u00e0 utiliser pour une personnalisation simple sans aucune connaissance de codage n\u00e9cessaire<\/li>\n<li>Comprend une vari\u00e9t\u00e9 de widgets, d&rsquo;options et de shortcodes pour des fonctionnalit\u00e9s et une personnalisation suppl\u00e9mentaires<\/li>\n<li>Mises \u00e0 jour r\u00e9guli\u00e8res et soutien de l&rsquo;\u00e9quipe MyTheMeshop pour assurer des performances et une compatibilit\u00e9 optimales.<\/li>\n<\/ul>\n","protected":false},"excerpt":{"rendered":"<p>Le th\u00e8me WordPress de MyTheMeshop Designer est une plate-forme exceptionnelle qui vous permet de montrer votre cr\u00e9ativit\u00e9 et de construire un site Web \u00e0 la fois professionnel et visuellement captivant. Ce th\u00e8me est enrichi d&rsquo;une pl\u00e9thore de fonctionnalit\u00e9s de conception moderne, vous pr\u00e9sentant de nombreuses options de mise en page, des widgets personnalisables et des outils de typographie avanc\u00e9s qui vous accordent une autonomie compl\u00e8te sur l&rsquo;esth\u00e9tique visuelle de votre site Web. De plus, en raison de sa conception r\u00e9active, votre site Web d\u00e9gagera de la magnificence sur n&rsquo;importe quel appareil, quelle que soit sa taille ou sa r\u00e9solution d&rsquo;\u00e9cran. De plus, le codage propre utilis\u00e9 dans ce th\u00e8me assure des temps de chargement rapides, am\u00e9liorant ainsi l&rsquo;exp\u00e9rience utilisateur de vos pr\u00e9cieux visiteurs. Que vous vous identifiiez en tant que blogueur, pigiste ou propri\u00e9taire d&rsquo;entreprise, le th\u00e8me WordPress de MyTheShop Designer est un outil inestimable qui augmentera sans aucun doute votre pr\u00e9sence en ligne et engendrera un impact ind\u00e9l\u00e9bile sur votre public.<\/p>\n","protected":false},"featured_media":144658,"comment_status":"open","ping_status":"open","template":"","meta":[],"product_brand":[2601],"product_cat":[1242,1212,1213],"product_tag":[1309],"class_list":{"0":"post-119559","1":"product","2":"type-product","3":"status-publish","4":"has-post-thumbnail","6":"product_brand-my-theme-shop","7":"product_cat-creatif","8":"product_cat-themes","9":"product_cat-wordpress-themes","10":"product_tag-my-theme-shop","11":"member-discount","12":"discount-restricted","14":"first","15":"instock","16":"sale","17":"downloadable","18":"virtual","19":"sold-individually","20":"purchasable","21":"product-type-simple"},"_links":{"self":[{"href":"https:\/\/gpl-love.com\/fr\/wp-json\/wp\/v2\/product\/119559","targetHints":{"allow":["GET"]}}],"collection":[{"href":"https:\/\/gpl-love.com\/fr\/wp-json\/wp\/v2\/product"}],"about":[{"href":"https:\/\/gpl-love.com\/fr\/wp-json\/wp\/v2\/types\/product"}],"replies":[{"embeddable":true,"href":"https:\/\/gpl-love.com\/fr\/wp-json\/wp\/v2\/comments?post=119559"}],"wp:featuredmedia":[{"embeddable":true,"href":"https:\/\/gpl-love.com\/fr\/wp-json\/wp\/v2\/media\/144658"}],"wp:attachment":[{"href":"https:\/\/gpl-love.com\/fr\/wp-json\/wp\/v2\/media?parent=119559"}],"wp:term":[{"taxonomy":"product_brand","embeddable":true,"href":"https:\/\/gpl-love.com\/fr\/wp-json\/wp\/v2\/product_brand?post=119559"},{"taxonomy":"product_cat","embeddable":true,"href":"https:\/\/gpl-love.com\/fr\/wp-json\/wp\/v2\/product_cat?post=119559"},{"taxonomy":"product_tag","embeddable":true,"href":"https:\/\/gpl-love.com\/fr\/wp-json\/wp\/v2\/product_tag?post=119559"}],"curies":[{"name":"wp","href":"https:\/\/api.w.org\/{rel}","templated":true}]}}