{"id":119557,"date":"2021-11-17T00:00:00","date_gmt":"2021-11-16T23:00:00","guid":{"rendered":"https:\/\/gpl-love.com\/fr\/produit\/theme-palace-legit-news-pro\/"},"modified":"2026-03-20T23:39:34","modified_gmt":"2026-03-20T22:39:34","slug":"theme-palace-legit-news-pro","status":"publish","type":"product","link":"https:\/\/gpl-love.com\/fr\/produit\/theme-palace-legit-news-pro\/","title":{"rendered":"Theme Palace Legit News Pro 1.0.3"},"content":{"rendered":"<h3>Theme Palace Legit News Pro Traits<\/h3>\n<p>Le th\u00e8me Palace Legnit News Pro est un th\u00e8me de WordPress extr\u00eamement puissant et polyvalent qui a \u00e9t\u00e9 complexe pour r\u00e9pondre aux exigences sp\u00e9cifiques des portails d&rsquo;information en ligne, des magazines et des blogs. B\u00e9n\u00e9ficiant d&rsquo;un design \u00e9l\u00e9gant et contemporain, ce th\u00e8me donne un sentiment de professionnalisme et de raffinement \u00e0 votre site Web. Ce qui distingue ce th\u00e8me, c&rsquo;est sa r\u00e9activit\u00e9 compl\u00e8te, le rendre parfaitement compatible avec n&rsquo;importe quel appareil, et sa vaste gamme d&rsquo;options de personnalisation, qui comprennent un assortiment de sch\u00e9mas de couleurs, l&rsquo;acc\u00e8s aux polices Google et la fourniture de widgets personnalis\u00e9s. De plus, ce th\u00e8me a \u00e9t\u00e9 m\u00e9ticuleusement optimis\u00e9 pour le r\u00e9f\u00e9rencement, augmentant ainsi la probabilit\u00e9 que votre site Web obtienne un classement plus \u00e9lev\u00e9 sur les moteurs de recherche. \u00c9quip\u00e9e d&rsquo;une pl\u00e9thore de fonctionnalit\u00e9s avanc\u00e9es, telles que des types de publiques personnalis\u00e9es et des formats de poste, le Legit News Pro appara\u00eet comme le choix parfait pour les \u00e9diteurs \u00e0 la recherche d&rsquo;un th\u00e8me riche en fonctionnalit\u00e9s et convivial. Tout bien consid\u00e9r\u00e9, le th\u00e8me Palace Legnit News Pro appara\u00eet ind\u00e9niablement comme le th\u00e8me par excellence pour les personnes d\u00e9sireuses de fa\u00e7onner un site Web d&rsquo;actualit\u00e9s exceptionnellement professionnel et fascinant.<\/p>\n<ul>\n<li>Th\u00e8me de conception personnalisable et r\u00e9actif pour les sites Web d&rsquo;actualit\u00e9s<\/li>\n<li>Livr\u00e9 avec du contenu de d\u00e9monstration pr\u00e9d\u00e9fini pour commencer rapidement<\/li>\n<li>Divers widgets et fonctionnalit\u00e9s tels que les publications populaires, les nouvelles de l&rsquo;int\u00e9gration des m\u00e9dias sociaux et l&rsquo;int\u00e9gration des m\u00e9dias sociaux<\/li>\n<li>Options pour plusieurs dispositions d&rsquo;en-t\u00eate et de pied de page<\/li>\n<li>Optimisation de SEO int\u00e9gr\u00e9e pour un meilleur classement des moteurs de recherche<\/li>\n<li>Compatible avec les plugins WordPress populaires tels que WooCommerce et Yoast SEO<\/li>\n<li>Mises \u00e0 jour r\u00e9guli\u00e8res et support client de l&rsquo;\u00e9quipe du palais \u00e0 th\u00e8me<\/li>\n<li>Conforme au RGPD et traduction pr\u00eate pour la port\u00e9e mondiale d&rsquo;audience.<\/li>\n<\/ul>\n","protected":false},"excerpt":{"rendered":"<p>Theme Palace Legnit News Pro est un th\u00e8me de nouvelles et de magazine exceptionnellement raffin\u00e9, r\u00e9volutionnaire et louable qui a \u00e9t\u00e9 m\u00e9ticuleusement con\u00e7u pour offrir une esth\u00e9tique contemporaine et polie \u00e0 votre site Web estim\u00e9. En plus de sa conception intrins\u00e8quement adaptable et r\u00e9active, ce th\u00e8me in\u00e9gal\u00e9 offre une gamme d&rsquo;options de personnalisation avanc\u00e9es, vous accordant ainsi l&rsquo;occasion in\u00e9gal\u00e9e de forger une identit\u00e9 en ligne faite sur mesure et captivante pour votre plateforme de nouvelles et de magazines estim\u00e9es. B\u00e9n\u00e9ficiant d&rsquo;une multitude impressionnante de fonctionnalit\u00e9s de pointe, y compris, mais sans s&rsquo;y limiter, \u00e0 un bloc de cat\u00e9gorie con\u00e7u de mani\u00e8re transparente, \u00e0 des articles en vedette en bonne place et \u00e0 l&rsquo;int\u00e9gration des m\u00e9dias sociaux sans couture, \u00e0 Theme Palace Legit News Pro \u00e9mettait sans \u00e9quivoque comme le choix par excellence pour toute publication en ligne discernante qui a une publication en veille \u00e0 la faire une impression ind\u00e9l\u00e9bile.<\/p>\n","protected":false},"featured_media":145487,"comment_status":"open","ping_status":"open","template":"","meta":[],"product_brand":[2673],"product_cat":[1242,1212,1213],"product_tag":[2268],"class_list":{"0":"post-119557","1":"product","2":"type-product","3":"status-publish","4":"has-post-thumbnail","6":"product_brand-theme-palace","7":"product_cat-creatif","8":"product_cat-themes","9":"product_cat-wordpress-themes","10":"product_tag-theme-palace","11":"member-discount","12":"discount-restricted","14":"first","15":"instock","16":"sale","17":"downloadable","18":"virtual","19":"sold-individually","20":"purchasable","21":"product-type-simple"},"_links":{"self":[{"href":"https:\/\/gpl-love.com\/fr\/wp-json\/wp\/v2\/product\/119557","targetHints":{"allow":["GET"]}}],"collection":[{"href":"https:\/\/gpl-love.com\/fr\/wp-json\/wp\/v2\/product"}],"about":[{"href":"https:\/\/gpl-love.com\/fr\/wp-json\/wp\/v2\/types\/product"}],"replies":[{"embeddable":true,"href":"https:\/\/gpl-love.com\/fr\/wp-json\/wp\/v2\/comments?post=119557"}],"wp:featuredmedia":[{"embeddable":true,"href":"https:\/\/gpl-love.com\/fr\/wp-json\/wp\/v2\/media\/145487"}],"wp:attachment":[{"href":"https:\/\/gpl-love.com\/fr\/wp-json\/wp\/v2\/media?parent=119557"}],"wp:term":[{"taxonomy":"product_brand","embeddable":true,"href":"https:\/\/gpl-love.com\/fr\/wp-json\/wp\/v2\/product_brand?post=119557"},{"taxonomy":"product_cat","embeddable":true,"href":"https:\/\/gpl-love.com\/fr\/wp-json\/wp\/v2\/product_cat?post=119557"},{"taxonomy":"product_tag","embeddable":true,"href":"https:\/\/gpl-love.com\/fr\/wp-json\/wp\/v2\/product_tag?post=119557"}],"curies":[{"name":"wp","href":"https:\/\/api.w.org\/{rel}","templated":true}]}}