{"id":119555,"date":"2021-11-17T00:00:00","date_gmt":"2021-11-16T23:00:00","guid":{"rendered":"https:\/\/gpl-love.com\/fr\/produit\/ithemes-tailored-login\/"},"modified":"2026-03-20T23:20:36","modified_gmt":"2026-03-20T22:20:36","slug":"ithemes-tailored-login","status":"publish","type":"product","link":"https:\/\/gpl-love.com\/fr\/produit\/ithemes-tailored-login\/","title":{"rendered":"Tailored Login 1.0.43"},"content":{"rendered":"<h3>Tailored Login Traits<\/h3>\n<p>ITHEMES TAUNORED LOGIN, un plugin WordPress de haute qualit\u00e9, pr\u00e9sente aux utilisateurs la possibilit\u00e9 de profiter d&rsquo;une exp\u00e9rience de connexion adapt\u00e9e \u00e0 leurs pr\u00e9f\u00e9rences. Dot\u00e9 d&rsquo;une interface de glisser-d\u00e9poser, ce plugin permet aux utilisateurs de concevoir sans effort des pages de connexion qui s&rsquo;alignent parfaitement sur la marque de leur site Web. En outre, il leur permet d&rsquo;incorporer des champs personnalis\u00e9s dans le but de collecter des informations utilisateur suppl\u00e9mentaires pendant le processus d&rsquo;enregistrement. En plus de ces options de personnalisation, le plugin poss\u00e8de \u00e9galement des mesures de s\u00e9curit\u00e9 de pointe, notamment l&rsquo;authentification \u00e0 deux facteurs, la protection contre la force brute et les verrouillage des utilisateurs. Cet ensemble complet de fonctionnalit\u00e9s fait de la connexion sur mesure ITHEMES La solution id\u00e9ale pour les entreprises qui cherchent \u00e0 \u00e9lever le processus de connexion de leur site Web, tout en garantissant la plus grande s\u00e9curit\u00e9 et la confidentialit\u00e9 des donn\u00e9es pr\u00e9cieuses de leurs utilisateurs.<\/p>\n<ul>\n<li>Pages de connexion personnalisables pour les sites Web WordPress<\/li>\n<li>\u00c9diteur de glisser-d\u00e9poser facile \u00e0 utiliser<\/li>\n<li>Capacit\u00e9 \u00e0 changer les couleurs, les arri\u00e8re-plans, les polices et plus<\/li>\n<li>Option pour ajouter des images ou des logos personnalis\u00e9s<\/li>\n<li>Conception sensible au mobile pour la connexion transparente sur n&rsquo;importe quel appareil<\/li>\n<li>Int\u00e9gration avec Ithemes Security Pro pour la protection ajout\u00e9e du site<\/li>\n<li>Processus de connexion simplifi\u00e9 pour les utilisateurs avec des pages de marque<\/li>\n<li>Option pour rediriger les utilisateurs vers une page d\u00e9sign\u00e9e apr\u00e8s la connexion<\/li>\n<li>Support 24\/7 et mises \u00e0 jour r\u00e9guli\u00e8res de l&rsquo;\u00e9quipe ITHEMES.<\/li>\n<\/ul>\n","protected":false},"excerpt":{"rendered":"<p>Le plugin de connexion sur mesure ITHEMES pour WordPress est un outil extr\u00eamement puissant qui offre une myriade de fonctionnalit\u00e9s pour vous permettre d&rsquo;adapter l&rsquo;exp\u00e9rience de connexion \u00e0 vos utilisateurs estim\u00e9s. Ce plugin remarquable vous permet de fabriquer sans effort une page de connexion qui s&rsquo;aligne impeccablement sur la marque de votre site Web, vous permettant d&rsquo;int\u00e9grer de mani\u00e8re transparente des logos personnalis\u00e9s ou des images captivantes, et m\u00eame de vous offrir la flexibilit\u00e9 de modifier les couleurs et les polices adapt\u00e9es \u00e0 votre go\u00fbt d\u00e9cern\u00e9. Que votre objectif soit de fa\u00e7onner une page de connexion sophistiqu\u00e9e et polie, de renforcer les mesures de s\u00e9curit\u00e9 en incorporant l&rsquo;authentification RecaptCha ou deux facteurs, ou simplement am\u00e9liorer l&rsquo;exp\u00e9rience utilisateur globale, le plugin de connexion sur mesure Ithemes appara\u00eet comme la solution quintessentielle. Embrassez le plein potentiel de votre site Web en vous servant de ce plugin extraordinaire.<\/p>\n","protected":false},"featured_media":144250,"comment_status":"open","ping_status":"open","template":"","meta":[],"product_brand":[2466],"product_cat":[1189,1181,1186],"product_tag":[2368],"class_list":{"0":"post-119555","1":"product","2":"type-product","3":"status-publish","4":"has-post-thumbnail","6":"product_brand-solidwp","7":"product_cat-personnalisation","8":"product_cat-plugins","9":"product_cat-wordpress-plugins","10":"product_tag-solidwp","11":"member-discount","12":"discount-restricted","14":"first","15":"instock","16":"sale","17":"downloadable","18":"virtual","19":"sold-individually","20":"purchasable","21":"product-type-simple"},"_links":{"self":[{"href":"https:\/\/gpl-love.com\/fr\/wp-json\/wp\/v2\/product\/119555","targetHints":{"allow":["GET"]}}],"collection":[{"href":"https:\/\/gpl-love.com\/fr\/wp-json\/wp\/v2\/product"}],"about":[{"href":"https:\/\/gpl-love.com\/fr\/wp-json\/wp\/v2\/types\/product"}],"replies":[{"embeddable":true,"href":"https:\/\/gpl-love.com\/fr\/wp-json\/wp\/v2\/comments?post=119555"}],"wp:featuredmedia":[{"embeddable":true,"href":"https:\/\/gpl-love.com\/fr\/wp-json\/wp\/v2\/media\/144250"}],"wp:attachment":[{"href":"https:\/\/gpl-love.com\/fr\/wp-json\/wp\/v2\/media?parent=119555"}],"wp:term":[{"taxonomy":"product_brand","embeddable":true,"href":"https:\/\/gpl-love.com\/fr\/wp-json\/wp\/v2\/product_brand?post=119555"},{"taxonomy":"product_cat","embeddable":true,"href":"https:\/\/gpl-love.com\/fr\/wp-json\/wp\/v2\/product_cat?post=119555"},{"taxonomy":"product_tag","embeddable":true,"href":"https:\/\/gpl-love.com\/fr\/wp-json\/wp\/v2\/product_tag?post=119555"}],"curies":[{"name":"wp","href":"https:\/\/api.w.org\/{rel}","templated":true}]}}