{"id":119553,"date":"2022-04-09T00:00:00","date_gmt":"2022-04-08T22:00:00","guid":{"rendered":"https:\/\/gpl-love.com\/fr\/produit\/trendustry-industrial-et-manufacturing-wordpress-theme\/"},"modified":"2026-04-10T18:43:54","modified_gmt":"2026-04-10T16:43:54","slug":"trendustry-industrial-et-manufacturing-wordpress-theme","status":"publish","type":"product","link":"https:\/\/gpl-love.com\/fr\/produit\/trendustry-industrial-et-manufacturing-wordpress-theme\/","title":{"rendered":"Trendustry Industrial et Manufacturing WordPress Theme 1.0.8"},"content":{"rendered":"<h3>Trendustry Industrial et Manufacturing WordPress Theme Traits<\/h3>\n<p>La tendance, un th\u00e8me WordPress tr\u00e8s puissant sp\u00e9cifiquement con\u00e7u pour les sites Web industriels et de fabrication, poss\u00e8de un design \u00e9l\u00e9gant et contemporain qui captive sans effort les utilisateurs. Ce th\u00e8me ph\u00e9nom\u00e9nal offre une gamme de fonctionnalit\u00e9s et de dispositions personnalisables, ce qui permet aux entreprises de montrer sans effort leurs produits et services de mani\u00e8re la plus percutante. De plus, l&rsquo;interface conviviale de la tendance et la conception adaptable assurent une exp\u00e9rience de navigation transparente et agr\u00e9able sur tous les appareils, r\u00e9pondant aux diverses pr\u00e9f\u00e9rences des visiteurs. Au-del\u00e0 de son attrait esth\u00e9tique, la tendance pr\u00e9sente une abondance de fonctionnalit\u00e9s avanc\u00e9es, y compris la capacit\u00e9 de personnaliser les curseurs, d&rsquo;int\u00e9grer de mani\u00e8re transparente les plateformes de m\u00e9dias sociaux et de faciliter une communication facile gr\u00e2ce \u00e0 un formulaire de contact complet. En r\u00e9sum\u00e9, la tendance appara\u00eet comme une solution in\u00e9gal\u00e9e pour les entreprises cherchant \u00e0 fortifier leur pr\u00e9sence en ligne et \u00e0 pr\u00e9senter efficacement leurs prouesses industrielles ou manufacturi\u00e8res.<\/p>\n<ul>\n<li>Parfait pour les entreprises industrielles et manufacturi\u00e8res<\/li>\n<li>Enti\u00e8rement personnalisable et facile \u00e0 utiliser<\/li>\n<li>Conception r\u00e9active pour le mobile et le bureau<\/li>\n<li>Comprend une vari\u00e9t\u00e9 de pages et de dispositions pr\u00e9-con\u00e7ues<\/li>\n<li>Formulaires de contact int\u00e9gr\u00e9s et int\u00e9gration Google Maps<\/li>\n<li>Compatible avec des plugins populaires comme WooCommerce et Google Analytics<\/li>\n<li>Comprend des options pour pr\u00e9senter des produits, des services et des membres de l&rsquo;\u00e9quipe<\/li>\n<li>SEO optimis\u00e9 pour un meilleur classement des moteurs de recherche<\/li>\n<li>Support client 24\/7 et documentation d\u00e9taill\u00e9e.<\/li>\n<\/ul>\n","protected":false},"excerpt":{"rendered":"<p>Le th\u00e8me WordPress industriel et fabriqu\u00e9 \u00e0 la mode se pr\u00e9sente comme une solution id\u00e9ale adapt\u00e9e aux entreprises op\u00e9rant dans les domaines des industries industrielles et manufacturi\u00e8res. Sa conception moderne et r\u00e9active sert de plate-forme id\u00e9ale pour pr\u00e9senter vos produits et services de mani\u00e8re visuellement attrayante. De plus, les options de personnalisation faciles du th\u00e8me et le panel d&rsquo;administration robuste vous permettent de cr\u00e9er rapidement et sans effort sans effort un site Web professionnel qui vous distingue de vos concurrents. De plus, ce th\u00e8me comprend un \u00e9ventail de fonctionnalit\u00e9s pratiques telles que l&rsquo;int\u00e9gration WooCommerce, l&rsquo;optimisation du r\u00e9f\u00e9rencement et bien plus encore, toutes propulsent votre pr\u00e9sence en ligne \u00e0 de nouveaux sommets. Par cons\u00e9quent, si vous recherchez un th\u00e8me fiable et convivial qui renforce votre croissance de votre entreprise, le th\u00e8me WordPress industriel et fabriquant des tendances m\u00e9rite incontestablement votre consid\u00e9ration.<\/p>\n","protected":false},"featured_media":145615,"comment_status":"open","ping_status":"open","template":"","meta":[],"product_brand":[2433],"product_cat":[1516,1212,1213],"product_tag":[1366],"class_list":{"0":"post-119553","1":"product","2":"type-product","3":"status-publish","4":"has-post-thumbnail","6":"product_brand-themeforest","7":"product_cat-entreprise","8":"product_cat-themes","9":"product_cat-wordpress-themes","10":"product_tag-themeforest","11":"member-discount","12":"discount-restricted","14":"first","15":"instock","16":"sale","17":"downloadable","18":"virtual","19":"sold-individually","20":"purchasable","21":"product-type-simple"},"_links":{"self":[{"href":"https:\/\/gpl-love.com\/fr\/wp-json\/wp\/v2\/product\/119553","targetHints":{"allow":["GET"]}}],"collection":[{"href":"https:\/\/gpl-love.com\/fr\/wp-json\/wp\/v2\/product"}],"about":[{"href":"https:\/\/gpl-love.com\/fr\/wp-json\/wp\/v2\/types\/product"}],"replies":[{"embeddable":true,"href":"https:\/\/gpl-love.com\/fr\/wp-json\/wp\/v2\/comments?post=119553"}],"wp:featuredmedia":[{"embeddable":true,"href":"https:\/\/gpl-love.com\/fr\/wp-json\/wp\/v2\/media\/145615"}],"wp:attachment":[{"href":"https:\/\/gpl-love.com\/fr\/wp-json\/wp\/v2\/media?parent=119553"}],"wp:term":[{"taxonomy":"product_brand","embeddable":true,"href":"https:\/\/gpl-love.com\/fr\/wp-json\/wp\/v2\/product_brand?post=119553"},{"taxonomy":"product_cat","embeddable":true,"href":"https:\/\/gpl-love.com\/fr\/wp-json\/wp\/v2\/product_cat?post=119553"},{"taxonomy":"product_tag","embeddable":true,"href":"https:\/\/gpl-love.com\/fr\/wp-json\/wp\/v2\/product_tag?post=119553"}],"curies":[{"name":"wp","href":"https:\/\/api.w.org\/{rel}","templated":true}]}}