{"id":119551,"date":"2022-03-08T00:00:00","date_gmt":"2022-03-07T23:00:00","guid":{"rendered":"https:\/\/gpl-love.com\/fr\/produit\/price-commander-pour-woocommerce\/"},"modified":"2026-04-10T18:37:01","modified_gmt":"2026-04-10T16:37:01","slug":"price-commander-pour-woocommerce","status":"publish","type":"product","link":"https:\/\/gpl-love.com\/fr\/produit\/price-commander-pour-woocommerce\/","title":{"rendered":"Price Commander pour WooCommerce 1.3.2"},"content":{"rendered":"<h3>Price Commander pour WooCommerce Traits<\/h3>\n<p>Le commandant des prix de WooCommerce est un plugin remarquablement robuste qui vous accorde la possibilit\u00e9 de personnaliser et d&rsquo;adapter sans effort les prix et les remises pr\u00e9sent\u00e9s sur votre emporium num\u00e9rique. B\u00e9n\u00e9ficiant d&rsquo;un large \u00e9ventail de fonctionnalit\u00e9s, ce plugin vous permet d&rsquo;\u00e9tablir et de configurer des r\u00e9glementations et des directives de prix dynamiques qui d\u00e9pendent d&rsquo;une myriade de d\u00e9terminants tels que les cat\u00e9gories de produits, les r\u00f4les utilisateur, l&rsquo;historique d&rsquo;achat et bien d&rsquo;autres. En outre, ce plugin exceptionnel \u00e9tend sa polyvalence en fournissant une pl\u00e9thore d&rsquo;alternatives de r\u00e9duction flexibles, notamment des remises en pourcentage, des remises \u00e0 montants fixes et des promotions lucratives de l&rsquo;achat-one-one-one. Avec son interface utilisateur intuitivement con\u00e7ue, le commandant de prix simplifie le processus de gestion de vos strat\u00e9gies de tarification tout en vous offrant simultan\u00e9ment les moyens de surveiller et d&rsquo;\u00e9valuer m\u00e9ticuleusement l&rsquo;efficacit\u00e9 et la puissance de vos efforts promotionnels. Tout bien consid\u00e9r\u00e9, le commandant de prix assume incontestablement le manteau d&rsquo;\u00eatre un outil indispensable pour tout propri\u00e9taire de magasin WooCommerce qui aspire \u00e0 optimiser ses structures de prix, engendrer ainsi une augmentation substantielle de leurs chiffres de vente.<\/p>\n<ul>\n<li>Vous aide \u00e0 d\u00e9finir des r\u00e8gles de tarification dynamique pour votre boutique WooCommerce<\/li>\n<li>Automatise le processus d&rsquo;ajustement des prix en fonction de divers facteurs comme la dur\u00e9e de la commande, le nombre d&rsquo;articles et la fid\u00e9lit\u00e9 des clients<\/li>\n<li>Vous permet de d\u00e9finir des r\u00e9ductions et des balisages sur diff\u00e9rents produits ou cat\u00e9gories<\/li>\n<li>Facilite la cr\u00e9ation de bogo (acheter un obtenez-en un) et des ventes de regroupement<\/li>\n<li>Vous permet de configurer des ventes planifi\u00e9es, des ventes flash et des offres \u00e0 dur\u00e9e limit\u00e9e<\/li>\n<li>Fournit des rapports et des analyses d\u00e9taill\u00e9s afin que vous puissiez suivre le succ\u00e8s de vos strat\u00e9gies de tarification<\/li>\n<li>Int\u00e9gre parfaitement avec WooCommerce et fonctionne avec n&rsquo;importe quelle passerelle de paiement<\/li>\n<li>Compatible avec la version WordPress -6 et sup\u00e9rieure<\/li>\n<li>Soutenu par une \u00e9quipe de d\u00e9veloppeurs comp\u00e9tents qui fournissent un excellent support client<\/li>\n<\/ul>\n","protected":false},"excerpt":{"rendered":"<p>Le commandant des prix de WooCommerce est un outil exceptionnellement robuste et tr\u00e8s efficace qui vous donne la possibilit\u00e9 de g\u00e9rer et d&rsquo;exercer sans effort le contr\u00f4le de l&rsquo;ensemble de votre prix de produit dans votre boutique en ligne WooCommerce. Ce plugin exceptionnel vous permet de configurer et d&rsquo;\u00e9tablir une gamme de r\u00e8gles de tarification dynamique, de fabriquer et de construire sans effort des tables de prix compl\u00e8tes, d&rsquo;adopter et d&rsquo;appliquer des seuils de prix minimums et maximaux, et bien plus encore. Il repr\u00e9sente vraiment un instrument indispensable pour tout propri\u00e9taire de magasin de WooCommerce exigeant et astucieux qui aspire ardemment \u00e0 augmenter de fa\u00e7on exponentielle les chiffres de vente et \u00e0 optimiser superlativement les marges b\u00e9n\u00e9ficiaires. Ne perdez pas de temps \u00e0 l&rsquo;achat et \u00e0 l&rsquo;installation du commandant des prix aujourd&rsquo;hui et \u00e0 lui accorder l&rsquo;honneur distingu\u00e9 de la tenue m\u00e9ticuleusement de la supervision et de la supervision m\u00e9ticuleusement des nuances complexes de votre strat\u00e9gie de tarification \u00e9labor\u00e9e et compl\u00e8te!<\/p>\n","protected":false},"featured_media":145020,"comment_status":"open","ping_status":"open","template":"","meta":[],"product_brand":[2435],"product_cat":[1183,1182,1181],"product_tag":[1231],"class_list":{"0":"post-119551","1":"product","2":"type-product","3":"status-publish","4":"has-post-thumbnail","6":"product_brand-codecanyon","7":"product_cat-administration","8":"product_cat-commerce-electronique-plugins","9":"product_cat-plugins","10":"product_tag-codecanyon","11":"member-discount","12":"discount-restricted","14":"first","15":"instock","16":"sale","17":"downloadable","18":"virtual","19":"sold-individually","20":"purchasable","21":"product-type-simple"},"_links":{"self":[{"href":"https:\/\/gpl-love.com\/fr\/wp-json\/wp\/v2\/product\/119551","targetHints":{"allow":["GET"]}}],"collection":[{"href":"https:\/\/gpl-love.com\/fr\/wp-json\/wp\/v2\/product"}],"about":[{"href":"https:\/\/gpl-love.com\/fr\/wp-json\/wp\/v2\/types\/product"}],"replies":[{"embeddable":true,"href":"https:\/\/gpl-love.com\/fr\/wp-json\/wp\/v2\/comments?post=119551"}],"wp:featuredmedia":[{"embeddable":true,"href":"https:\/\/gpl-love.com\/fr\/wp-json\/wp\/v2\/media\/145020"}],"wp:attachment":[{"href":"https:\/\/gpl-love.com\/fr\/wp-json\/wp\/v2\/media?parent=119551"}],"wp:term":[{"taxonomy":"product_brand","embeddable":true,"href":"https:\/\/gpl-love.com\/fr\/wp-json\/wp\/v2\/product_brand?post=119551"},{"taxonomy":"product_cat","embeddable":true,"href":"https:\/\/gpl-love.com\/fr\/wp-json\/wp\/v2\/product_cat?post=119551"},{"taxonomy":"product_tag","embeddable":true,"href":"https:\/\/gpl-love.com\/fr\/wp-json\/wp\/v2\/product_tag?post=119551"}],"curies":[{"name":"wp","href":"https:\/\/api.w.org\/{rel}","templated":true}]}}