{"id":119549,"date":"2023-02-08T00:00:00","date_gmt":"2023-02-07T23:00:00","guid":{"rendered":"https:\/\/gpl-love.com\/fr\/produit\/martify-woocommerce-marketplace-wordpress-theme\/"},"modified":"2026-03-20T23:23:46","modified_gmt":"2026-03-20T22:23:46","slug":"martify-woocommerce-marketplace-wordpress-theme","status":"publish","type":"product","link":"https:\/\/gpl-love.com\/fr\/produit\/martify-woocommerce-marketplace-wordpress-theme\/","title":{"rendered":"Martify WooCommerce Marketplace WordPress Theme 2.1.3"},"content":{"rendered":"<h3>Martify WooCommerce Marketplace WordPress Theme Traits<\/h3>\n<p>Le th\u00e8me WordPress de Martify WooCommerce WordPress se pr\u00e9sente comme une solution optimale pour les particuliers et les entreprises qui cherchent \u00e0 cr\u00e9er un march\u00e9 en ligne qui est non seulement visuellement attrayant mais \u00e9galement convivial. Ce th\u00e8me a \u00e9t\u00e9 m\u00e9ticuleusement con\u00e7u pour r\u00e9pondre sp\u00e9cifiquement \u00e0 WooCommerce, qui se trouve \u00eatre le plugin de commerce \u00e9lectronique le plus largement adopt\u00e9 pour WordPress. Il poss\u00e8de une vaste gamme de fonctionnalit\u00e9s, qui contribuent toutes \u00e0 la cr\u00e9ation sans effort d&rsquo;un march\u00e9 en ligne de qualit\u00e9 professionnelle. Parmi ces fonctionnalit\u00e9s figurent la disponibilit\u00e9 de plusieurs conceptions de page d&rsquo;accueil, la possibilit\u00e9 de personnaliser les pages de produits en fonction des pr\u00e9f\u00e9rences individuelles et un tableau de bord complet qui rationalise efficacement la gestion des produits, des commandes et de la client\u00e8le. En outre, il convient de noter que Martify a \u00e9t\u00e9 efficacement optimis\u00e9 pour am\u00e9liorer la vitesse et les performances globales de votre site Web, facilitant ainsi une exp\u00e9rience de navigation transparente pour les visiteurs. En tirant parti du th\u00e8me WordPress de Martify WooCommerce Marketplace, on peut conclure que le processus de construction de leur propre march\u00e9 en ligne a \u00e9t\u00e9 effectivement simplifi\u00e9 \u00e0 un degr\u00e9 sans pr\u00e9c\u00e9dent.<\/p>\n<ul>\n<li>Design \u00e9l\u00e9gant et moderne pour pr\u00e9senter votre march\u00e9 en ligne<\/li>\n<li>Int\u00e9gration facile avec WooCommerce pour les ventes en ligne et la gestion des stocks sans couture<\/li>\n<li>Plusieurs dispositions de page d&rsquo;accueil au choix, y compris les options de pr\u00e9sentation de produits de premier plan et de cat\u00e9gories en vedette<\/li>\n<li>Options d&rsquo;affichage des produits flexibles, y compris les pages de produits personnalisables et les curseurs de produits<\/li>\n<li>Fonctionnalit\u00e9 de recherche compl\u00e8te pour aider les clients \u00e0 trouver les produits qu&rsquo;ils recherchent rapidement et facilement<\/li>\n<li>Prise en charge int\u00e9gr\u00e9e pour plusieurs m\u00e9thodes de paiement, y compris PayPal et Stripe, pour offrir une gamme d&rsquo;options de paiement aux clients<\/li>\n<li>Conception et compatibilit\u00e9 sensibles aux mobiles avec les navigateurs Web populaires pour vous assurer que votre site est accessible sur tous les appareils<\/li>\n<li>Options de personnalisation avanc\u00e9es, y compris la prise en charge des widgets personnalis\u00e9s, des polices, des couleurs et plus encore<\/li>\n<li>Syst\u00e8me d&rsquo;examen des clients pour encourager les commentaires des clients et stimuler la confiance dans votre march\u00e9 en ligne<\/li>\n<li>Documentation d\u00e9taill\u00e9e et support client pour vous aider \u00e0 configurer et \u00e0 personnaliser facilement votre site.<\/li>\n<\/ul>\n","protected":false},"excerpt":{"rendered":"<p>Le th\u00e8me WordPress de Martify WooCommerce Marketplace, caract\u00e9ris\u00e9 par son design \u00e9l\u00e9gant et convivial, a \u00e9t\u00e9 m\u00e9ticuleusement con\u00e7u dans le but sp\u00e9cifique d&rsquo;am\u00e9liorer les sites Web de commerce \u00e9lectronique. Il offre une pl\u00e9thore d&rsquo;options de personnalisation facilement accessibles, vous accordant ainsi la possibilit\u00e9 d&rsquo;adapter votre march\u00e9 en ligne \u00e0 vos sp\u00e9cifications exactes. De plus, en raison de son int\u00e9gration transparente avec la c\u00e9l\u00e8bre plate-forme WooCommerce, vous pouvez pr\u00e9senter sans effort vos produits et services de mani\u00e8re professionnelle et visuellement captivante. De plus, le th\u00e8me poss\u00e8de une disposition pleinement r\u00e9active, garantissant que votre site Web d\u00e9gage non seulement l&rsquo;attrait esth\u00e9tique, mais fonctionne \u00e9galement de mani\u00e8re transparente sur tous les appareils, quelle que soit la taille ou la r\u00e9solution d&rsquo;\u00e9cran. Que vous vous embarquiez simplement dans votre parcours num\u00e9rique ou que vous cherchiez \u00e0 insuffler une nouvelle vie dans votre boutique en ligne existante, le th\u00e8me WordPress Martify WooCommerce Market est l&rsquo;incarnation du choix id\u00e9al pour r\u00e9pondre \u00e0 vos exigences commerciales compl\u00e8tes.<\/p>\n","protected":false},"featured_media":144460,"comment_status":"open","ping_status":"open","template":"","meta":[],"product_brand":[2433],"product_cat":[1238,1851,1212],"product_tag":[1366],"class_list":{"0":"post-119549","1":"product","2":"type-product","3":"status-publish","4":"has-post-thumbnail","6":"product_brand-themeforest","7":"product_cat-commerce-electronique-themes","8":"product_cat-entreprise-commerce-electronique-themes","9":"product_cat-themes","10":"product_tag-themeforest","11":"member-discount","12":"discount-restricted","14":"first","15":"instock","16":"sale","17":"downloadable","18":"virtual","19":"sold-individually","20":"purchasable","21":"product-type-simple"},"_links":{"self":[{"href":"https:\/\/gpl-love.com\/fr\/wp-json\/wp\/v2\/product\/119549","targetHints":{"allow":["GET"]}}],"collection":[{"href":"https:\/\/gpl-love.com\/fr\/wp-json\/wp\/v2\/product"}],"about":[{"href":"https:\/\/gpl-love.com\/fr\/wp-json\/wp\/v2\/types\/product"}],"replies":[{"embeddable":true,"href":"https:\/\/gpl-love.com\/fr\/wp-json\/wp\/v2\/comments?post=119549"}],"wp:featuredmedia":[{"embeddable":true,"href":"https:\/\/gpl-love.com\/fr\/wp-json\/wp\/v2\/media\/144460"}],"wp:attachment":[{"href":"https:\/\/gpl-love.com\/fr\/wp-json\/wp\/v2\/media?parent=119549"}],"wp:term":[{"taxonomy":"product_brand","embeddable":true,"href":"https:\/\/gpl-love.com\/fr\/wp-json\/wp\/v2\/product_brand?post=119549"},{"taxonomy":"product_cat","embeddable":true,"href":"https:\/\/gpl-love.com\/fr\/wp-json\/wp\/v2\/product_cat?post=119549"},{"taxonomy":"product_tag","embeddable":true,"href":"https:\/\/gpl-love.com\/fr\/wp-json\/wp\/v2\/product_tag?post=119549"}],"curies":[{"name":"wp","href":"https:\/\/api.w.org\/{rel}","templated":true}]}}