{"id":119538,"date":"2022-04-28T00:00:00","date_gmt":"2022-04-27T22:00:00","guid":{"rendered":"https:\/\/gpl-love.com\/fr\/produit\/sport-wordpress-theme\/"},"modified":"2026-04-10T18:40:22","modified_gmt":"2026-04-10T16:40:22","slug":"sport-wordpress-theme","status":"publish","type":"product","link":"https:\/\/gpl-love.com\/fr\/produit\/sport-wordpress-theme\/","title":{"rendered":"Sport WordPress Theme 4.0.4"},"content":{"rendered":"<h3>Sport WordPress Theme Traits<\/h3>\n<p>Le th\u00e8me Sport WordPress est un th\u00e8me incroyablement polyvalent et de pointe qui a \u00e9t\u00e9 con\u00e7u de mani\u00e8re experte dans le seul but de r\u00e9pondre aux besoins des sites Web de sport. Il poss\u00e8de une vaste gamme de fonctionnalit\u00e9s et d&rsquo;options de personnalisation qui sont garanties pour vous accorder un contr\u00f4le complet sur l&rsquo;apparence et les performances de votre site Web. Notamment, ce th\u00e8me a \u00e9t\u00e9 m\u00e9ticuleusement con\u00e7u pour \u00eatre enti\u00e8rement r\u00e9actif et adapt\u00e9 aux mobiles, garantissant que votre contenu est affich\u00e9 de mani\u00e8re optimale et accessible de mani\u00e8re transparente sur tous les appareils. En outre, il pr\u00e9sente des fonctionnalit\u00e9s avanc\u00e9es, y compris la possibilit\u00e9 de personnaliser \u00e0 la fois l&rsquo;en-t\u00eate et le pied de page de votre site Web, la disponibilit\u00e9 des dispositions de plusieurs pages et un assortiment de widgets sp\u00e9cifiquement adapt\u00e9s pour faciliter la cr\u00e9ation d&rsquo;un site Web sportif impeccable. Le th\u00e8me Sport WordPress vous offre la possibilit\u00e9 d&rsquo;exposer sans effort votre \u00e9quipe, vos \u00e9v\u00e9nements et autres contenus li\u00e9s au sport de mani\u00e8re visuellement captivante et conviviale. Ainsi, que vous vous trouviez \u00e0 la t\u00eate d&rsquo;un blog sportif florissant ou que vous vous engagiez dans la gestion d&rsquo;une prestigieuse \u00e9quipe professionnelle, ce th\u00e8me englobe tous les composants essentiels n\u00e9cessaires pour fa\u00e7onner un site Web exquis et tr\u00e8s fonctionnel.<\/p>\n<ul>\n<li>Design propre et moderne parfait pour les sites Web li\u00e9s au sport<\/li>\n<li>Enti\u00e8rement r\u00e9actif et adapt\u00e9 aux mobiles, assurant une excellente exp\u00e9rience utilisateur sur tous les appareils<\/li>\n<li>Prend un large \u00e9ventail d&rsquo;options de personnalisation via WordPress Customizer<\/li>\n<li>Livr\u00e9 avec une vari\u00e9t\u00e9 de mod\u00e8les de page pr\u00e9d\u00e9finis pour une cr\u00e9ation de sites Web rapide et facile<\/li>\n<li>Comprend plusieurs widgets utiles pour ajouter du contenu li\u00e9 au sport \u00e0 votre site Web<\/li>\n<li>Compatible avec tous les principaux navigateurs, assurer une compatibilit\u00e9 transparente pour les visiteurs utilisant une vari\u00e9t\u00e9 d&rsquo;appareils<\/li>\n<li>Mises \u00e0 jour r\u00e9guli\u00e8res et assistance d\u00e9di\u00e9e pour vous assurer que votre site Web reste \u00e0 jour et sans bug<\/li>\n<li>Pr\u00e9-int\u00e9gr\u00e9 avec WooCommerce pour une impl\u00e9mentation de commerce \u00e9lectronique facile sur votre site Web sportif<\/li>\n<li>Codage de r\u00e9f\u00e9rencement pour une am\u00e9lioration de la visibilit\u00e9 et des classements du moteur de recherche<\/li>\n<li>Plusieurs sch\u00e9mas de couleurs disponibles pour vous aider \u00e0 \u00e9laborer un style visuel unique pour votre site Web.<\/li>\n<\/ul>\n","protected":false},"excerpt":{"rendered":"<p>La contribution est un th\u00e8me WordPress sportif qui poss\u00e8de un design \u00e9l\u00e9gant et moderne, ce qui en fait un choix id\u00e9al pour les athl\u00e8tes, les \u00e9quipes sportives, les blogueurs sportifs et les amateurs de sport. Sa conception enti\u00e8rement r\u00e9active garantit que votre site Web sera incroyablement attrayant sur n&rsquo;importe quel appareil, que ce soit un ordinateur de bureau ou un t\u00e9l\u00e9phone mobile. Offrant une pl\u00e9thore d&rsquo;options de mise en page, des widgets personnalis\u00e9s et un constructeur de pages convivial, les entr\u00e9es vous permettent de cr\u00e9er sans effort un site Web de sport sans faille sans avoir \u00e0 poss\u00e9der de comp\u00e9tences de codage. Que votre objectif soit de montrer vos r\u00e9alisations sportives impressionnantes, de partager des histoires personnelles captivantes ou de promouvoir des \u00e9v\u00e9nements et des produits passionnants, la contribution est le th\u00e8me ultime qui r\u00e9pond \u00e0 tous vos besoins. Ne manquez pas l&rsquo;opportunit\u00e9 d&rsquo;\u00e9lever votre site Web sportif vers de nouveaux sommets &#8211; acqu\u00e9rir des commentaires aujourd&rsquo;hui.<\/p>\n","protected":false},"featured_media":145313,"comment_status":"open","ping_status":"open","template":"","meta":[],"product_brand":[2459],"product_cat":[1242,1212,1213],"product_tag":[2274],"class_list":{"0":"post-119538","1":"product","2":"type-product","3":"status-publish","4":"has-post-thumbnail","6":"product_brand-visualmodo","7":"product_cat-creatif","8":"product_cat-themes","9":"product_cat-wordpress-themes","10":"product_tag-visualmodo","11":"member-discount","12":"discount-restricted","14":"first","15":"instock","16":"sale","17":"downloadable","18":"virtual","19":"sold-individually","20":"purchasable","21":"product-type-simple"},"_links":{"self":[{"href":"https:\/\/gpl-love.com\/fr\/wp-json\/wp\/v2\/product\/119538","targetHints":{"allow":["GET"]}}],"collection":[{"href":"https:\/\/gpl-love.com\/fr\/wp-json\/wp\/v2\/product"}],"about":[{"href":"https:\/\/gpl-love.com\/fr\/wp-json\/wp\/v2\/types\/product"}],"replies":[{"embeddable":true,"href":"https:\/\/gpl-love.com\/fr\/wp-json\/wp\/v2\/comments?post=119538"}],"wp:featuredmedia":[{"embeddable":true,"href":"https:\/\/gpl-love.com\/fr\/wp-json\/wp\/v2\/media\/145313"}],"wp:attachment":[{"href":"https:\/\/gpl-love.com\/fr\/wp-json\/wp\/v2\/media?parent=119538"}],"wp:term":[{"taxonomy":"product_brand","embeddable":true,"href":"https:\/\/gpl-love.com\/fr\/wp-json\/wp\/v2\/product_brand?post=119538"},{"taxonomy":"product_cat","embeddable":true,"href":"https:\/\/gpl-love.com\/fr\/wp-json\/wp\/v2\/product_cat?post=119538"},{"taxonomy":"product_tag","embeddable":true,"href":"https:\/\/gpl-love.com\/fr\/wp-json\/wp\/v2\/product_tag?post=119538"}],"curies":[{"name":"wp","href":"https:\/\/api.w.org\/{rel}","templated":true}]}}